{"id":10069,"date":"2024-10-12T14:24:16","date_gmt":"2024-10-12T12:24:16","guid":{"rendered":"https:\/\/nordic-chefs.com\/?post_type=product&#038;p=10069"},"modified":"2025-11-28T15:18:10","modified_gmt":"2025-11-28T13:18:10","slug":"molde-de-disco-liso","status":"publish","type":"product","link":"https:\/\/nordic-chefs.com\/es\/shop\/plain-disk-mold\/","title":{"rendered":"Molde de disco liso"},"content":{"rendered":"<p>Nuestro molde de disco liso est\u00e1 dise\u00f1ado para los chefs que consideran que los moldes de disco tradicionales son demasiado grandes para sus necesidades, pero \u00e9ste es diferente. Con un tama\u00f1o preciso de 80 mm de di\u00e1metro y 15 mm de altura, es la elecci\u00f3n perfecta para crear postres elegantes y perfectamente porcionados en todo momento.<\/p>\n<p>Dise\u00f1ado y producido en Dinamarca, fabricado con silicona alimentaria 100%.<\/p>\n<p>Cada pedido incluye 1 molde de silicona con 3 moldes de disco liso, capaces de soportar temperaturas de -50C a +250C.<\/p>\n<p><strong>\u00a0<\/strong><\/p>","protected":false},"excerpt":{"rendered":"<p style=\"text-align: center;\">Nuestro molde de disco liso est\u00e1 dise\u00f1ado para los chefs que consideran que los moldes de disco tradicionales son demasiado grandes para sus necesidades, pero \u00e9ste es diferente. Con un tama\u00f1o preciso de 80 mm de di\u00e1metro y 15 mm de altura, es la elecci\u00f3n perfecta para crear postres elegantes y perfectamente porcionados en todo momento.<\/p>","protected":false},"featured_media":14883,"template":"","meta":{"_acf_changed":false,"_seopress_robots_primary_cat":"none","_seopress_titles_title":"Plain Disk silicone mold for creating desserts for chefs","_seopress_titles_desc":"Create stunning desserts with our smaller disk mold - perfect for restaurants like desserts that needs the simplistic look. perfect for any desserts","_seopress_robots_index":""},"product_brand":[],"product_cat":[91,104],"product_tag":[128,129],"class_list":{"0":"post-10069","1":"product","2":"type-product","3":"status-publish","4":"has-post-thumbnail","6":"product_cat-silicone-molds","7":"product_cat-silicone-molds-3d","8":"product_tag-molds","9":"product_tag-silicone","10":"product-type-simple","11":"tm-no-options","13":"first","14":"instock","15":"taxable","16":"shipping-taxable","17":"purchasable"},"acf":[],"_links":{"self":[{"href":"https:\/\/nordic-chefs.com\/es\/wp-json\/wp\/v2\/product\/10069","targetHints":{"allow":["GET"]}}],"collection":[{"href":"https:\/\/nordic-chefs.com\/es\/wp-json\/wp\/v2\/product"}],"about":[{"href":"https:\/\/nordic-chefs.com\/es\/wp-json\/wp\/v2\/types\/product"}],"version-history":[{"count":0,"href":"https:\/\/nordic-chefs.com\/es\/wp-json\/wp\/v2\/product\/10069\/revisions"}],"wp:featuredmedia":[{"embeddable":true,"href":"https:\/\/nordic-chefs.com\/es\/wp-json\/wp\/v2\/media\/14883"}],"wp:attachment":[{"href":"https:\/\/nordic-chefs.com\/es\/wp-json\/wp\/v2\/media?parent=10069"}],"wp:term":[{"taxonomy":"product_brand","embeddable":true,"href":"https:\/\/nordic-chefs.com\/es\/wp-json\/wp\/v2\/product_brand?post=10069"},{"taxonomy":"product_cat","embeddable":true,"href":"https:\/\/nordic-chefs.com\/es\/wp-json\/wp\/v2\/product_cat?post=10069"},{"taxonomy":"product_tag","embeddable":true,"href":"https:\/\/nordic-chefs.com\/es\/wp-json\/wp\/v2\/product_tag?post=10069"}],"curies":[{"name":"wp","href":"https:\/\/api.w.org\/{rel}","templated":true}]}}