{"id":10807,"date":"2024-12-19T16:27:49","date_gmt":"2024-12-19T14:27:49","guid":{"rendered":"https:\/\/nordic-chefs.com\/?post_type=product&#038;p=10807"},"modified":"2026-05-04T10:22:16","modified_gmt":"2026-05-04T08:22:16","slug":"set-tartelette-clasico","status":"publish","type":"product","link":"https:\/\/nordic-chefs.com\/es\/shop\/classic-tartelette-set\/","title":{"rendered":"Set Tartelette cl\u00e1sico"},"content":{"rendered":"<p>Este molde de silicona facilita la creaci\u00f3n de cinco tartaletas cl\u00e1sicas de una sola vez. El set incluye un cortador para adaptar perfectamente la masa al molde, garantizando siempre unos resultados excelentes.<\/p>\n<p>Fabricado en silicona alimentaria 100%, el molde es duradero y vers\u00e1til, capaz de soportar temperaturas de -50\u00b0C a +250\u00b0C. Es apto para su uso en hornos, congeladores y congelaci\u00f3n de choque, por lo que es perfecto para un aperitivo crujiente.<\/p>\n<p>Dise\u00f1ado y fabricado en Dinamarca, el <em>Set Tartelette cl\u00e1sico<\/em> es una forma apreciada por muchos que desean crear aperitivos de calidad con facilidad.<\/p>\n<p>&nbsp;<\/p>","protected":false},"excerpt":{"rendered":"<p>En <em>Set Tartelette cl\u00e1sico<\/em> facilita la creaci\u00f3n de cinco tarteletas perfectas en una sola tanda. Con un cortador incluido para un dimensionamiento preciso de la masa, garantiza resultados uniformes y profesionales cada vez.<\/p>\n<p><strong data-start=\"0\" data-end=\"15\" data-is-only-node=\"\">Dimensiones:<\/strong><br data-start=\"15\" data-end=\"18\" \/>Top diameter: 3.5 cm<br data-start=\"38\" data-end=\"41\" \/>Bottom diameter: 2.5 cm<br data-start=\"64\" data-end=\"67\" \/>Height: 1.9 cm<\/p>","protected":false},"featured_media":14862,"template":"","meta":{"_acf_changed":false,"_seopress_robots_primary_cat":"none","_seopress_titles_title":"Classic Tartelette Set - Made in Denmark for Chefs","_seopress_titles_desc":"Make 5 classic tartelettes easily with our iconiq dark forest green silicone mold. Includes a dough cutter for precise results.","_seopress_robots_index":"","wprm-recipe-roundup-name":"","wprm-recipe-roundup-description":""},"product_brand":[],"product_cat":[91,136],"product_tag":[142,144,128,141,143,120,140],"class_list":{"0":"post-10807","1":"product","2":"type-product","3":"status-publish","4":"has-post-thumbnail","6":"product_cat-silicone-molds","7":"product_cat-tartelette-silicone-molds","8":"product_tag-classic","9":"product_tag-crispy","10":"product_tag-molds","11":"product_tag-siliconemold","12":"product_tag-snack","13":"product_tag-snacks","14":"product_tag-tartelette","15":"product-type-simple","16":"tm-no-options","18":"first","19":"instock","20":"taxable","21":"shipping-taxable","22":"purchasable"},"acf":[],"_links":{"self":[{"href":"https:\/\/nordic-chefs.com\/es\/wp-json\/wp\/v2\/product\/10807","targetHints":{"allow":["GET"]}}],"collection":[{"href":"https:\/\/nordic-chefs.com\/es\/wp-json\/wp\/v2\/product"}],"about":[{"href":"https:\/\/nordic-chefs.com\/es\/wp-json\/wp\/v2\/types\/product"}],"version-history":[{"count":3,"href":"https:\/\/nordic-chefs.com\/es\/wp-json\/wp\/v2\/product\/10807\/revisions"}],"predecessor-version":[{"id":20351,"href":"https:\/\/nordic-chefs.com\/es\/wp-json\/wp\/v2\/product\/10807\/revisions\/20351"}],"wp:featuredmedia":[{"embeddable":true,"href":"https:\/\/nordic-chefs.com\/es\/wp-json\/wp\/v2\/media\/14862"}],"wp:attachment":[{"href":"https:\/\/nordic-chefs.com\/es\/wp-json\/wp\/v2\/media?parent=10807"}],"wp:term":[{"taxonomy":"product_brand","embeddable":true,"href":"https:\/\/nordic-chefs.com\/es\/wp-json\/wp\/v2\/product_brand?post=10807"},{"taxonomy":"product_cat","embeddable":true,"href":"https:\/\/nordic-chefs.com\/es\/wp-json\/wp\/v2\/product_cat?post=10807"},{"taxonomy":"product_tag","embeddable":true,"href":"https:\/\/nordic-chefs.com\/es\/wp-json\/wp\/v2\/product_tag?post=10807"}],"curies":[{"name":"wp","href":"https:\/\/api.w.org\/{rel}","templated":true}]}}