{"id":11720,"date":"2025-02-14T12:17:15","date_gmt":"2025-02-14T10:17:15","guid":{"rendered":"https:\/\/nordic-chefs.com\/?post_type=product&#038;p=11720"},"modified":"2026-02-20T23:41:41","modified_gmt":"2026-02-20T21:41:41","slug":"margarita-tuile","status":"publish","type":"product","link":"https:\/\/nordic-chefs.com\/es\/shop\/daisy-tuile\/","title":{"rendered":"Daisy Teja"},"content":{"rendered":"<p class=\"p1\">Nuestro tuile Daisy le permite crear seis tuiles de flores a la vez con un tama\u00f1o de 6 cm de di\u00e1metro. Su elegante dise\u00f1o hace que este molde sea vers\u00e1til para elaborar bonitos moldes de flores para un aperitivo o para poner sobre un postre. Dise\u00f1ado y fabricado en Dinamarca, est\u00e1 hecho de silicona alimentaria 100% en nuestro caracter\u00edstico verde bosque oscuro, que refleja el paisaje n\u00f3rdico. Estos duraderos moldes de silicona para hornear pueden soportar temperaturas de entre -50\u00b0C y +250\u00b0C, ideales para usar en cualquier congelador u horno.<\/p>","protected":false},"excerpt":{"rendered":"<p>Our Daisy mold lets you bake six flower tuille at once. Perfectly suited for any tuile recipe. Made from 100% food-grade silicone, it&#8217;s durable and temperature-resistant from -50\u00b0C to +250\u00b0C, making it a must-have for any baking enthusiast seeking quality and durability in silicone baking molds.<\/p>","protected":false},"featured_media":14894,"template":"","meta":{"_acf_changed":false,"_seopress_robots_primary_cat":"none","_seopress_titles_title":"Daisy Tuile silicone molds \u2013 Made in Denmark for chefs","_seopress_titles_desc":"Create stunning flower tuiles with our Flower Silicone Mold. Perfect for all tuile recipes, snacks or just to put your final touch on a dessert!","_seopress_robots_index":""},"product_brand":[],"product_cat":[91,102],"product_tag":[],"class_list":{"0":"post-11720","1":"product","2":"type-product","3":"status-publish","4":"has-post-thumbnail","6":"product_cat-silicone-molds","7":"product_cat-silicone-molds-2d","8":"product-type-simple","9":"tm-no-options","11":"first","12":"instock","13":"taxable","14":"shipping-taxable","15":"purchasable"},"acf":[],"_links":{"self":[{"href":"https:\/\/nordic-chefs.com\/es\/wp-json\/wp\/v2\/product\/11720","targetHints":{"allow":["GET"]}}],"collection":[{"href":"https:\/\/nordic-chefs.com\/es\/wp-json\/wp\/v2\/product"}],"about":[{"href":"https:\/\/nordic-chefs.com\/es\/wp-json\/wp\/v2\/types\/product"}],"version-history":[{"count":0,"href":"https:\/\/nordic-chefs.com\/es\/wp-json\/wp\/v2\/product\/11720\/revisions"}],"wp:featuredmedia":[{"embeddable":true,"href":"https:\/\/nordic-chefs.com\/es\/wp-json\/wp\/v2\/media\/14894"}],"wp:attachment":[{"href":"https:\/\/nordic-chefs.com\/es\/wp-json\/wp\/v2\/media?parent=11720"}],"wp:term":[{"taxonomy":"product_brand","embeddable":true,"href":"https:\/\/nordic-chefs.com\/es\/wp-json\/wp\/v2\/product_brand?post=11720"},{"taxonomy":"product_cat","embeddable":true,"href":"https:\/\/nordic-chefs.com\/es\/wp-json\/wp\/v2\/product_cat?post=11720"},{"taxonomy":"product_tag","embeddable":true,"href":"https:\/\/nordic-chefs.com\/es\/wp-json\/wp\/v2\/product_tag?post=11720"}],"curies":[{"name":"wp","href":"https:\/\/api.w.org\/{rel}","templated":true}]}}