{"id":12147,"date":"2025-02-24T12:28:45","date_gmt":"2025-02-24T10:28:45","guid":{"rendered":"https:\/\/nordic-chefs.com\/?post_type=product&#038;p=12147"},"modified":"2025-10-15T15:50:25","modified_gmt":"2025-10-15T13:50:25","slug":"tartaleta-de-cola-de-langosta-grande","status":"publish","type":"product","link":"https:\/\/nordic-chefs.com\/es\/shop\/lobster-tail-tartellet-large\/","title":{"rendered":"Tartaleta de cola de langosta - Grande"},"content":{"rendered":"<p class=\"p1\">Nuestra tartaleta de cola de langosta, le permite crear una sola cola de langosta a la vez. Su dise\u00f1o hace que este molde sea vers\u00e1til tanto para hacer una tartaleta como aperitivo de marisco o como molde de postre. El producto contiene 3 cosas para un uso \u00f3ptimo. Molde de langosta, presse de langosta y un cortador de langosta. Nuestros moldes est\u00e1n dise\u00f1ados y producidos en Dinamarca y fabricados con silicona alimentaria 100% en nuestro caracter\u00edstico color verde bosque oscuro, que refleja el paisaje n\u00f3rdico. Estos resistentes moldes de silicona para hornear pueden soportar temperaturas de -50\u00b0C a +250\u00b0C, ideales para usar en cualquier congelador u horno.<\/p>","protected":false},"excerpt":{"rendered":"<p>Our Lobster Tail tartelette, lets you create one single Lobster tail at a time. Its design makes this mold versatile for making both a tartelette as a seafood snack or as a dessert mold. The product contains 3 things for optimal use. Lobster mold, Lobster presse and a Lobster cutter. Our molds are designed and [&hellip;]<\/p>\n","protected":false},"featured_media":14866,"template":"","meta":{"_acf_changed":false,"_seopress_robots_primary_cat":"none","_seopress_titles_title":"Silicone Molds With Lobster Cutter For Unique Baking","_seopress_titles_desc":"Perfect your seafood or dessert presentation using our silicone molds, lobster cutter, and press. Creative baking starts with the right tools.","_seopress_robots_index":""},"product_brand":[],"product_cat":[91,104,136],"product_tag":[],"class_list":{"0":"post-12147","1":"product","2":"type-product","3":"status-publish","4":"has-post-thumbnail","6":"product_cat-silicone-molds","7":"product_cat-silicone-molds-3d","8":"product_cat-tartelette-silicone-molds","9":"product-type-simple","10":"tm-no-options","12":"first","13":"instock","14":"featured","15":"taxable","16":"shipping-taxable","17":"purchasable"},"acf":[],"_links":{"self":[{"href":"https:\/\/nordic-chefs.com\/es\/wp-json\/wp\/v2\/product\/12147","targetHints":{"allow":["GET"]}}],"collection":[{"href":"https:\/\/nordic-chefs.com\/es\/wp-json\/wp\/v2\/product"}],"about":[{"href":"https:\/\/nordic-chefs.com\/es\/wp-json\/wp\/v2\/types\/product"}],"version-history":[{"count":0,"href":"https:\/\/nordic-chefs.com\/es\/wp-json\/wp\/v2\/product\/12147\/revisions"}],"wp:featuredmedia":[{"embeddable":true,"href":"https:\/\/nordic-chefs.com\/es\/wp-json\/wp\/v2\/media\/14866"}],"wp:attachment":[{"href":"https:\/\/nordic-chefs.com\/es\/wp-json\/wp\/v2\/media?parent=12147"}],"wp:term":[{"taxonomy":"product_brand","embeddable":true,"href":"https:\/\/nordic-chefs.com\/es\/wp-json\/wp\/v2\/product_brand?post=12147"},{"taxonomy":"product_cat","embeddable":true,"href":"https:\/\/nordic-chefs.com\/es\/wp-json\/wp\/v2\/product_cat?post=12147"},{"taxonomy":"product_tag","embeddable":true,"href":"https:\/\/nordic-chefs.com\/es\/wp-json\/wp\/v2\/product_tag?post=12147"}],"curies":[{"name":"wp","href":"https:\/\/api.w.org\/{rel}","templated":true}]}}