{"id":1232,"date":"2023-06-15T17:38:48","date_gmt":"2023-06-15T15:38:48","guid":{"rendered":"https:\/\/nordic-chefs.gullevdesigns.studio\/?post_type=product&#038;p=1232"},"modified":"2026-04-04T22:35:43","modified_gmt":"2026-04-04T20:35:43","slug":"nordic-chefs-cuchillo-de-cocinero-21cm","status":"publish","type":"product","link":"https:\/\/nordic-chefs.com\/es\/shop\/nordic-chefs-chefs-knife-21cm\/","title":{"rendered":"Nordic Chefs - Cuchillo de Chef 20 cm"},"content":{"rendered":"<p><strong>Calidad y nitidez sin concesiones<\/strong><br \/>\nFabricado en <strong>acero inoxidable alem\u00e1n 1.4116<\/strong>, nuestro <strong>Cuchillo de Chef 20cm<\/strong> est\u00e1 dise\u00f1ado para realizar con facilidad todas las tareas cotidianas de la cocina. El acero se somete a un tratamiento de alta temperatura, garantizando una dureza de <strong>56-58 HRC<\/strong> que conserva un filo de navaja. Su <strong>\u00c1ngulo de doble bisel de 15<\/strong> permite cortar con precisi\u00f3n y sin esfuerzo, mientras que el <strong>mango ergon\u00f3mico de \u00e9bano<\/strong> proporciona un agarre seguro.<\/p>\n<p><strong>Caracter\u00edsticas principales<\/strong><\/p>\n<ul>\n<li><strong>Acero alem\u00e1n de primera calidad<\/strong>: Resistente a la corrosi\u00f3n y f\u00e1cil de mantener.<\/li>\n<li><strong>Excepcional retenci\u00f3n de cantos<\/strong>: Disfrute de meses de nitidez antes de un simple reafilado.<\/li>\n<li><strong>Mango ergon\u00f3mico de \u00e9bano<\/strong>: Dise\u00f1o equilibrado para chefs profesionales o dom\u00e9sticos.<\/li>\n<li><strong>Rendimiento vers\u00e1til<\/strong>: Ideal para verduras, carnes y mucho m\u00e1s.<\/li>\n<\/ul>\n<blockquote><p>\"La buena calidad no tiene por qu\u00e9 costar una fortuna. Estos son cuchillos de trabajo de buen aspecto y calidad para el uso diario\".<\/p><\/blockquote>","protected":false},"excerpt":{"rendered":"<p style=\"text-align: center\">El Cuchillo de Chef Nordic Chefs es una herramienta ideal para tareas de cocina m\u00e1s grandes, como la preparaci\u00f3n de asados y el corte de verduras de mayor tama\u00f1o. Su tama\u00f1o y peso lo hacen perfecto para este tipo de trabajos. Fabricado en acero inoxidable alem\u00e1n 1.4116, este cuchillo cuenta con una calificaci\u00f3n de dureza de 56-58 HRC, un dise\u00f1o \u00fanico y un filo afilado como una navaja con un \u00e1ngulo de 15 grados en ambos lados. Tambi\u00e9n es resistente al \u00f3xido y a la corrosi\u00f3n, asegurando durabilidad y un rendimiento fiable. En general, el Cuchillo de Chef Nordic Chef es una herramienta de cocina fiable y vers\u00e1til, ideal para tareas de cocina m\u00e1s grandes.<\/p>","protected":false},"featured_media":11135,"template":"","meta":{"_acf_changed":false,"_seopress_robots_primary_cat":"none","_seopress_titles_title":"Professional & sharp Chef Knife in Premium German Steel","_seopress_titles_desc":"Elevate your cooking with our 20 cm Chef Knife. Our kitchen knife offers a perfectly balanced ebony handle for effortless slicing and dicing.","_seopress_robots_index":"","wprm-recipe-roundup-name":"","wprm-recipe-roundup-description":""},"product_brand":[],"product_cat":[15],"product_tag":[],"class_list":{"0":"post-1232","1":"product","2":"type-product","3":"status-publish","4":"has-post-thumbnail","6":"product_cat-ukategoriseret","7":"product-type-simple","8":"tm-no-options","10":"first","11":"instock","12":"taxable","13":"shipping-taxable","14":"purchasable"},"acf":[],"_links":{"self":[{"href":"https:\/\/nordic-chefs.com\/es\/wp-json\/wp\/v2\/product\/1232","targetHints":{"allow":["GET"]}}],"collection":[{"href":"https:\/\/nordic-chefs.com\/es\/wp-json\/wp\/v2\/product"}],"about":[{"href":"https:\/\/nordic-chefs.com\/es\/wp-json\/wp\/v2\/types\/product"}],"version-history":[{"count":1,"href":"https:\/\/nordic-chefs.com\/es\/wp-json\/wp\/v2\/product\/1232\/revisions"}],"predecessor-version":[{"id":19888,"href":"https:\/\/nordic-chefs.com\/es\/wp-json\/wp\/v2\/product\/1232\/revisions\/19888"}],"wp:featuredmedia":[{"embeddable":true,"href":"https:\/\/nordic-chefs.com\/es\/wp-json\/wp\/v2\/media\/11135"}],"wp:attachment":[{"href":"https:\/\/nordic-chefs.com\/es\/wp-json\/wp\/v2\/media?parent=1232"}],"wp:term":[{"taxonomy":"product_brand","embeddable":true,"href":"https:\/\/nordic-chefs.com\/es\/wp-json\/wp\/v2\/product_brand?post=1232"},{"taxonomy":"product_cat","embeddable":true,"href":"https:\/\/nordic-chefs.com\/es\/wp-json\/wp\/v2\/product_cat?post=1232"},{"taxonomy":"product_tag","embeddable":true,"href":"https:\/\/nordic-chefs.com\/es\/wp-json\/wp\/v2\/product_tag?post=1232"}],"curies":[{"name":"wp","href":"https:\/\/api.w.org\/{rel}","templated":true}]}}