{"id":1233,"date":"2023-06-15T15:38:49","date_gmt":"2023-06-15T15:38:49","guid":{"rendered":"https:\/\/nordic-chefs.gullevdesigns.studio\/?post_type=product&#038;p=1233"},"modified":"2026-04-04T22:36:04","modified_gmt":"2026-04-04T20:36:04","slug":"cuchillo-multiusos-nordic-chefs","status":"publish","type":"product","link":"https:\/\/nordic-chefs.com\/es\/shop\/nordic-chefs-utility-knife\/","title":{"rendered":"Nordic Chefs - Cuchillo multiusos 14 cm"},"content":{"rendered":"<p><strong>Pr\u00e1ctico y preciso<\/strong><br \/>\nIdeal para rebanar frutas, cortar carnes o realizar preparaciones r\u00e1pidas en la cocina, el <strong>Cuchillo universal 14cm<\/strong> combina <strong>alto rendimiento<\/strong> con un dise\u00f1o compacto. Fabricado en <strong>acero inoxidable alem\u00e1n 1.4116<\/strong>mantiene el filo durante meses, y su <strong>mango ligero de \u00e9bano<\/strong> le ofrece un control total. Tanto si explora nuevos <strong>tipos de cuchillo de cocinero<\/strong> o simplemente necesita un <strong>cuchillo multiusos chef<\/strong> para el d\u00eda a d\u00eda, \u00e9ste encaja a la perfecci\u00f3n.<\/p>\n<p><strong>Caracter\u00edsticas principales<\/strong><\/p>\n<ul>\n<li><strong>Versatilidad compacta<\/strong>: Tama\u00f1o pr\u00e1ctico para trabajos de preparaci\u00f3n detallados.<\/li>\n<li><strong>Acero de gama alta<\/strong>: Duradero y resistente al \u00f3xido.<\/li>\n<li><strong>Mango ergon\u00f3mico de \u00e9bano<\/strong>: Sujeci\u00f3n segura para un corte de precisi\u00f3n.<\/li>\n<li><strong>F\u00e1cil de mantener<\/strong>: Un simple lavado a mano mantiene su mejor aspecto y rendimiento.<\/li>\n<\/ul>\n<blockquote><p>\"Tanto el chef profesional como el aficionado feliz, encontrar\u00e1 en estos cuchillos el compa\u00f1ero perfecto\".<\/p><\/blockquote>","protected":false},"excerpt":{"rendered":"<p><strong>Pr\u00e1ctico y preciso<\/strong><br \/>\nIdeal para rebanar frutas, cortar carnes o realizar preparaciones r\u00e1pidas en la cocina, el <strong>Cuchillo universal 14cm<\/strong> combina <strong>alto rendimiento<\/strong> con un dise\u00f1o compacto. Fabricado en <strong>acero inoxidable alem\u00e1n 1.4116<\/strong>mantiene el filo durante meses, y su <strong>mango ligero de \u00e9bano<\/strong> le ofrece un control total. Tanto si explora nuevos <strong>tipos de cuchillo de cocinero<\/strong> o simplemente necesita un <strong>cuchillo multiusos chef<\/strong> para el d\u00eda a d\u00eda, \u00e9ste encaja a la perfecci\u00f3n.<\/p>\n<p><strong>Caracter\u00edsticas principales<\/strong><\/p>\n<ul>\n<li><strong>Versatilidad compacta<\/strong>: Tama\u00f1o pr\u00e1ctico para trabajos de preparaci\u00f3n detallados.<\/li>\n<li><strong>Acero de gama alta<\/strong>: Duradero y resistente al \u00f3xido.<\/li>\n<li><strong>Mango ergon\u00f3mico de \u00e9bano<\/strong>: Sujeci\u00f3n segura para un corte de precisi\u00f3n.<\/li>\n<li><strong>F\u00e1cil de mantener<\/strong>: Un simple lavado a mano mantiene su mejor aspecto y rendimiento.<\/li>\n<\/ul>\n<blockquote><p>\"Tanto el chef profesional como el aficionado feliz, encontrar\u00e1 en estos cuchillos el compa\u00f1ero perfecto\".<\/p><\/blockquote>","protected":false},"featured_media":11136,"template":"","meta":{"_acf_changed":false,"_seopress_robots_primary_cat":"none","_seopress_titles_title":"Nordic Chefs 14cm Utility Knife a precise tool for all chefs","_seopress_titles_desc":"Handles mall kitchen tasks with ease using the 14 cm utility Knife. Made from German 1.4116 steel, its perfect in any kitchen, for chefs and home chefs","_seopress_robots_index":"","wprm-recipe-roundup-name":"","wprm-recipe-roundup-description":""},"product_brand":[],"product_cat":[15],"product_tag":[],"class_list":{"0":"post-1233","1":"product","2":"type-product","3":"status-publish","4":"has-post-thumbnail","6":"product_cat-ukategoriseret","7":"product-type-simple","8":"tm-no-options","10":"first","11":"instock","12":"taxable","13":"shipping-taxable","14":"purchasable"},"acf":[],"_links":{"self":[{"href":"https:\/\/nordic-chefs.com\/es\/wp-json\/wp\/v2\/product\/1233","targetHints":{"allow":["GET"]}}],"collection":[{"href":"https:\/\/nordic-chefs.com\/es\/wp-json\/wp\/v2\/product"}],"about":[{"href":"https:\/\/nordic-chefs.com\/es\/wp-json\/wp\/v2\/types\/product"}],"version-history":[{"count":0,"href":"https:\/\/nordic-chefs.com\/es\/wp-json\/wp\/v2\/product\/1233\/revisions"}],"wp:featuredmedia":[{"embeddable":true,"href":"https:\/\/nordic-chefs.com\/es\/wp-json\/wp\/v2\/media\/11136"}],"wp:attachment":[{"href":"https:\/\/nordic-chefs.com\/es\/wp-json\/wp\/v2\/media?parent=1233"}],"wp:term":[{"taxonomy":"product_brand","embeddable":true,"href":"https:\/\/nordic-chefs.com\/es\/wp-json\/wp\/v2\/product_brand?post=1233"},{"taxonomy":"product_cat","embeddable":true,"href":"https:\/\/nordic-chefs.com\/es\/wp-json\/wp\/v2\/product_cat?post=1233"},{"taxonomy":"product_tag","embeddable":true,"href":"https:\/\/nordic-chefs.com\/es\/wp-json\/wp\/v2\/product_tag?post=1233"}],"curies":[{"name":"wp","href":"https:\/\/api.w.org\/{rel}","templated":true}]}}