{"id":1242,"date":"2023-06-15T15:38:49","date_gmt":"2023-06-15T15:38:49","guid":{"rendered":"https:\/\/nordic-chefs.gullevdesigns.studio\/?post_type=product&#038;p=1242"},"modified":"2025-08-18T15:47:14","modified_gmt":"2025-08-18T13:47:14","slug":"quenelle-cuchara-curvey-l","status":"publish","type":"product","link":"https:\/\/nordic-chefs.com\/es\/shop\/quenelle-spoon-curvey-l\/","title":{"rendered":"Quenelle Cuchara Curvey L - Negro Azabache"},"content":{"rendered":"<p>Sum\u00e9rjase en la sofisticaci\u00f3n y la funcionalidad con la cuchara Rocher de mango curvo, que mide 20 cm de longitud. Esta cuchara quenelle est\u00e1 fabricada en acero inoxidable de alta calidad y recubierta de nuestro color Jet Black.<\/p>\n<p>La Cuchara Rocher no s\u00f3lo es un complemento visualmente impresionante para su cocina, sino que su forma \u00fanica est\u00e1 dise\u00f1ada espec\u00edficamente para elevar sus creaciones culinarias, permiti\u00e9ndole producir hermosas cucharas rocher formadas que impresionar\u00e1n a todos en la mesa.<\/p>\n<p>Esta cuchara es la preferida de muchos chefs de la industria de los postres, y es una herramienta imprescindible en cualquier cocina que pretenda alcanzar la excelencia en la elaboraci\u00f3n de postres.<\/p>","protected":false},"excerpt":{"rendered":"<p>Immerse yourself in sophistication and functionality with the Curvey Handle Rocher spoon, measuring 20cm in length. This quenelle spoon is crafted from high a quality stainless steel and coated with our Jet Black color. Not only is the Rocher Spoon a visually stunning addition to your kitchen, but its unique shape is specifically designed to [&hellip;]<\/p>\n","protected":false},"featured_media":10062,"template":"","meta":{"_acf_changed":false,"_seopress_robots_primary_cat":"none","_seopress_titles_title":"Quenelle Spoon curvey - for perfect quenelle scoops","_seopress_titles_desc":"Improve your chef skills with our 20cm quenelle spoon made from top-grade stainless steel. Its jet black finish adds elegance to every scoop.","_seopress_robots_index":""},"product_brand":[],"product_cat":[22],"product_tag":[],"class_list":{"0":"post-1242","1":"product","2":"type-product","3":"status-publish","4":"has-post-thumbnail","6":"product_cat-quenelle-spoon","7":"product-type-simple","8":"tm-no-options","10":"first","11":"instock","12":"taxable","13":"shipping-taxable","14":"purchasable"},"acf":[],"_links":{"self":[{"href":"https:\/\/nordic-chefs.com\/es\/wp-json\/wp\/v2\/product\/1242","targetHints":{"allow":["GET"]}}],"collection":[{"href":"https:\/\/nordic-chefs.com\/es\/wp-json\/wp\/v2\/product"}],"about":[{"href":"https:\/\/nordic-chefs.com\/es\/wp-json\/wp\/v2\/types\/product"}],"version-history":[{"count":0,"href":"https:\/\/nordic-chefs.com\/es\/wp-json\/wp\/v2\/product\/1242\/revisions"}],"wp:featuredmedia":[{"embeddable":true,"href":"https:\/\/nordic-chefs.com\/es\/wp-json\/wp\/v2\/media\/10062"}],"wp:attachment":[{"href":"https:\/\/nordic-chefs.com\/es\/wp-json\/wp\/v2\/media?parent=1242"}],"wp:term":[{"taxonomy":"product_brand","embeddable":true,"href":"https:\/\/nordic-chefs.com\/es\/wp-json\/wp\/v2\/product_brand?post=1242"},{"taxonomy":"product_cat","embeddable":true,"href":"https:\/\/nordic-chefs.com\/es\/wp-json\/wp\/v2\/product_cat?post=1242"},{"taxonomy":"product_tag","embeddable":true,"href":"https:\/\/nordic-chefs.com\/es\/wp-json\/wp\/v2\/product_tag?post=1242"}],"curies":[{"name":"wp","href":"https:\/\/api.w.org\/{rel}","templated":true}]}}