{"id":1259,"date":"2023-06-15T15:38:50","date_gmt":"2023-06-15T15:38:50","guid":{"rendered":"https:\/\/nordic-chefs.gullevdesigns.studio\/?post_type=product&#038;p=1259"},"modified":"2025-12-08T08:11:02","modified_gmt":"2025-12-08T06:11:02","slug":"quenelle-spoon-tecture-l","status":"publish","type":"product","link":"https:\/\/nordic-chefs.com\/es\/shop\/quenelle-spoon-tecture-l\/","title":{"rendered":"Cuchara Quenelle Textura L - Negro Azabache"},"content":{"rendered":"<p>Nuestra popular cuchara quenelle est\u00e1 fabricada en acero inoxidable de alta calidad con nuestro revestimiento negro azabache.<\/p>\n<p>Lo que distingue a la Cuchara Quenelle\/ Rocher es su forma \u00fanica, pensada para ayudarle a crear siempre la cuchara rocher o quenelle perfecta. Tanto si es un chef profesional como un cocinero casero, \u00a1esta cuchara llevar\u00e1 su juego de postres al siguiente nivel!<\/p>\n<p>Pero no se f\u00ede s\u00f3lo de nuestra palabra: pru\u00e9bela usted mismo y experimente la diferencia de primera mano. Se sorprender\u00e1 de la forma y textura perfectas de sus roches, posibles gracias al dise\u00f1o especial de la cuchara.<\/p>\n<p>Actualice sus utensilios de cocina con nuestra cuchara de postre y empiece a crear postres tan hermosos como deliciosos.<\/p>\n<p>\u00bfHa visto nuestro <a href=\"https:\/\/nordic-chefs.com\/es\/tienda\/utensilios-de-cocina\/cuchara-quenelle\/quenellespoonkit\/\">\u00bfkit de quenelle?<\/a><\/p>","protected":false},"excerpt":{"rendered":"<p>Our popular quenelle Spoon is made from high quality stainless steel with our jet black coating. What sets the Quenelle\/ Rocher Spoon apart is its unique shape, which has been made to help you create the perfect rocher or quenelle scoop every time. Whether you&#8217;re a professional chef or a home cook, this spoon will [&hellip;]<\/p>\n","protected":false},"featured_media":10050,"template":"","meta":{"_acf_changed":false,"_seopress_robots_primary_cat":"none","_seopress_titles_title":"Quenelle spoon 20cm texture handle by Nordic Chefs","_seopress_titles_desc":"Create stunning desserts with our Rocher Spoon used by professionals world wide! \r\nMade for Chefs","_seopress_robots_index":""},"product_brand":[],"product_cat":[22],"product_tag":[],"class_list":{"0":"post-1259","1":"product","2":"type-product","3":"status-publish","4":"has-post-thumbnail","6":"product_cat-quenelle-spoon","7":"product-type-simple","8":"tm-no-options","10":"first","11":"onbackorder","12":"taxable","13":"shipping-taxable","14":"purchasable"},"acf":[],"_links":{"self":[{"href":"https:\/\/nordic-chefs.com\/es\/wp-json\/wp\/v2\/product\/1259","targetHints":{"allow":["GET"]}}],"collection":[{"href":"https:\/\/nordic-chefs.com\/es\/wp-json\/wp\/v2\/product"}],"about":[{"href":"https:\/\/nordic-chefs.com\/es\/wp-json\/wp\/v2\/types\/product"}],"version-history":[{"count":0,"href":"https:\/\/nordic-chefs.com\/es\/wp-json\/wp\/v2\/product\/1259\/revisions"}],"wp:featuredmedia":[{"embeddable":true,"href":"https:\/\/nordic-chefs.com\/es\/wp-json\/wp\/v2\/media\/10050"}],"wp:attachment":[{"href":"https:\/\/nordic-chefs.com\/es\/wp-json\/wp\/v2\/media?parent=1259"}],"wp:term":[{"taxonomy":"product_brand","embeddable":true,"href":"https:\/\/nordic-chefs.com\/es\/wp-json\/wp\/v2\/product_brand?post=1259"},{"taxonomy":"product_cat","embeddable":true,"href":"https:\/\/nordic-chefs.com\/es\/wp-json\/wp\/v2\/product_cat?post=1259"},{"taxonomy":"product_tag","embeddable":true,"href":"https:\/\/nordic-chefs.com\/es\/wp-json\/wp\/v2\/product_tag?post=1259"}],"curies":[{"name":"wp","href":"https:\/\/api.w.org\/{rel}","templated":true}]}}