{"id":1283,"date":"2023-06-15T17:39:04","date_gmt":"2023-06-15T15:39:04","guid":{"rendered":"https:\/\/nordic-chefs.gullevdesigns.studio\/?post_type=product&#038;p=1283"},"modified":"2026-04-06T13:48:02","modified_gmt":"2026-04-06T11:48:02","slug":"cuchara-de-esferificacion","status":"publish","type":"product","link":"https:\/\/nordic-chefs.com\/es\/shop\/spherification-spoon\/","title":{"rendered":"Cuchara de esferificaci\u00f3n - Negro azabache"},"content":{"rendered":"<p>Nuestra cuchara de acero inoxidable, dise\u00f1ada para manipular el delicado \"caviar\" esferificado o cualquier otro tipo de alimento que deba tamizarse, sin dejar de moverse con rapidez. Est\u00e1 fabricada con acero inoxidable de alta calidad y recubierta de nuestro color Jet Black. Esta cuchara permite trasladar con suavidad los l\u00edquidos esferificados, sin causar ning\u00fan da\u00f1o a su delicada estructura.<\/p>\n<p>Con la Cuchara del chef, podr\u00e1 manipular con confianza l\u00edquidos esferificados sin preocuparse de da\u00f1arlos, lo que la convierte en una herramienta esencial para cualquier cocina que se esfuerce por alcanzar la excelencia en la gastronom\u00eda molecular.<\/p>\n<p>Combina bien con nuestro <a href=\"https:\/\/nordic-chefs.com\/es\/tienda\/pinzas\/kits-de-pinzas\/nordic-chefs-kit-completo-de-utensilios-de-cocina-con-dientes\/\">Pinzas de cocina<\/a><\/p>","protected":false},"excerpt":{"rendered":"<p>Nuestra cuchara de acero inoxidable, dise\u00f1ada para manipular el delicado \"caviar\" esferificado o cualquier otro tipo de alimento que deba tamizarse, sin dejar de moverse con rapidez. Est\u00e1 fabricada con acero inoxidable de alta calidad y recubierta de nuestro color Jet Black. Esta cuchara permite trasladar con suavidad los l\u00edquidos esferificados, sin causar ning\u00fan da\u00f1o a su delicada estructura.<\/p>","protected":false},"featured_media":10058,"template":"","meta":{"_acf_changed":false,"_seopress_robots_primary_cat":"none","_seopress_titles_title":"Spherification Spoon for molecular gastronomy for Chefs","_seopress_titles_desc":"Handle delicate spherified liquids perfectly with our Stainless Steel Spoon. Ideal for molecular gastronomy and a great chef tool for any kitchens","_seopress_robots_index":""},"product_brand":[],"product_cat":[22],"product_tag":[],"class_list":{"0":"post-1283","1":"product","2":"type-product","3":"status-publish","4":"has-post-thumbnail","6":"product_cat-quenelle-spoon","7":"product-type-simple","8":"tm-no-options","10":"first","11":"onbackorder","12":"taxable","13":"shipping-taxable","14":"purchasable"},"acf":[],"_links":{"self":[{"href":"https:\/\/nordic-chefs.com\/es\/wp-json\/wp\/v2\/product\/1283","targetHints":{"allow":["GET"]}}],"collection":[{"href":"https:\/\/nordic-chefs.com\/es\/wp-json\/wp\/v2\/product"}],"about":[{"href":"https:\/\/nordic-chefs.com\/es\/wp-json\/wp\/v2\/types\/product"}],"version-history":[{"count":0,"href":"https:\/\/nordic-chefs.com\/es\/wp-json\/wp\/v2\/product\/1283\/revisions"}],"wp:featuredmedia":[{"embeddable":true,"href":"https:\/\/nordic-chefs.com\/es\/wp-json\/wp\/v2\/media\/10058"}],"wp:attachment":[{"href":"https:\/\/nordic-chefs.com\/es\/wp-json\/wp\/v2\/media?parent=1283"}],"wp:term":[{"taxonomy":"product_brand","embeddable":true,"href":"https:\/\/nordic-chefs.com\/es\/wp-json\/wp\/v2\/product_brand?post=1283"},{"taxonomy":"product_cat","embeddable":true,"href":"https:\/\/nordic-chefs.com\/es\/wp-json\/wp\/v2\/product_cat?post=1283"},{"taxonomy":"product_tag","embeddable":true,"href":"https:\/\/nordic-chefs.com\/es\/wp-json\/wp\/v2\/product_tag?post=1283"}],"curies":[{"name":"wp","href":"https:\/\/api.w.org\/{rel}","templated":true}]}}