{"id":1289,"date":"2023-06-15T17:39:04","date_gmt":"2023-06-15T15:39:04","guid":{"rendered":"https:\/\/nordic-chefs.gullevdesigns.studio\/?post_type=product&#038;p=1289"},"modified":"2025-11-27T00:39:32","modified_gmt":"2025-11-26T22:39:32","slug":"rossette-hierro-bunuelos","status":"publish","type":"product","link":"https:\/\/nordic-chefs.com\/es\/shop\/rossette-iron-bunuelos\/","title":{"rendered":"Rosetta Hierro - Monomando"},"content":{"rendered":"<p class=\"p1\">Sienta la alegr\u00eda de hacer rosetas y botanas mexicanas perfectamente crujientes con nuestra rosetera de hierro. Nuestra plancha para moldear rosetas se calienta uniformemente, asegurando resultados consistentes cada vez. Ya sea que est\u00e9 explorando los bu\u00f1uelos mexicanos tradicionales, creando bunuelos colombianos o experimentando con rellenos dulces y salados, este vers\u00e1til molde para bu\u00f1uelos lo tiene cubierto. Creado para chefs, es f\u00e1cil de limpiar y est\u00e1 fabricado para durar, lo que lo convierte en la herramienta de bu\u00f1uelos ideal tanto para chefs profesionales como para cocineros aficionados.<\/p>\n<p>&nbsp;<\/p>","protected":false},"excerpt":{"rendered":"<p>Cocine crujientes rosetas y aut\u00e9nticos bu\u00f1uelos fritos sin esfuerzo con nuestra Plancha para Rosetas - su herramienta para bunuelos m\u00e1s consistente. Hecha para chefs para el uso en cocinas profesionales.<\/p>","protected":false},"featured_media":13867,"template":"","meta":{"_acf_changed":false,"_seopress_robots_primary_cat":"none","_seopress_titles_title":"Rosette Iron \u2013 Chefs Favorite Bu\u00f1uelos Mold by Nordic Chefs","_seopress_titles_desc":"Create mexican snacks with our high-quality rosette iron - Made for professional kitchens - The Best Bunuelo Tool used by chefs from all over the world","_seopress_robots_index":""},"product_brand":[],"product_cat":[152,167],"product_tag":[],"class_list":{"0":"post-1289","1":"product","2":"type-product","3":"status-publish","4":"has-post-thumbnail","6":"product_cat-croustade-iron-and-rosette-iron","7":"product_cat-single-iron","8":"product-type-variable","9":"tm-no-options","11":"first","12":"instock","13":"taxable","14":"shipping-taxable","15":"purchasable","17":"has-default-attributes"},"acf":[],"_links":{"self":[{"href":"https:\/\/nordic-chefs.com\/es\/wp-json\/wp\/v2\/product\/1289","targetHints":{"allow":["GET"]}}],"collection":[{"href":"https:\/\/nordic-chefs.com\/es\/wp-json\/wp\/v2\/product"}],"about":[{"href":"https:\/\/nordic-chefs.com\/es\/wp-json\/wp\/v2\/types\/product"}],"version-history":[{"count":0,"href":"https:\/\/nordic-chefs.com\/es\/wp-json\/wp\/v2\/product\/1289\/revisions"}],"wp:featuredmedia":[{"embeddable":true,"href":"https:\/\/nordic-chefs.com\/es\/wp-json\/wp\/v2\/media\/13867"}],"wp:attachment":[{"href":"https:\/\/nordic-chefs.com\/es\/wp-json\/wp\/v2\/media?parent=1289"}],"wp:term":[{"taxonomy":"product_brand","embeddable":true,"href":"https:\/\/nordic-chefs.com\/es\/wp-json\/wp\/v2\/product_brand?post=1289"},{"taxonomy":"product_cat","embeddable":true,"href":"https:\/\/nordic-chefs.com\/es\/wp-json\/wp\/v2\/product_cat?post=1289"},{"taxonomy":"product_tag","embeddable":true,"href":"https:\/\/nordic-chefs.com\/es\/wp-json\/wp\/v2\/product_tag?post=1289"}],"curies":[{"name":"wp","href":"https:\/\/api.w.org\/{rel}","templated":true}]}}