{"id":13189,"date":"2025-03-13T16:21:20","date_gmt":"2025-03-13T14:21:20","guid":{"rendered":"https:\/\/nordic-chefs.com\/?post_type=product&#038;p=13189"},"modified":"2026-02-20T23:34:41","modified_gmt":"2026-02-20T21:34:41","slug":"mini-roseton-de-hierro","status":"publish","type":"product","link":"https:\/\/nordic-chefs.com\/es\/shop\/fivemount-mini-rosette-iron\/","title":{"rendered":"Roset\u00f3n peque\u00f1o FiveMount"},"content":{"rendered":"<p class=\"p1\">Presentamos la Plancha para Rosetas Peque\u00f1as FiveMount, la herramienta definitiva para crear peque\u00f1os bunuelos y una gran variedad de bocadillos. Perfecta para bocadillos mexicanos que se pueden comer de un bocado. Nuestras herramientas de chef est\u00e1n fabricadas en acero inoxidable de alta calidad, lo que las hace duraderas, f\u00e1ciles de limpiar y ligeras tanto para cocinas profesionales como dom\u00e9sticas.<\/p>\n<p class=\"p1\">Con un sistema de cinco monturas, le permite producir simult\u00e1neamente cinco mini tartas perfectas, maximizando la eficiencia. Es f\u00e1cil de cambiar a otros moldes como Croustade, Small Flat Top y Small Oval Croustade.<\/p>\n<p class=\"p1\"><b>Este producto incluye:<\/b><\/p>\n<p class=\"p1\">5 moldes de roseta peque\u00f1a<\/p>\n<p class=\"p1\">1 x Single handle<\/p>\n<p class=\"p1\">1 x FiveMount<\/p>","protected":false},"excerpt":{"rendered":"<p class=\"p1\">Presentamos la Plancha para Rosetas Peque\u00f1as FiveMount, la herramienta definitiva para crear peque\u00f1os bunuelos y una gran variedad de bocadillos. Perfecta para bocadillos mexicanos que se pueden comer de un bocado. Nuestras herramientas de chef est\u00e1n fabricadas en acero inoxidable de alta calidad, lo que las hace duraderas, f\u00e1ciles de limpiar y ligeras tanto para cocinas profesionales como dom\u00e9sticas.<\/p>\n<p class=\"p1\">Con un sistema de cinco monturas, le permite producir simult\u00e1neamente cinco mini tartas perfectas, maximizando la eficiencia. Es f\u00e1cil de cambiar a otros moldes como Croustade, Small Flat Top y Small Oval Croustade.<\/p>\n<p>Ahora puede personalizar el mango con un grabado a medida.<\/p>\n<p class=\"p1\"><b>Este producto incluye:<\/b><\/p>\n<p class=\"p1\">5 moldes de roseta peque\u00f1a<\/p>\n<p class=\"p1\">1 asa simple<\/p>\n<p class=\"p1\">1 x FiveMount<\/p>\n<p class=\"p1\">\u00a1Listo para fre\u00edr!<\/p>","protected":false},"featured_media":13196,"template":"","meta":{"_acf_changed":false,"_seopress_robots_primary_cat":"152","_seopress_titles_title":"FiveMount Small Rosette Iron - Create Bunuelos like a pro","_seopress_titles_desc":"Our FiveMount Small Rosette Iron makes you create fried snacks 5x as fast! New Rosette iron edition for professional chefs! World Wide Shipping!","_seopress_robots_index":""},"product_brand":[],"product_cat":[152,170],"product_tag":[],"class_list":{"0":"post-13189","1":"product","2":"type-product","3":"status-publish","4":"has-post-thumbnail","6":"product_cat-croustade-iron-and-rosette-iron","7":"product_cat-fivemount-croustade-iron","8":"product-type-variable","9":"tm-no-options","11":"first","12":"instock","13":"taxable","14":"shipping-taxable","15":"purchasable","17":"has-default-attributes"},"acf":[],"_links":{"self":[{"href":"https:\/\/nordic-chefs.com\/es\/wp-json\/wp\/v2\/product\/13189","targetHints":{"allow":["GET"]}}],"collection":[{"href":"https:\/\/nordic-chefs.com\/es\/wp-json\/wp\/v2\/product"}],"about":[{"href":"https:\/\/nordic-chefs.com\/es\/wp-json\/wp\/v2\/types\/product"}],"version-history":[{"count":0,"href":"https:\/\/nordic-chefs.com\/es\/wp-json\/wp\/v2\/product\/13189\/revisions"}],"wp:featuredmedia":[{"embeddable":true,"href":"https:\/\/nordic-chefs.com\/es\/wp-json\/wp\/v2\/media\/13196"}],"wp:attachment":[{"href":"https:\/\/nordic-chefs.com\/es\/wp-json\/wp\/v2\/media?parent=13189"}],"wp:term":[{"taxonomy":"product_brand","embeddable":true,"href":"https:\/\/nordic-chefs.com\/es\/wp-json\/wp\/v2\/product_brand?post=13189"},{"taxonomy":"product_cat","embeddable":true,"href":"https:\/\/nordic-chefs.com\/es\/wp-json\/wp\/v2\/product_cat?post=13189"},{"taxonomy":"product_tag","embeddable":true,"href":"https:\/\/nordic-chefs.com\/es\/wp-json\/wp\/v2\/product_tag?post=13189"}],"curies":[{"name":"wp","href":"https:\/\/api.w.org\/{rel}","templated":true}]}}