{"id":13210,"date":"2025-03-14T11:06:20","date_gmt":"2025-03-14T09:06:20","guid":{"rendered":"https:\/\/nordic-chefs.com\/?post_type=product&#038;p=13210"},"modified":"2026-02-20T23:33:58","modified_gmt":"2026-02-20T21:33:58","slug":"plancha-pequena-de-cinco-puntas","status":"publish","type":"product","link":"https:\/\/nordic-chefs.com\/es\/shop\/fivemount-small-flat-top-iron\/","title":{"rendered":"Plancha FiveMount Small Flat Top"},"content":{"rendered":"<div data-elementor-type=\"product-post\" data-elementor-id=\"13210\" class=\"elementor elementor-13210\" data-elementor-post-type=\"product\">\n\t\t\t\t<div class=\"elementor-element elementor-element-6a4af23c e-flex e-con-boxed e-con e-parent\" data-id=\"6a4af23c\" data-element_type=\"container\" data-e-type=\"container\">\n\t\t\t\t\t<div class=\"e-con-inner\">\n\t\t\t\t<div class=\"elementor-element elementor-element-69cd8eb8 elementor-widget elementor-widget-text-editor\" data-id=\"69cd8eb8\" data-element_type=\"widget\" data-e-type=\"widget\" data-widget_type=\"text-editor.default\">\n\t\t\t\t<div class=\"elementor-widget-container\">\n\t\t\t\t\t\t\t\t\t<p class=\"p1\">Presentamos la plancha FiveMount Small Flat Top Iron, la herramienta definitiva de los chefs para crear peque\u00f1as croustade fritas y una gran variedad de aperitivos. Perfecta para aperitivos franceses que se pueden comer de un bocado. Nuestras herramientas de chef est\u00e1n fabricadas en acero inoxidable de alta calidad, lo que las hace duraderas, f\u00e1ciles de limpiar y ligeras tanto para cocinas profesionales como dom\u00e9sticas.<\/p>\r\n<p class=\"p1\">Con un sistema de cinco monturas, le permite producir simult\u00e1neamente cinco mini conchas de tarta perfectas, maximizando la eficiencia. Es f\u00e1cil de cambiar a nuestros otros moldes como, Croustade, Hierro Rosette Peque\u00f1o y nuestra Croustade Oval Peque\u00f1o.<\/p>\r\nAhora puede personalizar el mango con un grabado a medida.\r\n<p class=\"p1\"><b>Este producto incluye:<\/b><\/p>\r\n<p class=\"p1\">5 moldes planos peque\u00f1os<\/p>\r\n<p class=\"p1\">1 asa simple<\/p>\r\n<p class=\"p1\">1 x FiveMount<\/p>\r\n<p class=\"p1\">\u00a1Listo para fre\u00edr!<\/p>\t\t\t\t\t\t\t\t<\/div>\n\t\t\t\t<\/div>\n\t\t\t\t\t<\/div>\n\t\t\t\t<\/div>\n\t\t\t\t<\/div>","protected":false},"excerpt":{"rendered":"<p>ntroducing the FiveMount Small Flat Top Iron, the ultimate chefs tool for creating small fried croustade and a variety of snacks. Perfect for french snacks that can be eating in one bite. Our chef tools is crafted from high-quality stainless steel, making it durable, easy to clean, and lightweight for both professional and home kitchens.<\/p>","protected":false},"featured_media":13198,"template":"","meta":{"_acf_changed":false,"_seopress_robots_primary_cat":"none","_seopress_titles_title":"FiveMount Small Flat Top Iron - Be effective & save time!","_seopress_titles_desc":"Our FiveMount Small Flat Top Iron makes you create fried snacks 5x as fast! New & improved cooking tools for chefs around the world! Be Faster","_seopress_robots_index":""},"product_brand":[],"product_cat":[152,170],"product_tag":[],"class_list":{"0":"post-13210","1":"product","2":"type-product","3":"status-publish","4":"has-post-thumbnail","6":"product_cat-croustade-iron-and-rosette-iron","7":"product_cat-fivemount-croustade-iron","8":"product-type-variable","9":"tm-no-options","11":"first","12":"instock","13":"taxable","14":"shipping-taxable","15":"purchasable","17":"has-default-attributes"},"acf":[],"_links":{"self":[{"href":"https:\/\/nordic-chefs.com\/es\/wp-json\/wp\/v2\/product\/13210","targetHints":{"allow":["GET"]}}],"collection":[{"href":"https:\/\/nordic-chefs.com\/es\/wp-json\/wp\/v2\/product"}],"about":[{"href":"https:\/\/nordic-chefs.com\/es\/wp-json\/wp\/v2\/types\/product"}],"version-history":[{"count":0,"href":"https:\/\/nordic-chefs.com\/es\/wp-json\/wp\/v2\/product\/13210\/revisions"}],"wp:featuredmedia":[{"embeddable":true,"href":"https:\/\/nordic-chefs.com\/es\/wp-json\/wp\/v2\/media\/13198"}],"wp:attachment":[{"href":"https:\/\/nordic-chefs.com\/es\/wp-json\/wp\/v2\/media?parent=13210"}],"wp:term":[{"taxonomy":"product_brand","embeddable":true,"href":"https:\/\/nordic-chefs.com\/es\/wp-json\/wp\/v2\/product_brand?post=13210"},{"taxonomy":"product_cat","embeddable":true,"href":"https:\/\/nordic-chefs.com\/es\/wp-json\/wp\/v2\/product_cat?post=13210"},{"taxonomy":"product_tag","embeddable":true,"href":"https:\/\/nordic-chefs.com\/es\/wp-json\/wp\/v2\/product_tag?post=13210"}],"curies":[{"name":"wp","href":"https:\/\/api.w.org\/{rel}","templated":true}]}}