{"id":14929,"date":"2025-06-26T14:24:09","date_gmt":"2025-06-26T12:24:09","guid":{"rendered":"https:\/\/nordic-chefs.com\/?post_type=product&#038;p=14929"},"modified":"2025-12-16T15:12:42","modified_gmt":"2025-12-16T13:12:42","slug":"monaka-tartelette","status":"publish","type":"product","link":"https:\/\/nordic-chefs.com\/es\/shop\/monaka-tartelette\/","title":{"rendered":"Set de tartaletas Monaka"},"content":{"rendered":"<p>Nuestro set de tartaletas Monaka ha sido desarrollado en colaboraci\u00f3n con el chef Michelin Edward Lee, del restaurante Udtryk de Copenhague. Abri\u00f3 sus puertas en mayo de 2025 y recibi\u00f3 su primera estrella Michelin a los 41 d\u00edas de estar abierto.<\/p>\n<p>Este molde consta de 5 en uno y est\u00e1 inspirado en los dulces crujientes japoneses hechos de mochi (arroz crujiente). El dise\u00f1o est\u00e1 pensado para que puedas rellenarlos y utilizarlos para hacer mochi o como tartaleta, como ha hecho Edward.<\/p>\n<p>El molde viene con 5 piezas intermedias para hacer la tartaleta y un cortador para un borde bonito.<\/p>\n<p>Los moldes de silicona se fabrican en Dinamarca y resisten entre -40 y 250+ grados.<\/p>","protected":false},"excerpt":{"rendered":"<p style=\"text-align: center;\">Our <strong>Monaka<\/strong> tartelette set is developed in collaboration with <strong>Michelin chef Edward Lee<\/strong> from restaurant Udtryk in <strong>Copenhagen<\/strong>. He opened his doors may of 2025 and received his first ever <strong>michelin star<\/strong> after 41 days of having been open.<\/p>\n<p style=\"text-align: center;\">Este molde consta de 5 en uno y est\u00e1 inspirado en los dulces crujientes japoneses hechos de mochi (arroz crujiente). El dise\u00f1o est\u00e1 pensado para que puedas rellenarlos y utilizarlos para hacer mochi o como tartaleta, como ha hecho Edward.<\/p>","protected":false},"featured_media":14917,"template":"","meta":{"_acf_changed":false,"_seopress_robots_primary_cat":"none","_seopress_titles_title":"Monaka tartelette set inspired by a japanese sweet","_seopress_titles_desc":"With our japanese inspired tart you are able to create crips monaka shells - made in collaboration with Restaurant Udtryk - 1 michelin star","_seopress_robots_index":""},"product_brand":[],"product_cat":[91,104,136],"product_tag":[],"class_list":{"0":"post-14929","1":"product","2":"type-product","3":"status-publish","4":"has-post-thumbnail","6":"product_cat-silicone-molds","7":"product_cat-silicone-molds-3d","8":"product_cat-tartelette-silicone-molds","9":"product-type-simple","10":"tm-no-options","12":"first","13":"instock","14":"taxable","15":"shipping-taxable","16":"purchasable"},"acf":[],"_links":{"self":[{"href":"https:\/\/nordic-chefs.com\/es\/wp-json\/wp\/v2\/product\/14929","targetHints":{"allow":["GET"]}}],"collection":[{"href":"https:\/\/nordic-chefs.com\/es\/wp-json\/wp\/v2\/product"}],"about":[{"href":"https:\/\/nordic-chefs.com\/es\/wp-json\/wp\/v2\/types\/product"}],"version-history":[{"count":0,"href":"https:\/\/nordic-chefs.com\/es\/wp-json\/wp\/v2\/product\/14929\/revisions"}],"wp:featuredmedia":[{"embeddable":true,"href":"https:\/\/nordic-chefs.com\/es\/wp-json\/wp\/v2\/media\/14917"}],"wp:attachment":[{"href":"https:\/\/nordic-chefs.com\/es\/wp-json\/wp\/v2\/media?parent=14929"}],"wp:term":[{"taxonomy":"product_brand","embeddable":true,"href":"https:\/\/nordic-chefs.com\/es\/wp-json\/wp\/v2\/product_brand?post=14929"},{"taxonomy":"product_cat","embeddable":true,"href":"https:\/\/nordic-chefs.com\/es\/wp-json\/wp\/v2\/product_cat?post=14929"},{"taxonomy":"product_tag","embeddable":true,"href":"https:\/\/nordic-chefs.com\/es\/wp-json\/wp\/v2\/product_tag?post=14929"}],"curies":[{"name":"wp","href":"https:\/\/api.w.org\/{rel}","templated":true}]}}