{"id":18022,"date":"2025-12-27T00:01:36","date_gmt":"2025-12-26T22:01:36","guid":{"rendered":"https:\/\/nordic-chefs.com\/shop\/beignet-iron-head\/"},"modified":"2026-04-07T16:47:32","modified_gmt":"2026-04-07T14:47:32","slug":"cabeza-de-hierro-de-bunuelo","status":"publish","type":"product","link":"https:\/\/nordic-chefs.com\/es\/shop\/beignet-iron-head\/","title":{"rendered":"Beignet Cabeza de Hierro"},"content":{"rendered":"<p data-start=\"402\" data-end=\"720\">El Beignet Head es una herramienta de cocina profesional para hacer donuts beignets. Dise\u00f1ado con tres formas redondas de beignet en una sola cabeza, permite crear beignets de tama\u00f1o uniforme y esponjosos en una sola inmersi\u00f3n, optimizando el flujo de trabajo durante el servicio o la preparaci\u00f3n.<\/p>\n<p data-start=\"722\" data-end=\"1020\">Cuando se combina con uno de nuestros mangos Nordic Chefs, la Cabeza de Beignet se convierte en un juego completo de hierro para beignets profesional, adecuado para aplicaciones dulces y saladas. El dise\u00f1o garantiza una distribuci\u00f3n uniforme del calor, lo que resulta en donas de beignet ligeras y aireadas con un exterior crujiente y un interior suave.<\/p>\n<p data-start=\"1022\" data-end=\"1273\">Las formas redondas de los bu\u00f1uelos son ideales para rellenar con crema pastelera, chocolate, mermeladas, rellenos salados o postres emplatados. Ya sea que se utilicen para bu\u00f1uelos franceses cl\u00e1sicos o interpretaciones modernas de alta cocina, la herramienta ofrece resultados fiables y repetibles.<\/p>\n<p data-start=\"1275\" data-end=\"1426\">Desarrollado en estrecha colaboraci\u00f3n con cocinas profesionales, el Beignet Head est\u00e1 hecho para la durabilidad, el control y el uso diario en entornos exigentes.<\/p>\n<h3 data-start=\"1433\" data-end=\"1451\">Caracter\u00edsticas principales<\/h3>\n<ul data-start=\"1452\" data-end=\"1782\">\n<li data-start=\"1452\" data-end=\"1494\">\n<p data-start=\"1454\" data-end=\"1494\">Tres formas redondas de beignet en una cabeza<\/p>\n<\/li>\n<li data-start=\"1495\" data-end=\"1549\">\n<p data-start=\"1497\" data-end=\"1549\">Crea donas beignet ligeras, esponjosas y de tama\u00f1o uniforme.<\/p>\n<\/li>\n<li data-start=\"1550\" data-end=\"1604\">\n<p data-start=\"1552\" data-end=\"1604\">Dise\u00f1ado para cocinas profesionales y alta producci\u00f3n<\/p>\n<\/li>\n<li data-start=\"1605\" data-end=\"1668\">\n<p data-start=\"1607\" data-end=\"1668\">Compatible con mangos Nordic Chefs para formar un set completo<\/p>\n<\/li>\n<li data-start=\"1669\" data-end=\"1717\">\n<p data-start=\"1671\" data-end=\"1717\">Apto para rellenos dulces y salados<\/p>\n<\/li>\n<li data-start=\"1718\" data-end=\"1782\">\n<p data-start=\"1720\" data-end=\"1782\">Optimizado para una distribuci\u00f3n de calor uniforme y una liberaci\u00f3n limpia<\/p>\n<\/li>\n<\/ul>\n<h3 data-start=\"1789\" data-end=\"1812\">Completa tu conjunto<\/h3>\n<p data-start=\"1813\" data-end=\"2034\">Empareja el Beignet Head con el mango de Nordic Chef de tu preferencia para crear una plancha de beignets totalmente modular adaptada a tu flujo de trabajo. Los mangos se venden por separado, lo que te permite configurar el montaje que mejor se adapte a tu cocina.<\/p>","protected":false},"excerpt":{"rendered":"<p>Cabeza Profesional para Beignets con tres formas redondas para crear donas beignet ligeras y esponjosas. Dise\u00f1ada para resultados consistentes y compatible con mangos Nordic Chefs para formar un juego completo de hierro para beignets. Ideal para rellenos dulces y salados.<\/p>","protected":false},"featured_media":18036,"template":"","meta":{"_acf_changed":false,"_seopress_robots_primary_cat":"none","_seopress_titles_title":"Beignet Iron Head compatible with all Nordic Chefs Handles","_seopress_titles_desc":"3 in 1 - Three round beignet shapes in one head for creating beignet donuts fast and effective in professional kitchens. Lightweight and easy to use","_seopress_robots_index":"","wprm-recipe-roundup-name":"","wprm-recipe-roundup-description":""},"product_brand":[],"product_cat":[151,267,152,167],"product_tag":[],"class_list":{"0":"post-18022","1":"product","2":"type-product","3":"status-publish","4":"has-post-thumbnail","6":"product_cat-bestsellers","7":"product_cat-croustade-bunuelos-molds","8":"product_cat-croustade-iron-and-rosette-iron","9":"product_cat-single-iron","10":"product-type-simple","11":"tm-no-options","13":"first","14":"instock","15":"taxable","16":"shipping-taxable","17":"purchasable"},"acf":[],"_links":{"self":[{"href":"https:\/\/nordic-chefs.com\/es\/wp-json\/wp\/v2\/product\/18022","targetHints":{"allow":["GET"]}}],"collection":[{"href":"https:\/\/nordic-chefs.com\/es\/wp-json\/wp\/v2\/product"}],"about":[{"href":"https:\/\/nordic-chefs.com\/es\/wp-json\/wp\/v2\/types\/product"}],"version-history":[{"count":1,"href":"https:\/\/nordic-chefs.com\/es\/wp-json\/wp\/v2\/product\/18022\/revisions"}],"predecessor-version":[{"id":19529,"href":"https:\/\/nordic-chefs.com\/es\/wp-json\/wp\/v2\/product\/18022\/revisions\/19529"}],"wp:featuredmedia":[{"embeddable":true,"href":"https:\/\/nordic-chefs.com\/es\/wp-json\/wp\/v2\/media\/18036"}],"wp:attachment":[{"href":"https:\/\/nordic-chefs.com\/es\/wp-json\/wp\/v2\/media?parent=18022"}],"wp:term":[{"taxonomy":"product_brand","embeddable":true,"href":"https:\/\/nordic-chefs.com\/es\/wp-json\/wp\/v2\/product_brand?post=18022"},{"taxonomy":"product_cat","embeddable":true,"href":"https:\/\/nordic-chefs.com\/es\/wp-json\/wp\/v2\/product_cat?post=18022"},{"taxonomy":"product_tag","embeddable":true,"href":"https:\/\/nordic-chefs.com\/es\/wp-json\/wp\/v2\/product_tag?post=18022"}],"curies":[{"name":"wp","href":"https:\/\/api.w.org\/{rel}","templated":true}]}}