{"id":19351,"date":"2026-02-24T13:34:22","date_gmt":"2026-02-24T11:34:22","guid":{"rendered":"https:\/\/nordic-chefs.com\/?post_type=product&#038;p=19351"},"modified":"2026-04-07T18:32:15","modified_gmt":"2026-04-07T16:32:15","slug":"build-your-own-tweezer-kit","status":"publish","type":"product","link":"https:\/\/nordic-chefs.com\/es\/shop\/build-your-own-tweezer-kit\/","title":{"rendered":"Build Your Own &#8211; Tweezer Kit"},"content":{"rendered":"<p>\u00a1Prep\u00e1rese para una experiencia culinaria completa con! Al comprarnos un juego completo, no s\u00f3lo recibir\u00e1 un conjunto de herramientas de precisi\u00f3n de alta calidad, sino tambi\u00e9n un rollo de pinzas para mantenerlas organizadas y protegidas. No se pierda esta incre\u00edble oferta: \u00a1pida hoy mismo su juego completo!<\/p>\n<p><strong>Este kit incluye:<\/strong><\/p>\n<p>4 x Tweezers<br \/>\n1 x Spoon<br \/>\n1 x Spatula<\/p>","protected":false},"excerpt":{"rendered":"<p>Get ready for a complete culinary experience with! When you purchase a full set from us, you\u2019ll not only receive a high-quality set of precision tools, but also a tweezer roll to keep them organized and protected. Don\u2019t miss out on this amazing offer \u2013 order your full set today! This kit includes: 4 x [&hellip;]<\/p>\n","protected":false},"featured_media":18112,"template":"","meta":{"_acf_changed":false,"_seopress_robots_primary_cat":"none","_seopress_titles_title":"","_seopress_titles_desc":"","_seopress_robots_index":""},"product_brand":[],"product_cat":[151,247,105,22,23,26],"product_tag":[],"class_list":{"0":"post-19351","1":"product","2":"type-product","3":"status-publish","4":"has-post-thumbnail","6":"product_cat-bestsellers","7":"product_cat-buildyourown","8":"product_cat-kitchen-utensils","9":"product_cat-quenelle-spoon","10":"product_cat-spatulas","11":"product_cat-tweezers","12":"product-type-easy_product_bundle","13":"tm-no-options","15":"first","16":"instock","17":"taxable","18":"shipping-taxable","19":"purchasable"},"acf":[],"_links":{"self":[{"href":"https:\/\/nordic-chefs.com\/es\/wp-json\/wp\/v2\/product\/19351","targetHints":{"allow":["GET"]}}],"collection":[{"href":"https:\/\/nordic-chefs.com\/es\/wp-json\/wp\/v2\/product"}],"about":[{"href":"https:\/\/nordic-chefs.com\/es\/wp-json\/wp\/v2\/types\/product"}],"version-history":[{"count":0,"href":"https:\/\/nordic-chefs.com\/es\/wp-json\/wp\/v2\/product\/19351\/revisions"}],"wp:featuredmedia":[{"embeddable":true,"href":"https:\/\/nordic-chefs.com\/es\/wp-json\/wp\/v2\/media\/18112"}],"wp:attachment":[{"href":"https:\/\/nordic-chefs.com\/es\/wp-json\/wp\/v2\/media?parent=19351"}],"wp:term":[{"taxonomy":"product_brand","embeddable":true,"href":"https:\/\/nordic-chefs.com\/es\/wp-json\/wp\/v2\/product_brand?post=19351"},{"taxonomy":"product_cat","embeddable":true,"href":"https:\/\/nordic-chefs.com\/es\/wp-json\/wp\/v2\/product_cat?post=19351"},{"taxonomy":"product_tag","embeddable":true,"href":"https:\/\/nordic-chefs.com\/es\/wp-json\/wp\/v2\/product_tag?post=19351"}],"curies":[{"name":"wp","href":"https:\/\/api.w.org\/{rel}","templated":true}]}}