{"id":3686,"date":"2023-07-01T13:18:59","date_gmt":"2023-07-01T13:18:59","guid":{"rendered":"https:\/\/nordic-chefs.com\/?post_type=product&#038;p=3686"},"modified":"2026-02-20T23:40:23","modified_gmt":"2026-02-20T21:40:23","slug":"quenellespoonkit","status":"publish","type":"product","link":"https:\/\/nordic-chefs.com\/es\/shop\/quenellespoonkit\/","title":{"rendered":"Kit de cuchara Quenelle - Mango texturizado, negro azabache"},"content":{"rendered":"<p>Nuestras cucharas Quenelle est\u00e1n fabricadas en acero inoxidable de alta calidad con nuestro revestimiento negro azabache. La Cuchara Rocher no s\u00f3lo es bonita, su forma especial le ayudar\u00e1 a producir algunas de las mejores cucharadas de quenelle para su plato. Puede utilizar una o dos cucharas para dar la forma deseada.<\/p>\n<p>Este set incluye:<\/p>\n<p>Cuchara Quenelle - Mango Textura 20cm - Negro Azabache<br \/>\nCuchara Quenelle - Mango Textura 14cm- Negro Azabache<\/p>","protected":false},"excerpt":{"rendered":"<p>Our Quenelle spoons are made of high quality stainless steel with our jet black coat. The Rocher Spoon is not only beautiful, its special shape will help you produce some of the best quenelle scoops for your plate. You are able to use both one or two spoons to form the wanted shape. This set [&hellip;]<\/p>\n","protected":false},"featured_media":10226,"template":"","meta":{"_acf_changed":false,"_seopress_robots_primary_cat":"none","_seopress_titles_title":"Quenelle Spoon Texture-Handle Kit: Made For Chefs!","_seopress_titles_desc":"Craft perfect quenelles with our elegant Nordic Chefs Rocher Spoons in jet black, crafted from fine stainless steel for unmatched style","_seopress_robots_index":""},"product_brand":[],"product_cat":[22],"product_tag":[],"class_list":{"0":"post-3686","1":"product","2":"type-product","3":"status-publish","4":"has-post-thumbnail","6":"product_cat-quenelle-spoon","7":"product-type-simple","8":"tm-no-options","10":"first","11":"onbackorder","12":"taxable","13":"shipping-taxable","14":"purchasable"},"acf":[],"_links":{"self":[{"href":"https:\/\/nordic-chefs.com\/es\/wp-json\/wp\/v2\/product\/3686","targetHints":{"allow":["GET"]}}],"collection":[{"href":"https:\/\/nordic-chefs.com\/es\/wp-json\/wp\/v2\/product"}],"about":[{"href":"https:\/\/nordic-chefs.com\/es\/wp-json\/wp\/v2\/types\/product"}],"version-history":[{"count":0,"href":"https:\/\/nordic-chefs.com\/es\/wp-json\/wp\/v2\/product\/3686\/revisions"}],"wp:featuredmedia":[{"embeddable":true,"href":"https:\/\/nordic-chefs.com\/es\/wp-json\/wp\/v2\/media\/10226"}],"wp:attachment":[{"href":"https:\/\/nordic-chefs.com\/es\/wp-json\/wp\/v2\/media?parent=3686"}],"wp:term":[{"taxonomy":"product_brand","embeddable":true,"href":"https:\/\/nordic-chefs.com\/es\/wp-json\/wp\/v2\/product_brand?post=3686"},{"taxonomy":"product_cat","embeddable":true,"href":"https:\/\/nordic-chefs.com\/es\/wp-json\/wp\/v2\/product_cat?post=3686"},{"taxonomy":"product_tag","embeddable":true,"href":"https:\/\/nordic-chefs.com\/es\/wp-json\/wp\/v2\/product_tag?post=3686"}],"curies":[{"name":"wp","href":"https:\/\/api.w.org\/{rel}","templated":true}]}}