{"id":4120,"date":"2023-08-19T22:13:23","date_gmt":"2023-08-19T20:13:23","guid":{"rendered":"https:\/\/nordic-chefs.com\/?post_type=product&#038;p=4120"},"modified":"2025-11-27T00:49:01","modified_gmt":"2025-11-26T22:49:01","slug":"plancha-nordic-chefs-flat-top","status":"publish","type":"product","link":"https:\/\/nordic-chefs.com\/es\/shop\/nordic-chefs-flat-top-iron\/","title":{"rendered":"Chefs N\u00f3rdicos - Flat Top Croustade individual"},"content":{"rendered":"<p>Nuestra plancha croustade de punta plana est\u00e1 dise\u00f1ada espec\u00edficamente para crear crujientes aperitivos con relleno. Duradera, f\u00e1cil de limpiar y de uso sencillo, garantiza la perfecci\u00f3n en cada uso.<\/p>\n<p>Los mangos de aluminio ofrecen un cabezal f\u00e1cil de cambiar para colocar diferentes formas, con posibilidades ilimitadas<\/p>","protected":false},"excerpt":{"rendered":"<p>Our oval pie tee croustade iron is specifically designed for creating crispy snacks with filling. Durable, simple to clean, and user-friendly, it ensures perfection with every use.<\/p>\n<p>The aluminium handles from Nordic Chefs offers an easy-to-change head for different shapes to attach, with unlimited possibilities<\/p>","protected":false},"featured_media":13865,"template":"","meta":{"_acf_changed":false,"_seopress_robots_primary_cat":"none","_seopress_titles_title":"Flat top croustade iron with a single handle","_seopress_titles_desc":"Explore high-quality chef tools with an aluminum head and stainless steel handle. Create stunning small tartelettes and croustade","_seopress_robots_index":""},"product_brand":[],"product_cat":[152,167],"product_tag":[],"class_list":{"0":"post-4120","1":"product","2":"type-product","3":"status-publish","4":"has-post-thumbnail","6":"product_cat-croustade-iron-and-rosette-iron","7":"product_cat-single-iron","8":"product-type-variable","9":"tm-no-options","11":"first","12":"instock","13":"taxable","14":"shipping-taxable","15":"purchasable","17":"has-default-attributes"},"acf":[],"_links":{"self":[{"href":"https:\/\/nordic-chefs.com\/es\/wp-json\/wp\/v2\/product\/4120","targetHints":{"allow":["GET"]}}],"collection":[{"href":"https:\/\/nordic-chefs.com\/es\/wp-json\/wp\/v2\/product"}],"about":[{"href":"https:\/\/nordic-chefs.com\/es\/wp-json\/wp\/v2\/types\/product"}],"version-history":[{"count":0,"href":"https:\/\/nordic-chefs.com\/es\/wp-json\/wp\/v2\/product\/4120\/revisions"}],"wp:featuredmedia":[{"embeddable":true,"href":"https:\/\/nordic-chefs.com\/es\/wp-json\/wp\/v2\/media\/13865"}],"wp:attachment":[{"href":"https:\/\/nordic-chefs.com\/es\/wp-json\/wp\/v2\/media?parent=4120"}],"wp:term":[{"taxonomy":"product_brand","embeddable":true,"href":"https:\/\/nordic-chefs.com\/es\/wp-json\/wp\/v2\/product_brand?post=4120"},{"taxonomy":"product_cat","embeddable":true,"href":"https:\/\/nordic-chefs.com\/es\/wp-json\/wp\/v2\/product_cat?post=4120"},{"taxonomy":"product_tag","embeddable":true,"href":"https:\/\/nordic-chefs.com\/es\/wp-json\/wp\/v2\/product_tag?post=4120"}],"curies":[{"name":"wp","href":"https:\/\/api.w.org\/{rel}","templated":true}]}}