{"id":4138,"date":"2023-08-20T21:30:47","date_gmt":"2023-08-20T19:30:47","guid":{"rendered":"https:\/\/nordic-chefs.com\/product\/bunuelos-ring-head\/"},"modified":"2026-02-17T23:59:51","modified_gmt":"2026-02-17T21:59:51","slug":"molde-de-anillo","status":"publish","type":"product","link":"https:\/\/nordic-chefs.com\/es\/shop\/ring-mold\/","title":{"rendered":"Ring Croustade Mold"},"content":{"rendered":"<p class=\"p1\" style=\"text-align: center\">Nuestro molde en forma de anillo para Bu\u00f1uelos es un utensilio de cocina de calidad profesional fabricado en acero de aluminio de primera calidad. Tanto si est\u00e1 creando aperitivos crujientes, Bu\u00f1uelos tradicionales o cualquier otro aperitivo franc\u00e9s, este molde de aluminio le permite hacerlo con facilidad. Dise\u00f1ado para su uso en cocinas con estrellas Michelin, tambi\u00e9n es perfecto para los cocineros caseros que buscan una herramienta de chef de calidad. Con una superficie naturalmente antiadherente en las cabezas del molde y nuestro mango antideslizante, ofrece comodidad y precisi\u00f3n en cada sesi\u00f3n de horneado.<\/p>\n<p class=\"p1\" style=\"text-align: center\">Cambie f\u00e1cilmente entre nuestros moldes para bunuelos y abra a\u00fan m\u00e1s posibilidades con nuestra herramienta esencial para bunuelos.<\/p>","protected":false},"excerpt":{"rendered":"<p class=\"p1\" style=\"text-align: center\">Actualice su plancha de roseta con nuestro molde para bunuelos, ideal para elaborar bu\u00f1uelos \u00fanicos y fritos con nuevas formas y estilos.<br \/>\nTenga en cuenta lo siguiente: <i>Este producto s\u00f3lo incluye el molde. Las asas deben adquirirse por separado.<\/i><\/p>","protected":false},"featured_media":18067,"template":"","meta":{"_acf_changed":false,"_seopress_robots_primary_cat":"none","_seopress_titles_title":"Bunuelos Ring Iron professional chefs tool for fried snacks","_seopress_titles_desc":"fry gourmet Bunuelos with our premium bunuelos tool made for Michelin kitchens or home cooks. change your molds with ease - 21 different options","_seopress_robots_index":""},"product_brand":[],"product_cat":[267,152,168,167],"product_tag":[113],"class_list":{"0":"post-4138","1":"product","2":"type-product","3":"status-publish","4":"has-post-thumbnail","6":"product_cat-croustade-bunuelos-molds","7":"product_cat-croustade-iron-and-rosette-iron","8":"product_cat-double-iron","9":"product_cat-single-iron","10":"product_tag-head","11":"product-type-simple","12":"tm-no-options","14":"first","15":"instock","16":"taxable","17":"shipping-taxable","18":"purchasable"},"acf":[],"_links":{"self":[{"href":"https:\/\/nordic-chefs.com\/es\/wp-json\/wp\/v2\/product\/4138","targetHints":{"allow":["GET"]}}],"collection":[{"href":"https:\/\/nordic-chefs.com\/es\/wp-json\/wp\/v2\/product"}],"about":[{"href":"https:\/\/nordic-chefs.com\/es\/wp-json\/wp\/v2\/types\/product"}],"version-history":[{"count":0,"href":"https:\/\/nordic-chefs.com\/es\/wp-json\/wp\/v2\/product\/4138\/revisions"}],"wp:featuredmedia":[{"embeddable":true,"href":"https:\/\/nordic-chefs.com\/es\/wp-json\/wp\/v2\/media\/18067"}],"wp:attachment":[{"href":"https:\/\/nordic-chefs.com\/es\/wp-json\/wp\/v2\/media?parent=4138"}],"wp:term":[{"taxonomy":"product_brand","embeddable":true,"href":"https:\/\/nordic-chefs.com\/es\/wp-json\/wp\/v2\/product_brand?post=4138"},{"taxonomy":"product_cat","embeddable":true,"href":"https:\/\/nordic-chefs.com\/es\/wp-json\/wp\/v2\/product_cat?post=4138"},{"taxonomy":"product_tag","embeddable":true,"href":"https:\/\/nordic-chefs.com\/es\/wp-json\/wp\/v2\/product_tag?post=4138"}],"curies":[{"name":"wp","href":"https:\/\/api.w.org\/{rel}","templated":true}]}}