{"id":4145,"date":"2023-08-20T21:52:35","date_gmt":"2023-08-20T19:52:35","guid":{"rendered":"https:\/\/nordic-chefs.com\/product\/croustade-head\/"},"modified":"2026-02-20T23:36:23","modified_gmt":"2026-02-20T21:36:23","slug":"hierro-de-croustade","status":"publish","type":"product","link":"https:\/\/nordic-chefs.com\/es\/shop\/croustade-iron\/","title":{"rendered":"Molde Croustade"},"content":{"rendered":"<p class=\"p1\">Nuestro molde Croustade es un utensilio de cocina profesional inspirado en el molde asi\u00e1tico para tartas, pero fabricado en acero de aluminio de primera calidad. Tanto si est\u00e1 creando aperitivos dulces como mini tartas saladas, esta croustade lo hace con facilidad. Est\u00e1 dise\u00f1ada para su uso en cocinas con estrellas Michelin, pero tambi\u00e9n es perfecta para los cocineros caseros que buscan utensilios de cocina de calidad. Con su ligereza y sensaci\u00f3n de calidad, esta herramienta de chef est\u00e1 hecha para durar.<\/p>","protected":false},"excerpt":{"rendered":"<p class=\"p1\" style=\"text-align: center\">Nordic Chefs Pie tee mold is known as a professional kitchen tool for creating tart shells. It is used worldwide and is created with the chefs in mind &#8211; It is easy to clean, lightweight &amp; has an ergonomic design with changeable molds for creating versatile gourmet snacks!<\/p>\n<p style=\"text-align: center\">Tenga en cuenta lo siguiente: <i>Este producto s\u00f3lo incluye el molde. Las asas deben adquirirse por separado.<\/i><\/p>","protected":false},"featured_media":18045,"template":"","meta":{"_acf_changed":false,"_seopress_robots_primary_cat":"none","_seopress_titles_title":"Croustade Iron ideal for mini tart shells and crunchy snacks","_seopress_titles_desc":"Recommended by Chefs - create your own gourmet snacks at home or in a professional kitchen with our chef tool!","_seopress_robots_index":"","wprm-recipe-roundup-name":"","wprm-recipe-roundup-description":""},"product_brand":[],"product_cat":[267,152,168,167],"product_tag":[113],"class_list":{"0":"post-4145","1":"product","2":"type-product","3":"status-publish","4":"has-post-thumbnail","6":"product_cat-croustade-bunuelos-molds","7":"product_cat-croustade-iron-and-rosette-iron","8":"product_cat-double-iron","9":"product_cat-single-iron","10":"product_tag-head","11":"product-type-simple","12":"tm-no-options","14":"first","15":"instock","16":"taxable","17":"shipping-taxable","18":"purchasable"},"acf":[],"_links":{"self":[{"href":"https:\/\/nordic-chefs.com\/es\/wp-json\/wp\/v2\/product\/4145","targetHints":{"allow":["GET"]}}],"collection":[{"href":"https:\/\/nordic-chefs.com\/es\/wp-json\/wp\/v2\/product"}],"about":[{"href":"https:\/\/nordic-chefs.com\/es\/wp-json\/wp\/v2\/types\/product"}],"version-history":[{"count":0,"href":"https:\/\/nordic-chefs.com\/es\/wp-json\/wp\/v2\/product\/4145\/revisions"}],"wp:featuredmedia":[{"embeddable":true,"href":"https:\/\/nordic-chefs.com\/es\/wp-json\/wp\/v2\/media\/18045"}],"wp:attachment":[{"href":"https:\/\/nordic-chefs.com\/es\/wp-json\/wp\/v2\/media?parent=4145"}],"wp:term":[{"taxonomy":"product_brand","embeddable":true,"href":"https:\/\/nordic-chefs.com\/es\/wp-json\/wp\/v2\/product_brand?post=4145"},{"taxonomy":"product_cat","embeddable":true,"href":"https:\/\/nordic-chefs.com\/es\/wp-json\/wp\/v2\/product_cat?post=4145"},{"taxonomy":"product_tag","embeddable":true,"href":"https:\/\/nordic-chefs.com\/es\/wp-json\/wp\/v2\/product_tag?post=4145"}],"curies":[{"name":"wp","href":"https:\/\/api.w.org\/{rel}","templated":true}]}}