{"id":4155,"date":"2023-08-20T21:58:46","date_gmt":"2023-08-20T19:58:46","guid":{"rendered":"https:\/\/nordic-chefs.com\/product\/bunuelos-rosette-head\/"},"modified":"2026-02-20T23:38:43","modified_gmt":"2026-02-20T21:38:43","slug":"molde-de-roseta-de-hierro","status":"publish","type":"product","link":"https:\/\/nordic-chefs.com\/es\/shop\/rosette-iron-mold\/","title":{"rendered":"Hierro para croustade rosette"},"content":{"rendered":"<p style=\"text-align: center\">Improve your croustade molds setup with our changeable Rosette Iron mold attachment. Designed to fit perfectly on both our single and double handles. This croustade mold opens the door to creating shapes you know as &#8211; Fried rosette, rosettes, crispy fritters or mexican bu\u00f1uelos. Made for professional kitchens with its low weight and comfortably design.<\/p>\n<p style=\"text-align: center\">Switch easily between our molds for Croustade and open up for even more possibilities with our essential Croustade tool.<\/p>\n<p class=\"p1\" style=\"text-align: center\">Tenga en cuenta lo siguiente: <i>Este producto s\u00f3lo incluye el molde. Las asas deben adquirirse por separado.<\/i><\/p>\n<p style=\"text-align: center\">\u00bfHas visto nuestra receta de bunuelos? \u00a1cons\u00faltala aqu\u00ed! <a href=\"https:\/\/nordic-chefs.com\/es\/como-hacer-bunuelos\/\">C\u00f3mo hacer Bunuelos<\/a><\/p>\n<p style=\"text-align: center\"><strong>&nbsp;<\/strong><\/p>","protected":false},"excerpt":{"rendered":"<p>Mejore la configuraci\u00f3n de sus moldes Bunuelos con nuestro accesorio cambiable para moldes Rosette. Dise\u00f1ado para encajar perfectamente en nuestros mangos simples y dobles. Este molde de bu\u00f1uelo abre la puerta a la creaci\u00f3n de formas que usted conoce como - Bu\u00f1uelo frito, rosetas, bu\u00f1uelos crujientes o bu\u00f1uelos mexicanos. Hecho para cocinas profesionales con su bajo peso y c\u00f3modo dise\u00f1o.<\/p>","protected":false},"featured_media":18069,"template":"","meta":{"_acf_changed":false,"_seopress_robots_primary_cat":"none","_seopress_titles_title":"Rosette Iron Mold \u2013 Double Handle Bunuelos Mold for Chefs","_seopress_titles_desc":"This rosette iron mold doubles as a professional bunuelos mold \u2013 made for chefs who value quality and performance.","_seopress_robots_index":""},"product_brand":[],"product_cat":[267,152,168,167],"product_tag":[113],"class_list":{"0":"post-4155","1":"product","2":"type-product","3":"status-publish","4":"has-post-thumbnail","6":"product_cat-croustade-bunuelos-molds","7":"product_cat-croustade-iron-and-rosette-iron","8":"product_cat-double-iron","9":"product_cat-single-iron","10":"product_tag-head","11":"product-type-simple","12":"tm-no-options","14":"first","15":"instock","16":"taxable","17":"shipping-taxable","18":"purchasable"},"acf":[],"_links":{"self":[{"href":"https:\/\/nordic-chefs.com\/es\/wp-json\/wp\/v2\/product\/4155","targetHints":{"allow":["GET"]}}],"collection":[{"href":"https:\/\/nordic-chefs.com\/es\/wp-json\/wp\/v2\/product"}],"about":[{"href":"https:\/\/nordic-chefs.com\/es\/wp-json\/wp\/v2\/types\/product"}],"version-history":[{"count":0,"href":"https:\/\/nordic-chefs.com\/es\/wp-json\/wp\/v2\/product\/4155\/revisions"}],"wp:featuredmedia":[{"embeddable":true,"href":"https:\/\/nordic-chefs.com\/es\/wp-json\/wp\/v2\/media\/18069"}],"wp:attachment":[{"href":"https:\/\/nordic-chefs.com\/es\/wp-json\/wp\/v2\/media?parent=4155"}],"wp:term":[{"taxonomy":"product_brand","embeddable":true,"href":"https:\/\/nordic-chefs.com\/es\/wp-json\/wp\/v2\/product_brand?post=4155"},{"taxonomy":"product_cat","embeddable":true,"href":"https:\/\/nordic-chefs.com\/es\/wp-json\/wp\/v2\/product_cat?post=4155"},{"taxonomy":"product_tag","embeddable":true,"href":"https:\/\/nordic-chefs.com\/es\/wp-json\/wp\/v2\/product_tag?post=4155"}],"curies":[{"name":"wp","href":"https:\/\/api.w.org\/{rel}","templated":true}]}}