{"id":4186,"date":"2023-08-21T20:19:32","date_gmt":"2023-08-21T18:19:32","guid":{"rendered":"https:\/\/nordic-chefs.com\/product\/nordic-chefs-ironhandle\/"},"modified":"2026-02-20T12:37:29","modified_gmt":"2026-02-20T10:37:29","slug":"asa-unica","status":"publish","type":"product","link":"https:\/\/nordic-chefs.com\/es\/shop\/single-handle\/","title":{"rendered":"Hierro para croustades"},"content":{"rendered":"<p class=\"p1\">Nuestra plancha de asar es un utensilio de cocina profesional fabricado en acero inoxidable de primera calidad. Tanto si est\u00e1 creando galletas gourmet, bu\u00f1uelos o cualquier otro aperitivo crujiente, , este utensilio de cocina de acero inoxidable le permite hacerlo con facilidad. Dise\u00f1ada para su uso en cocinas con estrellas Michelin, tambi\u00e9n es perfecta para los cocineros caseros que buscan utensilios de cocina de calidad. Con una superficie naturalmente antiadherente en las cabezas de los moldes y un mango antideslizante, ofrece comodidad y precisi\u00f3n en cada sesi\u00f3n de horneado.<\/p>\n<p class=\"p2\"><b>Caracter\u00edsticas principales<\/b><\/p>\n<ul class=\"ul1\">\n<li class=\"li3\">Construcci\u00f3n de acero inoxidable de primera calidad para cocinas profesionales.<\/li>\n<li class=\"li3\">Herramienta de cocina vers\u00e1til para crear galletas, bocadillos, bu\u00f1uelos o reposter\u00eda gourmet.<\/li>\n<li class=\"li3\">Cambie f\u00e1cilmente de molde para obtener diversas creaciones culinarias.<\/li>\n<li class=\"li3\">Superficie antiadherente y mango ergon\u00f3mico para facilitar su uso y limpieza.<\/li>\n<li class=\"li3\">Incluye una receta con estrella Michelin para dominar los aperitivos gourmet.<\/li>\n<\/ul>","protected":false},"excerpt":{"rendered":"<p>Our Single Croustade \/ Rosette Iron is a professional-grade kitchen tool crafted from premium stainless steel. Whether you\u2019re creating gourmet cookies, Bu\u00f1uelos or any other crisp snacks, , this Stainless steel cookware allows you to do so with ease. Designed for use in Michelin-star kitchens, it\u2019s also perfect for home cooks looking for quality cookware. [&hellip;]<\/p>\n","protected":false},"featured_media":9597,"template":"","meta":{"_acf_changed":false,"_seopress_robots_primary_cat":"none","_seopress_titles_title":"Single Handle for making crispy fried snacks","_seopress_titles_desc":"Try our Single handle for making Croustade - a premium stainless steel tool perfect for creating gourmet snacks. Great chef tool for professional chefs","_seopress_robots_index":""},"product_brand":[],"product_cat":[152,167],"product_tag":[112,243],"class_list":{"0":"post-4186","1":"product","2":"type-product","3":"status-publish","4":"has-post-thumbnail","6":"product_cat-croustade-iron-and-rosette-iron","7":"product_cat-single-iron","8":"product_tag-handle","9":"product_tag-handle-color-iron","10":"product-type-variable","11":"tm-no-options","13":"first","14":"instock","15":"taxable","16":"shipping-taxable","17":"purchasable","19":"has-default-attributes"},"acf":[],"_links":{"self":[{"href":"https:\/\/nordic-chefs.com\/es\/wp-json\/wp\/v2\/product\/4186","targetHints":{"allow":["GET"]}}],"collection":[{"href":"https:\/\/nordic-chefs.com\/es\/wp-json\/wp\/v2\/product"}],"about":[{"href":"https:\/\/nordic-chefs.com\/es\/wp-json\/wp\/v2\/types\/product"}],"version-history":[{"count":0,"href":"https:\/\/nordic-chefs.com\/es\/wp-json\/wp\/v2\/product\/4186\/revisions"}],"wp:featuredmedia":[{"embeddable":true,"href":"https:\/\/nordic-chefs.com\/es\/wp-json\/wp\/v2\/media\/9597"}],"wp:attachment":[{"href":"https:\/\/nordic-chefs.com\/es\/wp-json\/wp\/v2\/media?parent=4186"}],"wp:term":[{"taxonomy":"product_brand","embeddable":true,"href":"https:\/\/nordic-chefs.com\/es\/wp-json\/wp\/v2\/product_brand?post=4186"},{"taxonomy":"product_cat","embeddable":true,"href":"https:\/\/nordic-chefs.com\/es\/wp-json\/wp\/v2\/product_cat?post=4186"},{"taxonomy":"product_tag","embeddable":true,"href":"https:\/\/nordic-chefs.com\/es\/wp-json\/wp\/v2\/product_tag?post=4186"}],"curies":[{"name":"wp","href":"https:\/\/api.w.org\/{rel}","templated":true}]}}