{"id":4584,"date":"2023-10-21T15:33:53","date_gmt":"2023-10-21T13:33:53","guid":{"rendered":"https:\/\/nordic-chefs.com\/?post_type=product&#038;p=4584"},"modified":"2026-02-20T23:37:10","modified_gmt":"2026-02-20T21:37:10","slug":"croustade-hierro-doble-asa","status":"publish","type":"product","link":"https:\/\/nordic-chefs.com\/es\/shop\/croustade-iron-double-handle\/","title":{"rendered":"Plancha Croustade - Doble Asa"},"content":{"rendered":"<p class=\"p1\">Nuestra plancha Croustade est\u00e1 dise\u00f1ada espec\u00edficamente para crear dos crujientes mini tartaletas - \u00bfLe gusta la comida de inspiraci\u00f3n francesa o los aperitivos asi\u00e1ticos? tal vez tiene debilidad por los aperitivos dulces - No hay problema, \u00a1nuestro molde para tartas lo puede todo! Este utensilio de cocina est\u00e1 fabricado en acero inoxidable duradero, f\u00e1cil de limpiar y ligero. El sistema de molde f\u00e1cil de cambiar le permite crear diferentes kueh pie tee, convirtiendo sus conchas de tarta en una variedad de aperitivos gourmet. Sabemos que disfrutar\u00e1 de las ilimitadas posibilidades de crujientes aperitivos en la mitad de tiempo - \u00a1no podemos esperar a ver sus creaciones!<\/p>","protected":false},"excerpt":{"rendered":"<p>Nuestro molde para tartas kueh es perfecto para hacer mini tartaletas, aperitivos gourmet y se ha creado pensando en el chef: \u00a1ligero, de dise\u00f1o ergon\u00f3mico y f\u00e1cil de limpiar! Utilizado por chefs Michelin de todo el mundo.<\/p>","protected":false},"featured_media":13878,"template":"","meta":{"_acf_changed":false,"_seopress_robots_primary_cat":"none","_seopress_titles_title":"Rosette & Croustade Iron Set For Gourmet Tart Shells","_seopress_titles_desc":"Make perfect mini tart shells with our croustade iron and rosette iron. Easy-to-clean, stainless steel mold ideal for sweet and savory gourmet snacks.","_seopress_robots_index":""},"product_brand":[],"product_cat":[152,168],"product_tag":[],"class_list":{"0":"post-4584","1":"product","2":"type-product","3":"status-publish","4":"has-post-thumbnail","6":"product_cat-croustade-iron-and-rosette-iron","7":"product_cat-double-iron","8":"product-type-variable","9":"tm-no-options","11":"first","12":"instock","13":"featured","14":"taxable","15":"shipping-taxable","16":"purchasable","18":"has-default-attributes"},"acf":[],"_links":{"self":[{"href":"https:\/\/nordic-chefs.com\/es\/wp-json\/wp\/v2\/product\/4584","targetHints":{"allow":["GET"]}}],"collection":[{"href":"https:\/\/nordic-chefs.com\/es\/wp-json\/wp\/v2\/product"}],"about":[{"href":"https:\/\/nordic-chefs.com\/es\/wp-json\/wp\/v2\/types\/product"}],"version-history":[{"count":0,"href":"https:\/\/nordic-chefs.com\/es\/wp-json\/wp\/v2\/product\/4584\/revisions"}],"wp:featuredmedia":[{"embeddable":true,"href":"https:\/\/nordic-chefs.com\/es\/wp-json\/wp\/v2\/media\/13878"}],"wp:attachment":[{"href":"https:\/\/nordic-chefs.com\/es\/wp-json\/wp\/v2\/media?parent=4584"}],"wp:term":[{"taxonomy":"product_brand","embeddable":true,"href":"https:\/\/nordic-chefs.com\/es\/wp-json\/wp\/v2\/product_brand?post=4584"},{"taxonomy":"product_cat","embeddable":true,"href":"https:\/\/nordic-chefs.com\/es\/wp-json\/wp\/v2\/product_cat?post=4584"},{"taxonomy":"product_tag","embeddable":true,"href":"https:\/\/nordic-chefs.com\/es\/wp-json\/wp\/v2\/product_tag?post=4584"}],"curies":[{"name":"wp","href":"https:\/\/api.w.org\/{rel}","templated":true}]}}