{"id":4643,"date":"2023-10-25T15:34:16","date_gmt":"2023-10-25T15:34:16","guid":{"rendered":"https:\/\/nordic-chefs.com\/product\/nordic-chefs-double-bunuelos-rosette-iron\/"},"modified":"2026-02-20T23:38:28","modified_gmt":"2026-02-20T21:38:28","slug":"roseta-de-hierro-de-doble-asa","status":"publish","type":"product","link":"https:\/\/nordic-chefs.com\/es\/shop\/rosette-iron-double-handle\/","title":{"rendered":"Roseta de hierro - Doble asa"},"content":{"rendered":"<p>Nuestro molde para bunuelos est\u00e1 dise\u00f1ado espec\u00edficamente para crear dos rosetas crujientes o bu\u00f1uelos fritos a la vez. Esta herramienta para bunuelos cuenta con mangos de acero inoxidable que son duraderos, f\u00e1ciles de limpiar y ligeros. El sistema de cabezal f\u00e1cil de cambiar le permite acoplar diferentes moldes, convirtiendo su plancha para rosetas en una soluci\u00f3n vers\u00e1til para moldes de bunuelos de todo tipo. Desde rosetas para postres dulces hasta bocadillos mexicanos tradicionales, podr\u00e1 preparar cualquier receta con este pr\u00e1ctico juego de planchas para rosetas. Disfrute de posibilidades ilimitadas para obtener bocadillos dorados y crujientes en la mitad de tiempo.<\/p>\n<p>&nbsp;<\/p>","protected":false},"excerpt":{"rendered":"<p>Nuestro molde para bunuelos est\u00e1 dise\u00f1ado espec\u00edficamente para crear dos rosetas crujientes o bu\u00f1uelos fritos a la vez. Esta herramienta para bunuelos cuenta con mangos de acero inoxidable que son duraderos, f\u00e1ciles de limpiar y ligeros. El sistema de cabezal f\u00e1cil de cambiar le permite acoplar diferentes moldes, convirtiendo su plancha para rosetas en una soluci\u00f3n vers\u00e1til para moldes de bunuelos de todo tipo. Desde rosetas para postres dulces hasta bocadillos mexicanos tradicionales, podr\u00e1 preparar cualquier receta con este pr\u00e1ctico juego de planchas para rosetas. Disfrute de posibilidades ilimitadas para obtener bocadillos dorados y crujientes en la mitad de tiempo.<\/p>\n<p>&nbsp;<\/p>","protected":false},"featured_media":14045,"template":"","meta":{"_acf_changed":false,"_seopress_robots_primary_cat":"none","_seopress_titles_title":"Rosette Iron - Cook Two Perfect Bunuelos molds at once","_seopress_titles_desc":"Work smarter with our Double Rosette Iron. Fry crispy mexican snacks and more using our professional bunuelos molds- Professional baking tool","_seopress_robots_index":""},"product_brand":[],"product_cat":[152,168],"product_tag":[],"class_list":{"0":"post-4643","1":"product","2":"type-product","3":"status-publish","4":"has-post-thumbnail","6":"product_cat-croustade-iron-and-rosette-iron","7":"product_cat-double-iron","8":"product-type-variable","9":"tm-no-options","11":"first","12":"instock","13":"taxable","14":"shipping-taxable","15":"purchasable","17":"has-default-attributes"},"acf":[],"_links":{"self":[{"href":"https:\/\/nordic-chefs.com\/es\/wp-json\/wp\/v2\/product\/4643","targetHints":{"allow":["GET"]}}],"collection":[{"href":"https:\/\/nordic-chefs.com\/es\/wp-json\/wp\/v2\/product"}],"about":[{"href":"https:\/\/nordic-chefs.com\/es\/wp-json\/wp\/v2\/types\/product"}],"version-history":[{"count":0,"href":"https:\/\/nordic-chefs.com\/es\/wp-json\/wp\/v2\/product\/4643\/revisions"}],"wp:featuredmedia":[{"embeddable":true,"href":"https:\/\/nordic-chefs.com\/es\/wp-json\/wp\/v2\/media\/14045"}],"wp:attachment":[{"href":"https:\/\/nordic-chefs.com\/es\/wp-json\/wp\/v2\/media?parent=4643"}],"wp:term":[{"taxonomy":"product_brand","embeddable":true,"href":"https:\/\/nordic-chefs.com\/es\/wp-json\/wp\/v2\/product_brand?post=4643"},{"taxonomy":"product_cat","embeddable":true,"href":"https:\/\/nordic-chefs.com\/es\/wp-json\/wp\/v2\/product_cat?post=4643"},{"taxonomy":"product_tag","embeddable":true,"href":"https:\/\/nordic-chefs.com\/es\/wp-json\/wp\/v2\/product_tag?post=4643"}],"curies":[{"name":"wp","href":"https:\/\/api.w.org\/{rel}","templated":true}]}}