{"id":4657,"date":"2023-10-25T18:42:46","date_gmt":"2023-10-25T16:42:46","guid":{"rendered":"https:\/\/nordic-chefs.com\/product\/nordic-chefs-dual-flat-top-iron\/"},"modified":"2026-04-24T15:32:17","modified_gmt":"2026-04-24T13:32:17","slug":"plancha-nordic-chefs-dual-flat-top","status":"publish","type":"product","link":"https:\/\/nordic-chefs.com\/es\/shop\/nordic-chefs-dual-flat-top-iron\/","title":{"rendered":"Nordic Chefs - Doble Flat Top Croustade"},"content":{"rendered":"<p>Nuestra plancha est\u00e1 dise\u00f1ada espec\u00edficamente para crear aperitivos crujientes con relleno. Duradera, f\u00e1cil de limpiar y de uso sencillo, garantiza la perfecci\u00f3n en cada uso.<\/p>\n<p>Los mangos de acero inoxidable ofrecen un cabezal f\u00e1cil de cambiar para colocar diferentes formas, con posibilidades ilimitadas<\/p>","protected":false},"excerpt":{"rendered":"<p style=\"text-align: center\">Nuestra plancha est\u00e1 dise\u00f1ada espec\u00edficamente para crear aperitivos crujientes con relleno. Duradera, f\u00e1cil de limpiar y de uso sencillo, garantiza la perfecci\u00f3n en cada uso.<\/p>\n<p style=\"text-align: center\">Los mangos de acero inoxidable ofrecen un cabezal f\u00e1cil de cambiar para colocar diferentes formas, con posibilidades ilimitadas<\/p>","protected":false},"featured_media":13872,"template":"","meta":{"_acf_changed":false,"_seopress_robots_primary_cat":"none","_seopress_titles_title":"Versatile Dual Flat Top Iron for Perfect Crispy Snacks","_seopress_titles_desc":"Create crispy snacks with ease! Durable, easy-to-clean Dual Flat Top Iron with changeable heads offers limitless possibilities. Perfect every time!","_seopress_robots_index":"","wprm-recipe-roundup-name":"","wprm-recipe-roundup-description":""},"product_brand":[],"product_cat":[278,152,168],"product_tag":[],"class_list":{"0":"post-4657","1":"product","2":"type-product","3":"status-publish","4":"has-post-thumbnail","6":"product_cat-20-off-croustade","7":"product_cat-croustade-iron-and-rosette-iron","8":"product_cat-double-iron","9":"product-type-variable","10":"tm-no-options","12":"first","13":"instock","14":"sale","15":"taxable","16":"shipping-taxable","17":"purchasable","19":"has-default-attributes"},"acf":[],"_links":{"self":[{"href":"https:\/\/nordic-chefs.com\/es\/wp-json\/wp\/v2\/product\/4657","targetHints":{"allow":["GET"]}}],"collection":[{"href":"https:\/\/nordic-chefs.com\/es\/wp-json\/wp\/v2\/product"}],"about":[{"href":"https:\/\/nordic-chefs.com\/es\/wp-json\/wp\/v2\/types\/product"}],"version-history":[{"count":1,"href":"https:\/\/nordic-chefs.com\/es\/wp-json\/wp\/v2\/product\/4657\/revisions"}],"predecessor-version":[{"id":20213,"href":"https:\/\/nordic-chefs.com\/es\/wp-json\/wp\/v2\/product\/4657\/revisions\/20213"}],"wp:featuredmedia":[{"embeddable":true,"href":"https:\/\/nordic-chefs.com\/es\/wp-json\/wp\/v2\/media\/13872"}],"wp:attachment":[{"href":"https:\/\/nordic-chefs.com\/es\/wp-json\/wp\/v2\/media?parent=4657"}],"wp:term":[{"taxonomy":"product_brand","embeddable":true,"href":"https:\/\/nordic-chefs.com\/es\/wp-json\/wp\/v2\/product_brand?post=4657"},{"taxonomy":"product_cat","embeddable":true,"href":"https:\/\/nordic-chefs.com\/es\/wp-json\/wp\/v2\/product_cat?post=4657"},{"taxonomy":"product_tag","embeddable":true,"href":"https:\/\/nordic-chefs.com\/es\/wp-json\/wp\/v2\/product_tag?post=4657"}],"curies":[{"name":"wp","href":"https:\/\/api.w.org\/{rel}","templated":true}]}}