{"id":4865,"date":"2023-11-28T13:36:20","date_gmt":"2023-11-28T11:36:20","guid":{"rendered":"https:\/\/nordic-chefs.com\/?post_type=product&#038;p=4865"},"modified":"2026-04-24T15:30:33","modified_gmt":"2026-04-24T13:30:33","slug":"croustade-hierro-monomando-nuevo-estilo","status":"publish","type":"product","link":"https:\/\/nordic-chefs.com\/es\/shop\/croustade-iron-single-handle-new-style\/","title":{"rendered":"Plancha Croustade - Monomando Nuevo Estilo"},"content":{"rendered":"<p class=\"p1\">Cree deliciosos aperitivos crujientes con nuestro molde para tartas de inspiraci\u00f3n asi\u00e1tica. Nuestro molde para croustade se calienta uniformemente, garantizando siempre resultados uniformes. Tanto si le inspiran los aperitivos asi\u00e1ticos llenos de umami, las mini tartaletas tradicionales o los aperitivos dulces en general, este vers\u00e1til molde croustade es la soluci\u00f3n. Creada para chefs, es f\u00e1cil de limpiar y est\u00e1 hecha para durar, lo que la convierte en la herramienta de cocina ideal tanto para chefs profesionales como para cocineros aficionados.<\/p>","protected":false},"excerpt":{"rendered":"<p>Nordic Chefs croustade iron is known professional kitchen tool for creating mini tart shells. It is used worldwide and is created with the chefs in mind &#8211; It is easy to clean, lightweight &amp; has an ergonomic design with changeable molds for creating versatile gourmet snacks!<\/p>","protected":false},"featured_media":13864,"template":"","meta":{"_acf_changed":false,"_seopress_robots_primary_cat":"none","_seopress_titles_title":"Krustadejern - single h\u00e5ndtag til hjemmelavede krustader","_seopress_titles_desc":"Lav krustade eller rosset vafler med vores forskellige forme - Lavet til kokke og professionelle k\u00f8kkener. Lav v\u00e6gt og h\u00f8j kvalitet!","_seopress_robots_index":"","wprm-recipe-roundup-name":"","wprm-recipe-roundup-description":""},"product_brand":[],"product_cat":[278,152,167],"product_tag":[],"class_list":{"0":"post-4865","1":"product","2":"type-product","3":"status-publish","4":"has-post-thumbnail","6":"product_cat-20-off-croustade","7":"product_cat-croustade-iron-and-rosette-iron","8":"product_cat-single-iron","9":"product-type-variable","10":"tm-no-options","12":"first","13":"instock","14":"sale","15":"taxable","16":"shipping-taxable","17":"purchasable","19":"has-default-attributes"},"acf":[],"_links":{"self":[{"href":"https:\/\/nordic-chefs.com\/es\/wp-json\/wp\/v2\/product\/4865","targetHints":{"allow":["GET"]}}],"collection":[{"href":"https:\/\/nordic-chefs.com\/es\/wp-json\/wp\/v2\/product"}],"about":[{"href":"https:\/\/nordic-chefs.com\/es\/wp-json\/wp\/v2\/types\/product"}],"version-history":[{"count":1,"href":"https:\/\/nordic-chefs.com\/es\/wp-json\/wp\/v2\/product\/4865\/revisions"}],"predecessor-version":[{"id":20211,"href":"https:\/\/nordic-chefs.com\/es\/wp-json\/wp\/v2\/product\/4865\/revisions\/20211"}],"wp:featuredmedia":[{"embeddable":true,"href":"https:\/\/nordic-chefs.com\/es\/wp-json\/wp\/v2\/media\/13864"}],"wp:attachment":[{"href":"https:\/\/nordic-chefs.com\/es\/wp-json\/wp\/v2\/media?parent=4865"}],"wp:term":[{"taxonomy":"product_brand","embeddable":true,"href":"https:\/\/nordic-chefs.com\/es\/wp-json\/wp\/v2\/product_brand?post=4865"},{"taxonomy":"product_cat","embeddable":true,"href":"https:\/\/nordic-chefs.com\/es\/wp-json\/wp\/v2\/product_cat?post=4865"},{"taxonomy":"product_tag","embeddable":true,"href":"https:\/\/nordic-chefs.com\/es\/wp-json\/wp\/v2\/product_tag?post=4865"}],"curies":[{"name":"wp","href":"https:\/\/api.w.org\/{rel}","templated":true}]}}