{"id":8064,"date":"2024-05-26T18:56:48","date_gmt":"2024-05-26T18:56:48","guid":{"rendered":"https:\/\/nordic-chefs.com\/?post_type=product&#038;p=8064"},"modified":"2025-11-28T15:52:44","modified_gmt":"2025-11-28T13:52:44","slug":"molde-oval","status":"publish","type":"product","link":"https:\/\/nordic-chefs.com\/es\/shop\/oval-mold\/","title":{"rendered":"Molde oval - Saint Honore"},"content":{"rendered":"<p data-start=\"520\" data-end=\"773\">Nuestro molde de silicona ovalado es una versi\u00f3n refinada del molde tradicional. <em data-start=\"580\" data-end=\"594\">Saint-Honor\u00e9<\/em> limpia, moderna e ideal para presentaciones elegantes. Tanto si est\u00e1 emplatando postres como creando elementos moldeados, esta forma a\u00f1ade un toque profesional con el m\u00ednimo esfuerzo.<\/p>\n<p data-start=\"775\" data-end=\"990\">El molde est\u00e1 dise\u00f1ado y fabricado en Dinamarca con silicona alimentaria 100%. Fue desarrollado en colaboraci\u00f3n con Elisabeth Madsen, que gan\u00f3 el oro en el Bocuse d'Or 2023 como commis junto al jefe de cocina Brian Mark Hansen.<\/p>\n<p data-start=\"992\" data-end=\"1110\">Cada pedido incluye un molde, resistente a temperaturas de -50\u00b0C a +250\u00b0C, apto para todo tipo de hornos y congeladores.<\/p>","protected":false},"excerpt":{"rendered":"<p>Nuestro molde de silicona ovalado es una versi\u00f3n refinada del molde tradicional. <em data-start=\"580\" data-end=\"594\">Saint-Honor\u00e9<\/em> limpia, moderna e ideal para presentaciones elegantes. Tanto si est\u00e1 emplatando postres como creando elementos moldeados, esta forma a\u00f1ade un toque profesional con el m\u00ednimo esfuerzo.<\/p>","protected":false},"featured_media":14926,"template":"","meta":{"_acf_changed":false,"_seopress_robots_primary_cat":"none","_seopress_titles_title":"Oval Silicone Mold \u2013 Saint-Honor\u00e9 Inspired, Made with Elisabeth Madsen","_seopress_titles_desc":"Create elegant desserts with our Oval Mold, designed with Elisabeth Madsen. Made in Denmark from 100% food-grade silicone. Oven & freezer safe.","_seopress_robots_index":""},"product_brand":[],"product_cat":[104],"product_tag":[27],"class_list":{"0":"post-8064","1":"product","2":"type-product","3":"status-publish","4":"has-post-thumbnail","6":"product_cat-silicone-molds-3d","7":"product_tag-none","8":"product-type-simple","9":"tm-no-options","11":"first","12":"instock","13":"taxable","14":"shipping-taxable","15":"purchasable"},"acf":[],"_links":{"self":[{"href":"https:\/\/nordic-chefs.com\/es\/wp-json\/wp\/v2\/product\/8064","targetHints":{"allow":["GET"]}}],"collection":[{"href":"https:\/\/nordic-chefs.com\/es\/wp-json\/wp\/v2\/product"}],"about":[{"href":"https:\/\/nordic-chefs.com\/es\/wp-json\/wp\/v2\/types\/product"}],"version-history":[{"count":0,"href":"https:\/\/nordic-chefs.com\/es\/wp-json\/wp\/v2\/product\/8064\/revisions"}],"wp:featuredmedia":[{"embeddable":true,"href":"https:\/\/nordic-chefs.com\/es\/wp-json\/wp\/v2\/media\/14926"}],"wp:attachment":[{"href":"https:\/\/nordic-chefs.com\/es\/wp-json\/wp\/v2\/media?parent=8064"}],"wp:term":[{"taxonomy":"product_brand","embeddable":true,"href":"https:\/\/nordic-chefs.com\/es\/wp-json\/wp\/v2\/product_brand?post=8064"},{"taxonomy":"product_cat","embeddable":true,"href":"https:\/\/nordic-chefs.com\/es\/wp-json\/wp\/v2\/product_cat?post=8064"},{"taxonomy":"product_tag","embeddable":true,"href":"https:\/\/nordic-chefs.com\/es\/wp-json\/wp\/v2\/product_tag?post=8064"}],"curies":[{"name":"wp","href":"https:\/\/api.w.org\/{rel}","templated":true}]}}