{"id":8084,"date":"2024-05-30T20:00:50","date_gmt":"2024-05-30T18:00:50","guid":{"rendered":"https:\/\/nordic-chefs.com\/?post_type=product&#038;p=8084"},"modified":"2025-12-01T01:29:11","modified_gmt":"2025-11-30T23:29:11","slug":"moho-de-flor","status":"publish","type":"product","link":"https:\/\/nordic-chefs.com\/es\/shop\/blossom-mold\/","title":{"rendered":"Molde en flor - Saint Honore"},"content":{"rendered":"<p data-start=\"207\" data-end=\"391\">Nuestro molde de silicona Blossom est\u00e1 inspirado en el ic\u00f3nico <em data-start=\"259\" data-end=\"273\">Saint-Honor\u00e9<\/em> con un suave toque floral. Su dise\u00f1o limpio y elegante aporta un acabado profesional a cualquier postre.<\/p>\n<p data-start=\"393\" data-end=\"610\">El molde se ha dise\u00f1ado y fabricado en Dinamarca con silicona alimentaria 100%, y se ha desarrollado en colaboraci\u00f3n con Elisabeth Madsen, que gan\u00f3 el oro en el Bocuse d'Or 2023 como commis junto al jefe de cocina Brian Mark Hansen.<\/p>\n<p data-start=\"612\" data-end=\"710\">Cada pedido incluye un molde, seguro para su uso entre -50\u00b0C y +250\u00b0C, ideal tanto para hornos como para congeladores.<\/p>","protected":false},"excerpt":{"rendered":"<p>Nuestro molde de silicona Blossom est\u00e1 inspirado en el ic\u00f3nico <em data-start=\"259\" data-end=\"273\">Saint-Honor\u00e9<\/em> con un suave toque floral. Su dise\u00f1o limpio y elegante aporta un acabado profesional a cualquier postre.<\/p>","protected":false},"featured_media":14914,"template":"","meta":{"_acf_changed":false,"_seopress_robots_primary_cat":"none","_seopress_titles_title":"Blossom silicone Mold Saint-Honor\u00e9 shaped for pretty desserts","_seopress_titles_desc":"Use our Saint-Honor\u00e9 Blossom Mold to create elegant desserts. Made in Denmark from 100% food-grade silicone. Oven & freezer safe","_seopress_robots_index":""},"product_brand":[],"product_cat":[104],"product_tag":[103],"class_list":{"0":"post-8084","1":"product","2":"type-product","3":"status-publish","4":"has-post-thumbnail","6":"product_cat-silicone-molds-3d","7":"product_tag-with-variants","8":"product-type-variable","9":"tm-no-options","11":"first","12":"instock","13":"taxable","14":"shipping-taxable","15":"purchasable","17":"has-default-attributes"},"acf":[],"_links":{"self":[{"href":"https:\/\/nordic-chefs.com\/es\/wp-json\/wp\/v2\/product\/8084","targetHints":{"allow":["GET"]}}],"collection":[{"href":"https:\/\/nordic-chefs.com\/es\/wp-json\/wp\/v2\/product"}],"about":[{"href":"https:\/\/nordic-chefs.com\/es\/wp-json\/wp\/v2\/types\/product"}],"version-history":[{"count":0,"href":"https:\/\/nordic-chefs.com\/es\/wp-json\/wp\/v2\/product\/8084\/revisions"}],"wp:featuredmedia":[{"embeddable":true,"href":"https:\/\/nordic-chefs.com\/es\/wp-json\/wp\/v2\/media\/14914"}],"wp:attachment":[{"href":"https:\/\/nordic-chefs.com\/es\/wp-json\/wp\/v2\/media?parent=8084"}],"wp:term":[{"taxonomy":"product_brand","embeddable":true,"href":"https:\/\/nordic-chefs.com\/es\/wp-json\/wp\/v2\/product_brand?post=8084"},{"taxonomy":"product_cat","embeddable":true,"href":"https:\/\/nordic-chefs.com\/es\/wp-json\/wp\/v2\/product_cat?post=8084"},{"taxonomy":"product_tag","embeddable":true,"href":"https:\/\/nordic-chefs.com\/es\/wp-json\/wp\/v2\/product_tag?post=8084"}],"curies":[{"name":"wp","href":"https:\/\/api.w.org\/{rel}","templated":true}]}}