{"id":9575,"date":"2024-09-22T20:41:00","date_gmt":"2024-09-22T18:41:00","guid":{"rendered":"https:\/\/nordic-chefs.com\/shop\/uncategorized\/nordic-chefs-single-handle-new-style\/"},"modified":"2025-11-23T23:25:02","modified_gmt":"2025-11-23T21:25:02","slug":"nordic-chefs-monomando-new-style","status":"publish","type":"product","link":"https:\/\/nordic-chefs.com\/es\/shop\/nordic-chefs-single-handle-new-style\/","title":{"rendered":"Asa de nuevo estilo"},"content":{"rendered":"<p class=\"p1\">Nuestro utensilio de cocina de un solo mango - Nuevo estilo para crear croustade, es un utensilio de cocina de calidad profesional fabricado en acero inoxidable de primera calidad. Tanto si est\u00e1 creando galletas gourmet, bu\u00f1uelos o cualquier otro aperitivo crujiente, , este utensilio de cocina de acero inoxidable le permite hacerlo con facilidad. Dise\u00f1ada para su uso en cocinas con estrellas Michelin, tambi\u00e9n es perfecta para los cocineros caseros que buscan utensilios de cocina de calidad. Con una superficie naturalmente antiadherente en las cabezas de los moldes y un mango antideslizante, ofrece comodidad y precisi\u00f3n en cada sesi\u00f3n de horneado.<\/p>\n<p class=\"p2\"><b>Caracter\u00edsticas principales<\/b><\/p>\n<ul class=\"ul1\">\n<li class=\"li3\">Construcci\u00f3n de acero inoxidable de primera calidad para cocinas profesionales.<\/li>\n<li class=\"li3\">Herramienta de cocina vers\u00e1til para crear galletas, bocadillos, bu\u00f1uelos o reposter\u00eda gourmet.<\/li>\n<li class=\"li3\">Cambie f\u00e1cilmente de molde para obtener diversas creaciones culinarias.<\/li>\n<li class=\"li3\">Superficie antiadherente y mango ergon\u00f3mico para facilitar su uso y limpieza.<\/li>\n<li class=\"li3\">Incluye una receta con estrella Michelin para dominar los aperitivos gourmet.<\/li>\n<\/ul>","protected":false},"excerpt":{"rendered":"<p class=\"p1\">Nuestro utensilio de cocina de un solo mango - Nuevo estilo para crear croustade, es un utensilio de cocina de calidad profesional fabricado en acero inoxidable de primera calidad. Tanto si est\u00e1 creando galletas gourmet, bu\u00f1uelos o cualquier otro aperitivo crujiente, , este utensilio de cocina de acero inoxidable le permite hacerlo con facilidad. Dise\u00f1ada para su uso en cocinas con estrellas Michelin, tambi\u00e9n es perfecta para los cocineros caseros que buscan utensilios de cocina de calidad. Con una superficie naturalmente antiadherente en las cabezas de los moldes y un mango antideslizante, ofrece comodidad y precisi\u00f3n en cada sesi\u00f3n de horneado.<\/p>\n<p class=\"p2\"><b>Caracter\u00edsticas principales<\/b><\/p>\n<ul class=\"ul1\">\n<li class=\"li3\">Construcci\u00f3n de acero inoxidable de primera calidad para cocinas profesionales.<\/li>\n<li class=\"li3\">Herramienta de cocina vers\u00e1til para crear galletas, bocadillos, bu\u00f1uelos o reposter\u00eda gourmet.<\/li>\n<li class=\"li3\">Cambie f\u00e1cilmente de molde para obtener diversas creaciones culinarias.<\/li>\n<li class=\"li3\">Superficie antiadherente y mango ergon\u00f3mico para facilitar su uso y limpieza.<\/li>\n<li class=\"li3\">Incluye una receta con estrella Michelin para dominar los aperitivos gourmet.<\/li>\n<\/ul>","protected":false},"featured_media":9573,"template":"","meta":{"_acf_changed":false,"_seopress_robots_primary_cat":"none","_seopress_titles_title":"New style Croustade iron","_seopress_titles_desc":"Make croustades & bu\u00f1uelos with ease using our stainless steel tool. Non-stick, ergonomic design for pro & home kitchens. Includes Michelin recipe!","_seopress_robots_index":"","wprm-recipe-roundup-name":"","wprm-recipe-roundup-description":""},"product_brand":[],"product_cat":[152,167],"product_tag":[],"class_list":{"0":"post-9575","1":"product","2":"type-product","3":"status-publish","4":"has-post-thumbnail","6":"product_cat-croustade-iron-and-rosette-iron","7":"product_cat-single-iron","8":"product-type-variable","9":"tm-no-options","11":"first","12":"instock","13":"taxable","14":"shipping-taxable","15":"purchasable","17":"has-default-attributes"},"acf":[],"_links":{"self":[{"href":"https:\/\/nordic-chefs.com\/es\/wp-json\/wp\/v2\/product\/9575","targetHints":{"allow":["GET"]}}],"collection":[{"href":"https:\/\/nordic-chefs.com\/es\/wp-json\/wp\/v2\/product"}],"about":[{"href":"https:\/\/nordic-chefs.com\/es\/wp-json\/wp\/v2\/types\/product"}],"version-history":[{"count":0,"href":"https:\/\/nordic-chefs.com\/es\/wp-json\/wp\/v2\/product\/9575\/revisions"}],"wp:featuredmedia":[{"embeddable":true,"href":"https:\/\/nordic-chefs.com\/es\/wp-json\/wp\/v2\/media\/9573"}],"wp:attachment":[{"href":"https:\/\/nordic-chefs.com\/es\/wp-json\/wp\/v2\/media?parent=9575"}],"wp:term":[{"taxonomy":"product_brand","embeddable":true,"href":"https:\/\/nordic-chefs.com\/es\/wp-json\/wp\/v2\/product_brand?post=9575"},{"taxonomy":"product_cat","embeddable":true,"href":"https:\/\/nordic-chefs.com\/es\/wp-json\/wp\/v2\/product_cat?post=9575"},{"taxonomy":"product_tag","embeddable":true,"href":"https:\/\/nordic-chefs.com\/es\/wp-json\/wp\/v2\/product_tag?post=9575"}],"curies":[{"name":"wp","href":"https:\/\/api.w.org\/{rel}","templated":true}]}}