{"id":9578,"date":"2024-09-22T20:47:41","date_gmt":"2024-09-22T18:47:41","guid":{"rendered":"https:\/\/nordic-chefs.com\/shop\/uncategorized\/nordic-chefs-double-croustade-iron-2\/"},"modified":"2026-02-26T14:24:20","modified_gmt":"2026-02-26T12:24:20","slug":"doble-asa-de-hierro","status":"publish","type":"product","link":"https:\/\/nordic-chefs.com\/es\/shop\/double-iron-handle\/","title":{"rendered":"Doble asa de hierro"},"content":{"rendered":"<p class=\"p1\">Nuestra plancha doble Croustade \/ Rosette es un utensilio de cocina profesional fabricado en acero inoxidable de primera calidad. Tanto si est\u00e1 creando galletas gourmet, Bu\u00f1uelos o cualquier otro aperitivo crujiente, , este utensilio de cocina de acero inoxidable le permite hacerlo con facilidad. Dise\u00f1ada para su uso en cocinas con estrellas Michelin, tambi\u00e9n es perfecta para los cocineros caseros que buscan utensilios de cocina de calidad. Con una superficie naturalmente antiadherente en las cabezas de los moldes y un mango antideslizante, ofrece comodidad y precisi\u00f3n en cada sesi\u00f3n de horneado.<\/p>\n<p class=\"p2\"><b>Caracter\u00edsticas principales<\/b><\/p>\n<ul class=\"ul1\">\n<li class=\"li3\">Construcci\u00f3n de acero inoxidable de primera calidad para cocinas profesionales.<\/li>\n<li class=\"li3\">Herramienta de cocina vers\u00e1til para crear galletas, bocadillos, bu\u00f1uelos o reposter\u00eda gourmet.<\/li>\n<li class=\"li3\">Cambie f\u00e1cilmente de molde para obtener diversas creaciones culinarias.<\/li>\n<li class=\"li3\">Superficie antiadherente y mango ergon\u00f3mico para facilitar su uso y limpieza.<\/li>\n<li class=\"li3\">Incluye una receta con estrella Michelin del chef Eric Vildgaard para dominar el croustaden gourmet.<\/li>\n<\/ul>","protected":false},"excerpt":{"rendered":"<p class=\"p1\">Nuestra plancha doble Croustade \/ Rosette es un utensilio de cocina profesional fabricado en acero inoxidable de primera calidad. Tanto si est\u00e1 creando galletas gourmet, Bu\u00f1uelos o cualquier otro aperitivo crujiente, , este utensilio de cocina de acero inoxidable le permite hacerlo con facilidad. Dise\u00f1ada para su uso en cocinas con estrellas Michelin, tambi\u00e9n es perfecta para los cocineros caseros que buscan utensilios de cocina de calidad. Con una superficie naturalmente antiadherente en las cabezas de los moldes y un mango antideslizante, ofrece comodidad y precisi\u00f3n en cada sesi\u00f3n de horneado.<\/p>\n<p class=\"p2\"><b>Caracter\u00edsticas principales<\/b><\/p>\n<ul class=\"ul1\">\n<li class=\"li3\">Construcci\u00f3n de acero inoxidable de primera calidad para cocinas profesionales.<\/li>\n<li class=\"li3\">Herramienta de cocina vers\u00e1til para crear galletas, bocadillos, bu\u00f1uelos o reposter\u00eda gourmet.<\/li>\n<li class=\"li3\">Cambie f\u00e1cilmente de molde para obtener diversas creaciones culinarias.<\/li>\n<li class=\"li3\">Superficie antiadherente y mango ergon\u00f3mico para facilitar su uso y limpieza.<\/li>\n<li class=\"li3\">Incluye una receta con estrella Michelin del chef Eric Vildgaard para dominar el croustaden gourmet.<\/li>\n<\/ul>","protected":false},"featured_media":9577,"template":"","meta":{"_acf_changed":false,"_seopress_robots_primary_cat":"none","_seopress_titles_title":"Krustadejern dobbelt s\u00e5 effektivt - kokkenes foretrukne","_seopress_titles_desc":"Single, dobbelt eller FiveMount - design selv. V\u00e6lg mellem 9 krustade forme og farve p\u00e5 dit h\u00e5ndtag til samme lave pris og dansk design","_seopress_robots_index":"","wprm-recipe-roundup-name":"","wprm-recipe-roundup-description":""},"product_brand":[],"product_cat":[152,168],"product_tag":[117,119,112,118,120],"class_list":{"0":"post-9578","1":"product","2":"type-product","3":"status-publish","4":"has-post-thumbnail","6":"product_cat-croustade-iron-and-rosette-iron","7":"product_cat-double-iron","8":"product_tag-croustade","9":"product_tag-double","10":"product_tag-handle","11":"product_tag-rosette","12":"product_tag-snacks","13":"product-type-variable","14":"tm-no-options","16":"first","17":"instock","18":"taxable","19":"shipping-taxable","20":"purchasable","22":"has-default-attributes"},"acf":[],"_links":{"self":[{"href":"https:\/\/nordic-chefs.com\/es\/wp-json\/wp\/v2\/product\/9578","targetHints":{"allow":["GET"]}}],"collection":[{"href":"https:\/\/nordic-chefs.com\/es\/wp-json\/wp\/v2\/product"}],"about":[{"href":"https:\/\/nordic-chefs.com\/es\/wp-json\/wp\/v2\/types\/product"}],"version-history":[{"count":0,"href":"https:\/\/nordic-chefs.com\/es\/wp-json\/wp\/v2\/product\/9578\/revisions"}],"wp:featuredmedia":[{"embeddable":true,"href":"https:\/\/nordic-chefs.com\/es\/wp-json\/wp\/v2\/media\/9577"}],"wp:attachment":[{"href":"https:\/\/nordic-chefs.com\/es\/wp-json\/wp\/v2\/media?parent=9578"}],"wp:term":[{"taxonomy":"product_brand","embeddable":true,"href":"https:\/\/nordic-chefs.com\/es\/wp-json\/wp\/v2\/product_brand?post=9578"},{"taxonomy":"product_cat","embeddable":true,"href":"https:\/\/nordic-chefs.com\/es\/wp-json\/wp\/v2\/product_cat?post=9578"},{"taxonomy":"product_tag","embeddable":true,"href":"https:\/\/nordic-chefs.com\/es\/wp-json\/wp\/v2\/product_tag?post=9578"}],"curies":[{"name":"wp","href":"https:\/\/api.w.org\/{rel}","templated":true}]}}