{"id":9628,"date":"2024-09-24T14:20:33","date_gmt":"2024-09-24T12:20:33","guid":{"rendered":"https:\/\/nordic-chefs.com\/?post_type=product&#038;p=9628"},"modified":"2026-05-04T23:30:55","modified_gmt":"2026-05-04T21:30:55","slug":"juego-de-cutter-press","status":"publish","type":"product","link":"https:\/\/nordic-chefs.com\/es\/shop\/cutter-press-set\/","title":{"rendered":"Juego de cookie cutters telesc\u00f3picos (8pc)"},"content":{"rendered":"<p style=\"text-align: center\">Nuestro exclusivo juego de prensa cortadora est\u00e1 especialmente dise\u00f1ado para chefs que desean perfeccionar sus t\u00e9cnicas de emplatado. Con anillos de precisi\u00f3n ajustables, esta herramienta permite controlar meticulosamente el tama\u00f1o de las porciones, por lo que es ideal para crear presentaciones culinarias uniformes. Tanto si prepara intrincados aperitivos como elegantes postres, este juego de cortadores le ayudar\u00e1 a conseguir bellos resultados con facilidad. Utilice la prensa adjunta para moldear el plato que desee, como caviar, tartar de at\u00fan o un delicioso postre. Los anillos est\u00e1n fabricados sin soldaduras visibles, \u00a1lo que hace que los cortes sean perfectamente redondos!<\/p>\n<p style=\"text-align: center\">Hecho y dise\u00f1ado por chefs n\u00f3rdicos<\/p>","protected":false},"excerpt":{"rendered":"<p>Nuestro cortapastas est\u00e1 especialmente dise\u00f1ado para chefs que desean perfeccionar sus t\u00e9cnicas de emplatado. Con anillos de precisi\u00f3n ajustables, esta herramienta permite un control meticuloso sobre el tama\u00f1o de las porciones, por lo que es ideal para crear presentaciones culinarias uniformes.<\/p>","protected":false},"featured_media":13025,"template":"","meta":{"_acf_changed":false,"_seopress_robots_primary_cat":"none","_seopress_titles_title":"Cutter Press Set for Precision Plating by Nordic Chefs","_seopress_titles_desc":"Perfect the art of plating with our cutters with a press to mold your food perfectly, designed for chefs who value precision and quality chef tools","_seopress_robots_index":"","wprm-recipe-roundup-name":"","wprm-recipe-roundup-description":""},"product_brand":[],"product_cat":[116],"product_tag":[25],"class_list":{"0":"post-9628","1":"product","2":"type-product","3":"status-publish","4":"has-post-thumbnail","6":"product_cat-cutter","7":"product_tag-engraving","8":"product-type-simple","9":"tm-has-options","11":"first","12":"onbackorder","13":"featured","14":"taxable","15":"shipping-taxable","16":"purchasable"},"acf":[],"_links":{"self":[{"href":"https:\/\/nordic-chefs.com\/es\/wp-json\/wp\/v2\/product\/9628","targetHints":{"allow":["GET"]}}],"collection":[{"href":"https:\/\/nordic-chefs.com\/es\/wp-json\/wp\/v2\/product"}],"about":[{"href":"https:\/\/nordic-chefs.com\/es\/wp-json\/wp\/v2\/types\/product"}],"version-history":[{"count":1,"href":"https:\/\/nordic-chefs.com\/es\/wp-json\/wp\/v2\/product\/9628\/revisions"}],"predecessor-version":[{"id":19530,"href":"https:\/\/nordic-chefs.com\/es\/wp-json\/wp\/v2\/product\/9628\/revisions\/19530"}],"wp:featuredmedia":[{"embeddable":true,"href":"https:\/\/nordic-chefs.com\/es\/wp-json\/wp\/v2\/media\/13025"}],"wp:attachment":[{"href":"https:\/\/nordic-chefs.com\/es\/wp-json\/wp\/v2\/media?parent=9628"}],"wp:term":[{"taxonomy":"product_brand","embeddable":true,"href":"https:\/\/nordic-chefs.com\/es\/wp-json\/wp\/v2\/product_brand?post=9628"},{"taxonomy":"product_cat","embeddable":true,"href":"https:\/\/nordic-chefs.com\/es\/wp-json\/wp\/v2\/product_cat?post=9628"},{"taxonomy":"product_tag","embeddable":true,"href":"https:\/\/nordic-chefs.com\/es\/wp-json\/wp\/v2\/product_tag?post=9628"}],"curies":[{"name":"wp","href":"https:\/\/api.w.org\/{rel}","templated":true}]}}