{"id":9655,"date":"2024-09-24T19:13:02","date_gmt":"2024-09-24T17:13:02","guid":{"rendered":"https:\/\/nordic-chefs.com\/?post_type=product&#038;p=9655"},"modified":"2025-08-18T15:19:54","modified_gmt":"2025-08-18T13:19:54","slug":"cortador-grande-6pcs-add-on-kit","status":"publish","type":"product","link":"https:\/\/nordic-chefs.com\/es\/shop\/large-cutter-6pcs-add-on-kit\/","title":{"rendered":"Gran juego de cortadores(6 piezas - Kit adicional)"},"content":{"rendered":"<p style=\"text-align: left;\">Nuestro kit complementario de cortadores grandes. Dise\u00f1ado para preparar ingredientes sustanciosos, este kit incluye varios tama\u00f1os de anillos que facilitan conseguir uniformidad en cada plato. Tanto si se trata de sabrosos entrantes como de grandes aperitivos dulces, estos cortadores est\u00e1n fabricados para responder a las exigencias de una cocina ajetreada, garantizando la precisi\u00f3n en cada uso. Los aros est\u00e1n fabricados sin soldaduras visibles, por lo que los cortes son perfectamente redondos.<span class=\"Apple-converted-space\">\u00a0 <\/span><\/p>\n<p style=\"text-align: left;\">Hecho y dise\u00f1ado por chefs n\u00f3rdicos<\/p>","protected":false},"excerpt":{"rendered":"<p>Nuestro kit complementario de cortadores grandes. Dise\u00f1ado para preparar ingredientes sustanciosos, este kit incluye varios tama\u00f1os de anillas que facilitan conseguir uniformidad en cada plato.<\/p>","protected":false},"featured_media":14270,"template":"","meta":{"_acf_changed":false,"_seopress_robots_primary_cat":"none","_seopress_titles_title":"Large Cutter Tools for Professional Chefs by Nordic Chefs","_seopress_titles_desc":"Our cookie cutter kit is perfect for large-scale culinary creations with our robust large cutters, ideal for professional kitchens used worldwide, everyday","_seopress_robots_index":""},"product_brand":[],"product_cat":[116],"product_tag":[25],"class_list":{"0":"post-9655","1":"product","2":"type-product","3":"status-publish","4":"has-post-thumbnail","6":"product_cat-cutter","7":"product_tag-engraving","8":"product-type-simple","9":"tm-has-options","11":"first","12":"instock","13":"taxable","14":"shipping-taxable","15":"purchasable"},"acf":[],"_links":{"self":[{"href":"https:\/\/nordic-chefs.com\/es\/wp-json\/wp\/v2\/product\/9655","targetHints":{"allow":["GET"]}}],"collection":[{"href":"https:\/\/nordic-chefs.com\/es\/wp-json\/wp\/v2\/product"}],"about":[{"href":"https:\/\/nordic-chefs.com\/es\/wp-json\/wp\/v2\/types\/product"}],"version-history":[{"count":0,"href":"https:\/\/nordic-chefs.com\/es\/wp-json\/wp\/v2\/product\/9655\/revisions"}],"wp:featuredmedia":[{"embeddable":true,"href":"https:\/\/nordic-chefs.com\/es\/wp-json\/wp\/v2\/media\/14270"}],"wp:attachment":[{"href":"https:\/\/nordic-chefs.com\/es\/wp-json\/wp\/v2\/media?parent=9655"}],"wp:term":[{"taxonomy":"product_brand","embeddable":true,"href":"https:\/\/nordic-chefs.com\/es\/wp-json\/wp\/v2\/product_brand?post=9655"},{"taxonomy":"product_cat","embeddable":true,"href":"https:\/\/nordic-chefs.com\/es\/wp-json\/wp\/v2\/product_cat?post=9655"},{"taxonomy":"product_tag","embeddable":true,"href":"https:\/\/nordic-chefs.com\/es\/wp-json\/wp\/v2\/product_tag?post=9655"}],"curies":[{"name":"wp","href":"https:\/\/api.w.org\/{rel}","templated":true}]}}