{"id":9664,"date":"2024-09-24T20:56:15","date_gmt":"2024-09-24T18:56:15","guid":{"rendered":"https:\/\/nordic-chefs.com\/?post_type=product&#038;p=9664"},"modified":"2025-08-18T15:17:00","modified_gmt":"2025-08-18T13:17:00","slug":"cortador-pequeno-addon-kit-5pcs","status":"publish","type":"product","link":"https:\/\/nordic-chefs.com\/es\/shop\/small-cutter-addon-kit-5pcs\/","title":{"rendered":"Kit de cortadores peque\u00f1os (5 piezas - Kit adicional)"},"content":{"rendered":"<p style=\"text-align: left;\">Nuestro kit adicional de cortadores peque\u00f1os est\u00e1 fabricado en acero inoxidable duradero y est\u00e1 dise\u00f1ado para chefs que exigen precisi\u00f3n. Los anillos compactos y perfectamente redondos son robustos y f\u00e1ciles de limpiar, lo que los convierte en la herramienta de corte ideal. Los anillos est\u00e1n fabricados sin soldaduras visibles, lo que hace que los cortes sean perfectamente redondos - \u00a1Cortadores para todas las ocasiones, chefs o aficionados!<\/p>\n<p class=\"p1\">Hecho y dise\u00f1ado por chefs n\u00f3rdicos<\/p>\n<p style=\"text-align: left;\">","protected":false},"excerpt":{"rendered":"<p>Our Small Cutter Add-On Kit is crafted from durable stainless steel, is designed for chefs who demand precision. The compact and perfectly round rings is both robust and easy to clean, this makes this the ideal cutter tool! The rings are made with no visible welding, making the cuts perfectly round &#8211; Cutters for every [&hellip;]<\/p>\n","protected":false},"featured_media":9665,"template":"","meta":{"_acf_changed":false,"_seopress_robots_primary_cat":"none","_seopress_titles_title":"Small Cutter add on kit by Nordic Chefs - Made for chefs","_seopress_titles_desc":"Seamless stainless steel cutters. Perfect for uniform slices, featuring a durable jet black finish - the perfect cookie cutters if your a professional chef","_seopress_robots_index":""},"product_brand":[],"product_cat":[116],"product_tag":[25],"class_list":{"0":"post-9664","1":"product","2":"type-product","3":"status-publish","4":"has-post-thumbnail","6":"product_cat-cutter","7":"product_tag-engraving","8":"product-type-simple","9":"tm-has-options","11":"first","12":"instock","13":"taxable","14":"shipping-taxable","15":"purchasable"},"acf":[],"_links":{"self":[{"href":"https:\/\/nordic-chefs.com\/es\/wp-json\/wp\/v2\/product\/9664","targetHints":{"allow":["GET"]}}],"collection":[{"href":"https:\/\/nordic-chefs.com\/es\/wp-json\/wp\/v2\/product"}],"about":[{"href":"https:\/\/nordic-chefs.com\/es\/wp-json\/wp\/v2\/types\/product"}],"version-history":[{"count":0,"href":"https:\/\/nordic-chefs.com\/es\/wp-json\/wp\/v2\/product\/9664\/revisions"}],"wp:featuredmedia":[{"embeddable":true,"href":"https:\/\/nordic-chefs.com\/es\/wp-json\/wp\/v2\/media\/9665"}],"wp:attachment":[{"href":"https:\/\/nordic-chefs.com\/es\/wp-json\/wp\/v2\/media?parent=9664"}],"wp:term":[{"taxonomy":"product_brand","embeddable":true,"href":"https:\/\/nordic-chefs.com\/es\/wp-json\/wp\/v2\/product_brand?post=9664"},{"taxonomy":"product_cat","embeddable":true,"href":"https:\/\/nordic-chefs.com\/es\/wp-json\/wp\/v2\/product_cat?post=9664"},{"taxonomy":"product_tag","embeddable":true,"href":"https:\/\/nordic-chefs.com\/es\/wp-json\/wp\/v2\/product_tag?post=9664"}],"curies":[{"name":"wp","href":"https:\/\/api.w.org\/{rel}","templated":true}]}}