{"id":9737,"date":"2024-09-28T20:10:42","date_gmt":"2024-09-28T18:10:42","guid":{"rendered":"https:\/\/nordic-chefs.com\/?post_type=product&#038;p=9737"},"modified":"2025-11-28T15:42:35","modified_gmt":"2025-11-28T13:42:35","slug":"molde-de-anillo-giratorio","status":"publish","type":"product","link":"https:\/\/nordic-chefs.com\/es\/shop\/ring-twist-mold\/","title":{"rendered":"Molde Ring Twist"},"content":{"rendered":"<p data-start=\"175\" data-end=\"416\">D\u00e9 un giro din\u00e1mico a su emplatado con el molde Ring Twist, que combina l\u00edneas circulares limpias con un elegante movimiento en espiral. Ideal para postres refinados, componentes emplatados o elementos moldeados que necesiten destacar con forma y estructura.<\/p>\n<p data-start=\"418\" data-end=\"683\">Producido en <strong data-start=\"430\" data-end=\"441\">Dinamarca<\/strong> y disponible en <strong data-start=\"459\" data-end=\"477\">peque\u00f1o o grande<\/strong>cada art\u00edculo incluye <strong data-start=\"498\" data-end=\"520\">2 moldes individuales<\/strong> hecho de <strong data-start=\"531\" data-end=\"559\">100% silicona alimentaria<\/strong>. Construido para profesionales, soporta temperaturas de <strong data-start=\"615\" data-end=\"634\">-50\u00b0C a +250\u00b0C<\/strong>por lo que es perfecto para <strong data-start=\"658\" data-end=\"682\">uso del congelador y del horno<\/strong>.<\/p>\n<p data-start=\"685\" data-end=\"782\">Duradero, flexible y f\u00e1cil de desmoldar: un molde hecho para satisfacer las exigencias de las cocinas de alta cocina.<\/p>","protected":false},"excerpt":{"rendered":"<p style=\"text-align: center;\">D\u00e9 un giro din\u00e1mico a su emplatado con el molde Ring Twist, que combina l\u00edneas circulares limpias con un elegante movimiento en espiral. Ideal para postres refinados, componentes emplatados o elementos moldeados que necesiten destacar con forma y estructura.<\/p>","protected":false},"featured_media":14881,"template":"","meta":{"_acf_changed":false,"_seopress_robots_primary_cat":"none","_seopress_titles_title":"Ring Twist Silicone Mold \u2013 Small & Large | Nordic Chefs","_seopress_titles_desc":"Ring Twist mold in small or large. Made in Denmark from food-safe silicone. Oven & freezer safe Includes 2 pro-grade molds per item.","_seopress_robots_index":""},"product_brand":[],"product_cat":[104],"product_tag":[],"class_list":{"0":"post-9737","1":"product","2":"type-product","3":"status-publish","4":"has-post-thumbnail","6":"product_cat-silicone-molds-3d","7":"product-type-variable","8":"tm-no-options","10":"first","11":"instock","12":"taxable","13":"shipping-taxable","14":"purchasable"},"acf":[],"_links":{"self":[{"href":"https:\/\/nordic-chefs.com\/es\/wp-json\/wp\/v2\/product\/9737","targetHints":{"allow":["GET"]}}],"collection":[{"href":"https:\/\/nordic-chefs.com\/es\/wp-json\/wp\/v2\/product"}],"about":[{"href":"https:\/\/nordic-chefs.com\/es\/wp-json\/wp\/v2\/types\/product"}],"version-history":[{"count":0,"href":"https:\/\/nordic-chefs.com\/es\/wp-json\/wp\/v2\/product\/9737\/revisions"}],"wp:featuredmedia":[{"embeddable":true,"href":"https:\/\/nordic-chefs.com\/es\/wp-json\/wp\/v2\/media\/14881"}],"wp:attachment":[{"href":"https:\/\/nordic-chefs.com\/es\/wp-json\/wp\/v2\/media?parent=9737"}],"wp:term":[{"taxonomy":"product_brand","embeddable":true,"href":"https:\/\/nordic-chefs.com\/es\/wp-json\/wp\/v2\/product_brand?post=9737"},{"taxonomy":"product_cat","embeddable":true,"href":"https:\/\/nordic-chefs.com\/es\/wp-json\/wp\/v2\/product_cat?post=9737"},{"taxonomy":"product_tag","embeddable":true,"href":"https:\/\/nordic-chefs.com\/es\/wp-json\/wp\/v2\/product_tag?post=9737"}],"curies":[{"name":"wp","href":"https:\/\/api.w.org\/{rel}","templated":true}]}}