{"id":9877,"date":"2024-10-04T15:09:33","date_gmt":"2024-10-04T13:09:33","guid":{"rendered":"https:\/\/nordic-chefs.com\/?post_type=product&#038;p=9877"},"modified":"2025-10-26T22:27:09","modified_gmt":"2025-10-26T20:27:09","slug":"nordic-chefs-pinzas-rectas-15-5cm-sin-dientes","status":"publish","type":"product","link":"https:\/\/nordic-chefs.com\/es\/shop\/nordic-chefs-straight-chefs-tweezers-15-5cm-without-teeth\/","title":{"rendered":"Nordic Chefs - Pinzas de cocina rectas"},"content":{"rendered":"<p>Presentamos nuestras pinzas rectas de chef. La herramienta definitiva para conseguir precisi\u00f3n y perfecci\u00f3n al disponer los alimentos. Estas pinzas son un elemento b\u00e1sico en las cocinas profesionales, y ahora puedes llevar ese nivel de precisi\u00f3n a la cocina de tu casa.<\/p>\n<p>Fabricadas con puntas m\u00e1s suaves que las pinzas normales, estas pinzas para chapado est\u00e1n dise\u00f1adas para manipular incluso los objetos m\u00e1s delicados, como hierbas en miniatura y p\u00e9talos de flores, sin aplastarlos ni da\u00f1arlos.<\/p>\n<p>Sus finas puntas permiten un control y una precisi\u00f3n excepcionales a la hora de emplatar, garantizando una presentaci\u00f3n perfecta de cada plato.<\/p>\n<p>Fabricadas en acero inoxidable de alta calidad, estas pinzas son duraderas y f\u00e1ciles de limpiar, lo que las convierte en un complemento fiable para su cocina. Tanto si eres un chef profesional como un cocinero casero que busca elevar sus creaciones culinarias, nuestras pinzas rectas de chef Nordic Chefs son una herramienta imprescindible para la precisi\u00f3n y la atenci\u00f3n al detalle.<\/p>\n<p>No se conforme con menos que la perfecci\u00f3n en la presentaci\u00f3n de sus alimentos. Actualice hoy mismo su kit de herramientas de cocina con nuestras pinzas para emplatar.<\/p>","protected":false},"excerpt":{"rendered":"<p>Presentamos nuestras pinzas rectas de chef. La herramienta definitiva para conseguir precisi\u00f3n y perfecci\u00f3n al disponer los alimentos. Estas pinzas son un elemento b\u00e1sico en las cocinas profesionales, y ahora puedes llevar ese nivel de precisi\u00f3n a la cocina de tu casa.<\/p>","protected":false},"featured_media":10052,"template":"","meta":{"_acf_changed":false,"_seopress_robots_primary_cat":"none","_seopress_titles_title":"Achieve Precision with Nordic Chefs Plating Tweezers","_seopress_titles_desc":"Achieve perfection with Nordic Chefs Tweezers. Designed for precision, these stainless steel tools handle delicate items with ease. Upgrade today!","_seopress_robots_index":""},"product_brand":[],"product_cat":[125,26,126],"product_tag":[],"class_list":{"0":"post-9877","1":"product","2":"type-product","3":"status-publish","4":"has-post-thumbnail","6":"product_cat-chef-tweezers","7":"product_cat-tweezers","8":"product_cat-without-teeth-single-tweezers","9":"product-type-variable","10":"tm-no-options","12":"first","13":"instock","14":"taxable","15":"shipping-taxable","16":"purchasable","18":"has-default-attributes"},"acf":[],"_links":{"self":[{"href":"https:\/\/nordic-chefs.com\/es\/wp-json\/wp\/v2\/product\/9877","targetHints":{"allow":["GET"]}}],"collection":[{"href":"https:\/\/nordic-chefs.com\/es\/wp-json\/wp\/v2\/product"}],"about":[{"href":"https:\/\/nordic-chefs.com\/es\/wp-json\/wp\/v2\/types\/product"}],"version-history":[{"count":0,"href":"https:\/\/nordic-chefs.com\/es\/wp-json\/wp\/v2\/product\/9877\/revisions"}],"wp:featuredmedia":[{"embeddable":true,"href":"https:\/\/nordic-chefs.com\/es\/wp-json\/wp\/v2\/media\/10052"}],"wp:attachment":[{"href":"https:\/\/nordic-chefs.com\/es\/wp-json\/wp\/v2\/media?parent=9877"}],"wp:term":[{"taxonomy":"product_brand","embeddable":true,"href":"https:\/\/nordic-chefs.com\/es\/wp-json\/wp\/v2\/product_brand?post=9877"},{"taxonomy":"product_cat","embeddable":true,"href":"https:\/\/nordic-chefs.com\/es\/wp-json\/wp\/v2\/product_cat?post=9877"},{"taxonomy":"product_tag","embeddable":true,"href":"https:\/\/nordic-chefs.com\/es\/wp-json\/wp\/v2\/product_tag?post=9877"}],"curies":[{"name":"wp","href":"https:\/\/api.w.org\/{rel}","templated":true}]}}