{"id":9884,"date":"2024-10-04T15:12:13","date_gmt":"2024-10-04T13:12:13","guid":{"rendered":"https:\/\/nordic-chefs.com\/?post_type=product&#038;p=9884"},"modified":"2025-10-23T00:20:13","modified_gmt":"2025-10-22T22:20:13","slug":"nordic-chefs-pinzas-de-cocina-offset-de-alta-precision-14cm-sin-dientes","status":"publish","type":"product","link":"https:\/\/nordic-chefs.com\/es\/shop\/nordic-chefs-high-precision-offset-chefs-tweezers-14cm-without-teeth\/","title":{"rendered":"Pinzas de cocina offset de alta precisi\u00f3n"},"content":{"rendered":"<p>Las pinzas de cocinero Offset de alta precisi\u00f3n est\u00e1n dise\u00f1adas para trabajos de precisi\u00f3n y pueden manejar hasta el m\u00e1s peque\u00f1o de los detalles.<\/p>\n<p>Estas pinzas son especialmente \u00fatiles para coger flores delicadas o microgreens y dar los toques finales a un plato para conseguir una presentaci\u00f3n impresionante.<\/p>\n<p>Fabricadas en acero inoxidable de primera calidad, estas pinzas no s\u00f3lo son duraderas, sino tambi\u00e9n seguras para su uso con alimentos gracias a su color no t\u00f3xico.<\/p>\n<p>Cualquier chef o cocinero casero que busque una herramienta fiable y de alta calidad para cocinar con precisi\u00f3n deber\u00eda plantearse a\u00f1adir estas pinzas a su colecci\u00f3n.<\/p>","protected":false},"excerpt":{"rendered":"<p style=\"text-align: center;\">The High Precision Offset Chef\u2019s Tweezers are designed for precision work and can handle even the smallest of details.<\/p>\n<p style=\"text-align: center;\">Estas pinzas son especialmente \u00fatiles para coger flores delicadas o microgreens y dar los toques finales a un plato para conseguir una presentaci\u00f3n impresionante.<\/p>","protected":false},"featured_media":10051,"template":"","meta":{"_acf_changed":false,"_seopress_robots_primary_cat":"none","_seopress_titles_title":"High-Precision Chef's Tweezers for Perfect Presentation","_seopress_titles_desc":"Create stunning presentations with Nordic Chefs kitchen tweezers perfect for plating. it is durable, non-toxic stainless steel for precision cooking.","_seopress_robots_index":""},"product_brand":[],"product_cat":[125,26,127,126],"product_tag":[],"class_list":{"0":"post-9884","1":"product","2":"type-product","3":"status-publish","4":"has-post-thumbnail","6":"product_cat-chef-tweezers","7":"product_cat-tweezers","8":"product_cat-with-teeth-single-tweezers","9":"product_cat-without-teeth-single-tweezers","10":"product-type-variable","11":"tm-no-options","13":"first","14":"instock","15":"taxable","16":"shipping-taxable","17":"purchasable","19":"has-default-attributes"},"acf":[],"_links":{"self":[{"href":"https:\/\/nordic-chefs.com\/es\/wp-json\/wp\/v2\/product\/9884","targetHints":{"allow":["GET"]}}],"collection":[{"href":"https:\/\/nordic-chefs.com\/es\/wp-json\/wp\/v2\/product"}],"about":[{"href":"https:\/\/nordic-chefs.com\/es\/wp-json\/wp\/v2\/types\/product"}],"version-history":[{"count":0,"href":"https:\/\/nordic-chefs.com\/es\/wp-json\/wp\/v2\/product\/9884\/revisions"}],"wp:featuredmedia":[{"embeddable":true,"href":"https:\/\/nordic-chefs.com\/es\/wp-json\/wp\/v2\/media\/10051"}],"wp:attachment":[{"href":"https:\/\/nordic-chefs.com\/es\/wp-json\/wp\/v2\/media?parent=9884"}],"wp:term":[{"taxonomy":"product_brand","embeddable":true,"href":"https:\/\/nordic-chefs.com\/es\/wp-json\/wp\/v2\/product_brand?post=9884"},{"taxonomy":"product_cat","embeddable":true,"href":"https:\/\/nordic-chefs.com\/es\/wp-json\/wp\/v2\/product_cat?post=9884"},{"taxonomy":"product_tag","embeddable":true,"href":"https:\/\/nordic-chefs.com\/es\/wp-json\/wp\/v2\/product_tag?post=9884"}],"curies":[{"name":"wp","href":"https:\/\/api.w.org\/{rel}","templated":true}]}}