{"id":9960,"date":"2024-10-08T12:31:38","date_gmt":"2024-10-08T10:31:38","guid":{"rendered":"https:\/\/nordic-chefs.com\/?post_type=product&#038;p=9960"},"modified":"2025-10-06T10:44:35","modified_gmt":"2025-10-06T08:44:35","slug":"molde-de-disco-de-diamante","status":"publish","type":"product","link":"https:\/\/nordic-chefs.com\/es\/shop\/diamond-disk-mold\/","title":{"rendered":"Molde de disco de diamante"},"content":{"rendered":"<p data-start=\"305\" data-end=\"595\">Elaborado con precisi\u00f3n y elegancia, nuestro molde Diamond Disk est\u00e1 dise\u00f1ado para chefs que exigen perfecci\u00f3n tanto en la forma como en la funci\u00f3n. Disponible en <strong data-start=\"448\" data-end=\"461\">dos tama\u00f1os<\/strong> (peque\u00f1o o grande), este molde es perfecto para crear llamativos postres, guarniciones o elementos salados con un refinado acabado geom\u00e9trico.<\/p>\n<p data-start=\"597\" data-end=\"839\">Cada art\u00edculo incluye <strong data-start=\"616\" data-end=\"638\">2 moldes individuales<\/strong> y es <strong data-start=\"646\" data-end=\"682\">dise\u00f1ado y producido en Dinamarca<\/strong> utilizando <strong data-start=\"689\" data-end=\"717\">100% silicona alimentaria<\/strong>. El molde soporta temperaturas extremas, desde <strong data-start=\"766\" data-end=\"785\">-50\u00b0C a +250\u00b0C<\/strong>por lo que es adecuado tanto para <strong data-start=\"815\" data-end=\"838\">congelar y hornear<\/strong>.<\/p>\n<p data-start=\"841\" data-end=\"973\">Duradero, flexible y f\u00e1cil de desmoldar, el molde Diamond Disk cuenta con la confianza de los profesionales por su fiabilidad y sus resultados impecables.<\/p>","protected":false},"excerpt":{"rendered":"<p style=\"text-align: center;\">Elaborado con precisi\u00f3n y elegancia, nuestro molde Diamond Disk est\u00e1 dise\u00f1ado para chefs que exigen perfecci\u00f3n tanto en la forma como en la funci\u00f3n. Disponible en <strong data-start=\"448\" data-end=\"461\">dos tama\u00f1os<\/strong> (peque\u00f1o o grande), este molde es perfecto para crear llamativos postres, guarniciones o elementos salados con un refinado acabado geom\u00e9trico.<\/p>","protected":false},"featured_media":14892,"template":"","meta":{"_acf_changed":false,"_seopress_robots_primary_cat":"none","_seopress_titles_title":"Diamond Disk Silicone Mold \u2013 Small & Large | Nordic Chefs","_seopress_titles_desc":"Diamond Disk mold in small or large. Made in Denmark from 100% food-safe silicone. Oven & freezer safe. Includes 2 molds per item.","_seopress_robots_index":"","wprm-recipe-roundup-name":"","wprm-recipe-roundup-description":""},"product_brand":[],"product_cat":[104],"product_tag":[],"class_list":{"0":"post-9960","1":"product","2":"type-product","3":"status-publish","4":"has-post-thumbnail","6":"product_cat-silicone-molds-3d","7":"product-type-variable","8":"tm-no-options","10":"first","11":"instock","12":"taxable","13":"shipping-taxable","14":"purchasable","16":"has-default-attributes"},"acf":[],"_links":{"self":[{"href":"https:\/\/nordic-chefs.com\/es\/wp-json\/wp\/v2\/product\/9960","targetHints":{"allow":["GET"]}}],"collection":[{"href":"https:\/\/nordic-chefs.com\/es\/wp-json\/wp\/v2\/product"}],"about":[{"href":"https:\/\/nordic-chefs.com\/es\/wp-json\/wp\/v2\/types\/product"}],"version-history":[{"count":0,"href":"https:\/\/nordic-chefs.com\/es\/wp-json\/wp\/v2\/product\/9960\/revisions"}],"wp:featuredmedia":[{"embeddable":true,"href":"https:\/\/nordic-chefs.com\/es\/wp-json\/wp\/v2\/media\/14892"}],"wp:attachment":[{"href":"https:\/\/nordic-chefs.com\/es\/wp-json\/wp\/v2\/media?parent=9960"}],"wp:term":[{"taxonomy":"product_brand","embeddable":true,"href":"https:\/\/nordic-chefs.com\/es\/wp-json\/wp\/v2\/product_brand?post=9960"},{"taxonomy":"product_cat","embeddable":true,"href":"https:\/\/nordic-chefs.com\/es\/wp-json\/wp\/v2\/product_cat?post=9960"},{"taxonomy":"product_tag","embeddable":true,"href":"https:\/\/nordic-chefs.com\/es\/wp-json\/wp\/v2\/product_tag?post=9960"}],"curies":[{"name":"wp","href":"https:\/\/api.w.org\/{rel}","templated":true}]}}