{"id":3,"date":"2024-02-03T01:22:36","date_gmt":"2024-02-03T01:22:36","guid":{"rendered":"https:\/\/nordic-chefs.com\/?page_id=3"},"modified":"2025-03-23T00:55:41","modified_gmt":"2025-03-22T22:55:41","slug":"politique-de-confidentialite","status":"publish","type":"page","link":"https:\/\/nordic-chefs.com\/fr\/privacy-policy\/","title":{"rendered":"Politique de confidentialit\u00e9"},"content":{"rendered":"<div data-elementor-type=\"wp-page\" data-elementor-id=\"3\" class=\"elementor elementor-3\" data-elementor-post-type=\"page\">\n\t\t\t\t<div class=\"elementor-element elementor-element-2266a8ea e-flex e-con-boxed e-con e-parent\" data-id=\"2266a8ea\" data-element_type=\"container\" data-e-type=\"container\">\n\t\t\t\t\t<div class=\"e-con-inner\">\n\t\t<div class=\"elementor-element elementor-element-0903ec7 e-con-full e-flex e-con e-child\" data-id=\"0903ec7\" data-element_type=\"container\" data-e-type=\"container\" data-settings=\"{&quot;background_background&quot;:&quot;classic&quot;}\">\n\t\t\t\t<div class=\"elementor-element elementor-element-970617f elementor-widget elementor-widget-heading\" data-id=\"970617f\" data-element_type=\"widget\" data-e-type=\"widget\" data-widget_type=\"heading.default\">\n\t\t\t\t<div class=\"elementor-widget-container\">\n\t\t\t\t\t<h1 class=\"elementor-heading-title elementor-size-default\">Politique de confidentialit\u00e9<\/h1>\t\t\t\t<\/div>\n\t\t\t\t<\/div>\n\t\t\t\t<div class=\"elementor-element elementor-element-3156e34f elementor-widget elementor-widget-text-editor\" data-id=\"3156e34f\" data-element_type=\"widget\" data-e-type=\"widget\" data-widget_type=\"text-editor.default\">\n\t\t\t\t<div class=\"elementor-widget-container\">\n\t\t\t\t\t\t\t\t\t<p>Cette politique de confidentialit\u00e9 d\u00e9crit les politiques de Nordic Chefs, M\u00f8llevej 17, Kirke Hyllinge 4070, Danemark, e-mail : info@nordic-chefs.com, t\u00e9l\u00e9phone : 29429089 concernant la collecte, l'utilisation et la divulgation des informations que nous recueillons lorsque vous utilisez notre site Web ( https:\/\/nordic-chefs.com\/ ). (le \"Service\").<\/p>\n<p>\u00a0<\/p>\n<p>En acc\u00e9dant au service ou en l'utilisant, vous consentez \u00e0 la collecte, \u00e0 l'utilisation et \u00e0 la divulgation de vos informations conform\u00e9ment \u00e0 la pr\u00e9sente politique de confidentialit\u00e9. Si vous n'y consentez pas, veuillez ne pas acc\u00e9der au service ni l'utiliser. Nous pouvons modifier la pr\u00e9sente politique de confidentialit\u00e9 \u00e0 tout moment sans vous en informer au pr\u00e9alable et nous publierons la politique de confidentialit\u00e9 r\u00e9vis\u00e9e sur le service.<\/p>\n<p>\u00a0<\/p>\n<p>La politique r\u00e9vis\u00e9e entrera en vigueur 180 jours apr\u00e8s sa publication dans le service et le fait de continuer \u00e0 acc\u00e9der au service ou \u00e0 l'utiliser apr\u00e8s cette date constituera votre acceptation de la politique r\u00e9vis\u00e9e en mati\u00e8re de protection de la vie priv\u00e9e. Nous vous recommandons donc de consulter r\u00e9guli\u00e8rement cette page.<\/p>\t\t\t\t\t\t\t\t<\/div>\n\t\t\t\t<\/div>\n\t\t\t\t<\/div>\n\t\t<div class=\"elementor-element elementor-element-2c69aa5 e-con-full e-flex e-con e-child\" data-id=\"2c69aa5\" data-element_type=\"container\" data-e-type=\"container\" data-settings=\"{&quot;background_background&quot;:&quot;classic&quot;}\">\n\t\t<div class=\"elementor-element elementor-element-151780a e-con-full e-flex e-con e-child\" data-id=\"151780a\" data-element_type=\"container\" data-e-type=\"container\">\n\t\t\t\t<div class=\"elementor-element elementor-element-9b61484 elementor-widget__width-inherit elementor-widget elementor-widget-heading\" data-id=\"9b61484\" data-element_type=\"widget\" data-e-type=\"widget\" data-widget_type=\"heading.default\">\n\t\t\t\t<div class=\"elementor-widget-container\">\n\t\t\t\t\t<h2 class=\"elementor-heading-title elementor-size-default\">Les informations que nous recueillons :<\/h2>\t\t\t\t<\/div>\n\t\t\t\t<\/div>\n\t\t\t\t<div class=\"elementor-element elementor-element-a6edb82 elementor-widget elementor-widget-text-editor\" data-id=\"a6edb82\" data-element_type=\"widget\" data-e-type=\"widget\" data-widget_type=\"text-editor.default\">\n\t\t\t\t<div class=\"elementor-widget-container\">\n\t\t\t\t\t\t\t\t\t<p class=\"privacy-policy-p\">Nous collecterons et traiterons les informations personnelles suivantes vous concernant :<\/p>\n<ol class=\"privacy-policy-ol\">\n<li>Nom<\/li>\n<li>Courriel<\/li>\n<li>Adresse<\/li>\n<li>Adresse professionnelle<\/li>\n<li>Informations sur les paiements<\/li>\n<\/ol>\t\t\t\t\t\t\t\t<\/div>\n\t\t\t\t<\/div>\n\t\t\t\t<\/div>\n\t\t<div class=\"elementor-element elementor-element-19bf55b e-con-full e-flex e-con e-child\" data-id=\"19bf55b\" data-element_type=\"container\" data-e-type=\"container\">\n\t\t\t\t<div class=\"elementor-element elementor-element-5238cb0 elementor-widget__width-inherit elementor-widget elementor-widget-heading\" data-id=\"5238cb0\" data-element_type=\"widget\" data-e-type=\"widget\" data-widget_type=\"heading.default\">\n\t\t\t\t<div class=\"elementor-widget-container\">\n\t\t\t\t\t<h2 class=\"elementor-heading-title elementor-size-default\">Comment nous utilisons vos informations :<\/h2>\t\t\t\t<\/div>\n\t\t\t\t<\/div>\n\t\t\t\t<div class=\"elementor-element elementor-element-748de27 elementor-widget elementor-widget-text-editor\" data-id=\"748de27\" data-element_type=\"widget\" data-e-type=\"widget\" data-widget_type=\"text-editor.default\">\n\t\t\t\t<div class=\"elementor-widget-container\">\n\t\t\t\t\t\t\t\t\t<p class=\"privacy-policy-p\">Nous utiliserons les informations que nous recueillons \u00e0 votre sujet aux fins suivantes :<\/p>\n<ol class=\"privacy-policy-ol\">\n<li>Marketing\/ Promotion<\/li>\n<li>Soutien<\/li>\n<li>Publicit\u00e9 cibl\u00e9e<\/li>\n<li>G\u00e9rer les commandes des clients<\/li>\n<li>R\u00e9solution des litiges<\/li>\n<\/ol>\t\t\t\t\t\t\t\t<\/div>\n\t\t\t\t<\/div>\n\t\t\t\t<\/div>\n\t\t\t\t<\/div>\n\t\t<div class=\"elementor-element elementor-element-789cf86 e-con-full e-flex e-con e-child\" data-id=\"789cf86\" data-element_type=\"container\" data-e-type=\"container\" data-settings=\"{&quot;background_background&quot;:&quot;classic&quot;}\">\n\t\t\t\t<div class=\"elementor-element elementor-element-14a1709 elementor-widget__width-inherit elementor-widget elementor-widget-heading\" data-id=\"14a1709\" data-element_type=\"widget\" data-e-type=\"widget\" data-widget_type=\"heading.default\">\n\t\t\t\t<div class=\"elementor-widget-container\">\n\t\t\t\t\t<h2 class=\"elementor-heading-title elementor-size-default\">Comment nous partageons vos informations<\/h2>\t\t\t\t<\/div>\n\t\t\t\t<\/div>\n\t\t<div class=\"elementor-element elementor-element-2449bf3 e-con-full e-flex e-con e-child\" data-id=\"2449bf3\" data-element_type=\"container\" data-e-type=\"container\">\n\t\t\t\t<div class=\"elementor-element elementor-element-b75a790 elementor-widget elementor-widget-text-editor\" data-id=\"b75a790\" data-element_type=\"widget\" data-e-type=\"widget\" data-widget_type=\"text-editor.default\">\n\t\t\t\t<div class=\"elementor-widget-container\">\n\t\t\t\t\t\t\t\t\t<p class=\"privacy-policy-p\">Nous ne transf\u00e9rerons pas vos informations personnelles \u00e0 un tiers sans votre consentement, sauf dans les circonstances limit\u00e9es d\u00e9crites ci-dessous :<\/p>\n<p>\u00a0<\/p>\n<ol class=\"privacy-policy-ol\">\n<li>Service de publicit\u00e9<\/li>\n<li>Analyse<\/li>\n<li>Services de recouvrement des paiements<\/li>\n<li>Collecte et traitement des donn\u00e9es<\/li>\n<\/ol>\t\t\t\t\t\t\t\t<\/div>\n\t\t\t\t<\/div>\n\t\t\t\t<\/div>\n\t\t<div class=\"elementor-element elementor-element-57a333e e-con-full e-flex e-con e-child\" data-id=\"57a333e\" data-element_type=\"container\" data-e-type=\"container\">\n\t\t\t\t<div class=\"elementor-element elementor-element-80b9904 elementor-widget elementor-widget-text-editor\" data-id=\"80b9904\" data-element_type=\"widget\" data-e-type=\"widget\" data-widget_type=\"text-editor.default\">\n\t\t\t\t<div class=\"elementor-widget-container\">\n\t\t\t\t\t\t\t\t\t<p>Nous exigeons de ces tiers qu'ils n'utilisent les informations personnelles que nous leur transf\u00e9rons qu'aux fins pour lesquelles elles ont \u00e9t\u00e9 transf\u00e9r\u00e9es et qu'ils ne les conservent pas plus longtemps qu'il n'est n\u00e9cessaire pour atteindre lesdites fins.<\/p>\n<p>\u00a0<\/p>\n<p>Nous pouvons \u00e9galement divulguer vos informations personnelles dans les cas suivants : (1) pour se conformer \u00e0 la loi, \u00e0 la r\u00e9glementation, \u00e0 l'ordonnance d'un tribunal ou \u00e0 toute autre proc\u00e9dure judiciaire applicable ; (2) pour faire respecter les accords que vous avez conclus avec nous, y compris la pr\u00e9sente politique de confidentialit\u00e9 ; ou (3) pour r\u00e9pondre \u00e0 des plaintes selon lesquelles votre utilisation du service viole les droits de tiers. Si le service ou notre soci\u00e9t\u00e9 est fusionn\u00e9 ou acquis par une autre soci\u00e9t\u00e9, vos informations seront l'un des actifs transf\u00e9r\u00e9s au nouveau propri\u00e9taire.<\/p>\t\t\t\t\t\t\t\t<\/div>\n\t\t\t\t<\/div>\n\t\t\t\t<\/div>\n\t\t\t\t<\/div>\n\t\t<div class=\"elementor-element elementor-element-ddadaf5 e-con-full e-flex e-con e-child\" data-id=\"ddadaf5\" data-element_type=\"container\" data-e-type=\"container\" data-settings=\"{&quot;background_background&quot;:&quot;classic&quot;}\">\n\t\t\t\t<div class=\"elementor-element elementor-element-50d6d8d elementor-widget__width-inherit elementor-widget elementor-widget-heading\" data-id=\"50d6d8d\" data-element_type=\"widget\" data-e-type=\"widget\" data-widget_type=\"heading.default\">\n\t\t\t\t<div class=\"elementor-widget-container\">\n\t\t\t\t\t<h2 class=\"elementor-heading-title elementor-size-default\">Conservation des informations<\/h2>\t\t\t\t<\/div>\n\t\t\t\t<\/div>\n\t\t<div class=\"elementor-element elementor-element-546bd9b e-flex e-con-boxed e-con e-child\" data-id=\"546bd9b\" data-element_type=\"container\" data-e-type=\"container\">\n\t\t\t\t\t<div class=\"e-con-inner\">\n\t\t\t\t<div class=\"elementor-element elementor-element-5d7748b elementor-widget elementor-widget-text-editor\" data-id=\"5d7748b\" data-element_type=\"widget\" data-e-type=\"widget\" data-widget_type=\"text-editor.default\">\n\t\t\t\t<div class=\"elementor-widget-container\">\n\t\t\t\t\t\t\t\t\t<p class=\"privacy-policy-p\">Nous conserverons vos informations personnelles pendant 90 jours \u00e0 2 ans apr\u00e8s que les utilisateurs ont r\u00e9sili\u00e9 leur compte ou aussi longtemps que nous en aurons besoin pour atteindre les objectifs pour lesquels elles ont \u00e9t\u00e9 collect\u00e9es, comme indiqu\u00e9 dans la pr\u00e9sente politique de protection de la vie priv\u00e9e. Il se peut que nous devions conserver certaines informations pendant des p\u00e9riodes plus longues, par exemple pour la tenue de registres ou l'\u00e9tablissement de rapports conform\u00e9ment \u00e0 la l\u00e9gislation applicable ou pour d'autres raisons l\u00e9gitimes telles que l'application de droits l\u00e9gaux, la pr\u00e9vention de la fraude, etc. Les informations anonymes r\u00e9siduelles et les informations agr\u00e9g\u00e9es, qui ne permettent pas de vous identifier (directement ou indirectement), peuvent \u00eatre stock\u00e9es ind\u00e9finiment.<\/p>\t\t\t\t\t\t\t\t<\/div>\n\t\t\t\t<\/div>\n\t\t\t\t\t<\/div>\n\t\t\t\t<\/div>\n\t\t\t\t<\/div>\n\t\t<div class=\"elementor-element elementor-element-db05d39 e-con-full e-flex e-con e-child\" data-id=\"db05d39\" data-element_type=\"container\" data-e-type=\"container\" data-settings=\"{&quot;background_background&quot;:&quot;classic&quot;}\">\n\t\t\t\t<div class=\"elementor-element elementor-element-2af5058 elementor-widget__width-inherit elementor-widget elementor-widget-heading\" data-id=\"2af5058\" data-element_type=\"widget\" data-e-type=\"widget\" data-widget_type=\"heading.default\">\n\t\t\t\t<div class=\"elementor-widget-container\">\n\t\t\t\t\t<h2 class=\"elementor-heading-title elementor-size-default\">Vos droits<\/h2>\t\t\t\t<\/div>\n\t\t\t\t<\/div>\n\t\t<div class=\"elementor-element elementor-element-922716c e-flex e-con-boxed e-con e-child\" data-id=\"922716c\" data-element_type=\"container\" data-e-type=\"container\">\n\t\t\t\t\t<div class=\"e-con-inner\">\n\t\t\t\t<div class=\"elementor-element elementor-element-440447f elementor-widget elementor-widget-text-editor\" data-id=\"440447f\" data-element_type=\"widget\" data-e-type=\"widget\" data-widget_type=\"text-editor.default\">\n\t\t\t\t<div class=\"elementor-widget-container\">\n\t\t\t\t\t\t\t\t\tEn fonction de la l\u00e9gislation applicable, vous pouvez avoir un droit d'acc\u00e8s et de rectification ou d'effacement de vos donn\u00e9es \u00e0 caract\u00e8re personnel ou recevoir une copie de vos donn\u00e9es \u00e0 caract\u00e8re personnel, restreindre le traitement actif de vos donn\u00e9es ou vous y opposer, nous demander de partager (portage) vos donn\u00e9es \u00e0 caract\u00e8re personnel avec une autre entit\u00e9, retirer tout consentement que vous nous avez donn\u00e9 pour traiter vos donn\u00e9es, un droit de d\u00e9poser une plainte aupr\u00e8s d'une autorit\u00e9 statutaire et tout autre droit pertinent en vertu de la l\u00e9gislation applicable. Pour exercer ces droits, vous pouvez nous \u00e9crire \u00e0 info@nordic-chefs.com. Nous r\u00e9pondrons \u00e0 votre demande conform\u00e9ment \u00e0 la l\u00e9gislation applicable.\n\nVous pouvez refuser les communications de marketing direct ou le profilage que nous effectuons \u00e0 des fins de marketing en nous \u00e9crivant \u00e0 l'adresse info@nordic-chefs.com.\n\nVeuillez noter que si vous ne nous autorisez pas \u00e0 collecter ou \u00e0 traiter les informations personnelles requises ou si vous retirez votre consentement au traitement de ces informations aux fins requises, il se peut que vous ne puissiez pas acc\u00e9der aux services pour lesquels vos informations ont \u00e9t\u00e9 demand\u00e9es, ni les utiliser.\t\t\t\t\t\t\t\t<\/div>\n\t\t\t\t<\/div>\n\t\t\t\t\t<\/div>\n\t\t\t\t<\/div>\n\t\t\t\t<\/div>\n\t\t\t\t\t<\/div>\n\t\t\t\t<\/div>\n\t\t\t\t<\/div>","protected":false},"excerpt":{"rendered":"<p>Privacy Policy This Privacy Policy describes the policies of Nordic Chefs, M\u00f8llevej 17, Kirke Hyllinge 4070, Denmark, email: info@nordic-chefs.com, phone: 29429089 on the collection, use and disclosure of your information that we collect when you use our website ( https:\/\/nordic-chefs.com\/ ). (the \u201cService\u201d). \u00a0 By accessing or using the Service, you are consenting to the [&hellip;]<\/p>\n","protected":false},"author":1,"featured_media":0,"parent":0,"menu_order":0,"comment_status":"closed","ping_status":"closed","template":"","meta":{"_acf_changed":false,"_seopress_robots_primary_cat":"","_seopress_titles_title":"","_seopress_titles_desc":"","_seopress_robots_index":"","wprm-recipe-roundup-name":"","wprm-recipe-roundup-description":"","footnotes":""},"class_list":["post-3","page","type-page","status-publish","hentry"],"acf":[],"_links":{"self":[{"href":"https:\/\/nordic-chefs.com\/fr\/wp-json\/wp\/v2\/pages\/3","targetHints":{"allow":["GET"]}}],"collection":[{"href":"https:\/\/nordic-chefs.com\/fr\/wp-json\/wp\/v2\/pages"}],"about":[{"href":"https:\/\/nordic-chefs.com\/fr\/wp-json\/wp\/v2\/types\/page"}],"author":[{"embeddable":true,"href":"https:\/\/nordic-chefs.com\/fr\/wp-json\/wp\/v2\/users\/1"}],"replies":[{"embeddable":true,"href":"https:\/\/nordic-chefs.com\/fr\/wp-json\/wp\/v2\/comments?post=3"}],"version-history":[{"count":0,"href":"https:\/\/nordic-chefs.com\/fr\/wp-json\/wp\/v2\/pages\/3\/revisions"}],"wp:attachment":[{"href":"https:\/\/nordic-chefs.com\/fr\/wp-json\/wp\/v2\/media?parent=3"}],"curies":[{"name":"wp","href":"https:\/\/api.w.org\/{rel}","templated":true}]}}