{"id":10069,"date":"2024-10-12T14:24:16","date_gmt":"2024-10-12T12:24:16","guid":{"rendered":"https:\/\/nordic-chefs.com\/?post_type=product&#038;p=10069"},"modified":"2026-05-04T10:52:03","modified_gmt":"2026-05-04T08:52:03","slug":"moule-a-disque-lisse","status":"publish","type":"product","link":"https:\/\/nordic-chefs.com\/fr\/shop\/plain-disk-mold\/","title":{"rendered":"Moule \u00e0 disque lisse"},"content":{"rendered":"<p>Notre moule \u00e0 disque simple est con\u00e7u pour les chefs qui trouvent les moules \u00e0 disque traditionnels trop grands pour leurs besoins. Avec un diam\u00e8tre de 80 mm et une hauteur de 15 mm, c'est le choix id\u00e9al pour cr\u00e9er des desserts \u00e9l\u00e9gants et parfaitement portionn\u00e9s \u00e0 chaque fois.<\/p>\n<p>Con\u00e7u et produit au Danemark, en silicone alimentaire 100%.<\/p>\n<p>Chaque commande comprend 1 moule en silicone contenant 3 moules \u00e0 disques simples, capables de r\u00e9sister \u00e0 des temp\u00e9ratures allant de -50C \u00e0 +250C.<\/p>\n<p><strong>\u00a0<\/strong><\/p>","protected":false},"excerpt":{"rendered":"<p style=\"text-align: center;\">Our plain disk mold is designed for chefs who find traditional disk molds too large for their needs- this one is different. With a precise size of 80 mm in diameter and 15 mm in height, it\u2019s the perfect choice for creating elegant, perfectly portioned desserts every time.<\/p>\n<p style=\"text-align: center;\">","protected":false},"featured_media":14883,"template":"","meta":{"_acf_changed":false,"_seopress_robots_primary_cat":"none","_seopress_titles_title":"Plain Disk silicone mold for creating desserts for chefs","_seopress_titles_desc":"Create stunning desserts with our smaller disk mold - perfect for restaurants like desserts that needs the simplistic look. perfect for any desserts","_seopress_robots_index":"","wprm-recipe-roundup-name":"","wprm-recipe-roundup-description":""},"product_brand":[],"product_cat":[91,104],"product_tag":[128,129],"class_list":{"0":"post-10069","1":"product","2":"type-product","3":"status-publish","4":"has-post-thumbnail","6":"product_cat-silicone-molds","7":"product_cat-silicone-molds-3d","8":"product_tag-molds","9":"product_tag-silicone","10":"product-type-simple","11":"tm-no-options","13":"first","14":"instock","15":"taxable","16":"shipping-taxable","17":"purchasable"},"acf":[],"_links":{"self":[{"href":"https:\/\/nordic-chefs.com\/fr\/wp-json\/wp\/v2\/product\/10069","targetHints":{"allow":["GET"]}}],"collection":[{"href":"https:\/\/nordic-chefs.com\/fr\/wp-json\/wp\/v2\/product"}],"about":[{"href":"https:\/\/nordic-chefs.com\/fr\/wp-json\/wp\/v2\/types\/product"}],"version-history":[{"count":1,"href":"https:\/\/nordic-chefs.com\/fr\/wp-json\/wp\/v2\/product\/10069\/revisions"}],"predecessor-version":[{"id":20357,"href":"https:\/\/nordic-chefs.com\/fr\/wp-json\/wp\/v2\/product\/10069\/revisions\/20357"}],"wp:featuredmedia":[{"embeddable":true,"href":"https:\/\/nordic-chefs.com\/fr\/wp-json\/wp\/v2\/media\/14883"}],"wp:attachment":[{"href":"https:\/\/nordic-chefs.com\/fr\/wp-json\/wp\/v2\/media?parent=10069"}],"wp:term":[{"taxonomy":"product_brand","embeddable":true,"href":"https:\/\/nordic-chefs.com\/fr\/wp-json\/wp\/v2\/product_brand?post=10069"},{"taxonomy":"product_cat","embeddable":true,"href":"https:\/\/nordic-chefs.com\/fr\/wp-json\/wp\/v2\/product_cat?post=10069"},{"taxonomy":"product_tag","embeddable":true,"href":"https:\/\/nordic-chefs.com\/fr\/wp-json\/wp\/v2\/product_tag?post=10069"}],"curies":[{"name":"wp","href":"https:\/\/api.w.org\/{rel}","templated":true}]}}