{"id":10485,"date":"2024-11-15T12:07:29","date_gmt":"2024-11-15T10:07:29","guid":{"rendered":"https:\/\/nordic-chefs.com\/?post_type=product&#038;p=10485"},"modified":"2025-11-28T15:17:28","modified_gmt":"2025-11-28T13:17:28","slug":"tuile-fleurie","status":"publish","type":"product","link":"https:\/\/nordic-chefs.com\/fr\/shop\/bloom-tuile\/","title":{"rendered":"Bloom Tuile"},"content":{"rendered":"<p>Notre tuile Bloom vous permet de cr\u00e9er six tuiles de fleurs \u00e0 la fois. Gr\u00e2ce \u00e0 son design \u00e9l\u00e9gant, ce moule est polyvalent et permet de r\u00e9aliser de magnifiques cr\u00e9ations. Con\u00e7u et produit au Danemark, il est fabriqu\u00e9 en silicone alimentaire 100% dans notre couleur vert for\u00eat fonc\u00e9 caract\u00e9ristique, qui refl\u00e8te le paysage nordique. Ces moules en silicone durables pour la p\u00e2tisserie peuvent supporter des temp\u00e9ratures allant de -50\u00b0C \u00e0 +250\u00b0C, ce qui les rend id\u00e9aux pour une utilisation au cong\u00e9lateur ou au four.<\/p>","protected":false},"excerpt":{"rendered":"<p style=\"text-align: center;\">Notre tuile Fleur vous permet de cr\u00e9er six tuiles de fleurs \u00e0 la fois. Son design \u00e9l\u00e9gant rend ce moule polyvalent pour r\u00e9aliser de belles cr\u00e9ations.<\/p>","protected":false},"featured_media":14901,"template":"","meta":{"_acf_changed":false,"_seopress_robots_primary_cat":"none","_seopress_titles_title":"Bloom tuile silicone mold - Made in Denmark by Nordic Chefs","_seopress_titles_desc":"Our Flower Tuille is made for professional chefs and works in both desserts and snacks I our silicon molds is made in our unique dark forest green","_seopress_robots_index":"","wprm-recipe-roundup-name":"","wprm-recipe-roundup-description":""},"product_brand":[],"product_cat":[91,102],"product_tag":[],"class_list":{"0":"post-10485","1":"product","2":"type-product","3":"status-publish","4":"has-post-thumbnail","6":"product_cat-silicone-molds","7":"product_cat-tuile-molds-2d","8":"product-type-simple","9":"tm-no-options","11":"first","12":"instock","13":"taxable","14":"shipping-taxable","15":"purchasable"},"acf":[],"_links":{"self":[{"href":"https:\/\/nordic-chefs.com\/fr\/wp-json\/wp\/v2\/product\/10485","targetHints":{"allow":["GET"]}}],"collection":[{"href":"https:\/\/nordic-chefs.com\/fr\/wp-json\/wp\/v2\/product"}],"about":[{"href":"https:\/\/nordic-chefs.com\/fr\/wp-json\/wp\/v2\/types\/product"}],"version-history":[{"count":0,"href":"https:\/\/nordic-chefs.com\/fr\/wp-json\/wp\/v2\/product\/10485\/revisions"}],"wp:featuredmedia":[{"embeddable":true,"href":"https:\/\/nordic-chefs.com\/fr\/wp-json\/wp\/v2\/media\/14901"}],"wp:attachment":[{"href":"https:\/\/nordic-chefs.com\/fr\/wp-json\/wp\/v2\/media?parent=10485"}],"wp:term":[{"taxonomy":"product_brand","embeddable":true,"href":"https:\/\/nordic-chefs.com\/fr\/wp-json\/wp\/v2\/product_brand?post=10485"},{"taxonomy":"product_cat","embeddable":true,"href":"https:\/\/nordic-chefs.com\/fr\/wp-json\/wp\/v2\/product_cat?post=10485"},{"taxonomy":"product_tag","embeddable":true,"href":"https:\/\/nordic-chefs.com\/fr\/wp-json\/wp\/v2\/product_tag?post=10485"}],"curies":[{"name":"wp","href":"https:\/\/api.w.org\/{rel}","templated":true}]}}