{"id":10779,"date":"2024-12-18T16:10:17","date_gmt":"2024-12-18T14:10:17","guid":{"rendered":"https:\/\/nordic-chefs.com\/?post_type=product&#038;p=10779"},"modified":"2026-05-04T10:32:16","modified_gmt":"2026-05-04T08:32:16","slug":"set-de-tartelette-de-queue-de-homard","status":"publish","type":"product","link":"https:\/\/nordic-chefs.com\/fr\/shop\/lobster-tail-tartelette-set\/","title":{"rendered":"Set de tartelettes queue de homard"},"content":{"rendered":"<p>Notre moule en silicone permet de cr\u00e9er facilement cinq \u00e9l\u00e9gantes tartelettes \u00e0 la queue de homard en une seule fois. L'ensemble comprend un emporte-pi\u00e8ce qui permet de dimensionner parfaitement la p\u00e2te pour le moule, garantissant ainsi des r\u00e9sultats constants \u00e0 chaque fois. Utilisez-le pour pr\u00e9parer des tartelettes ou un dessert, comme le fait notre ami Claus au restaurant MOTA. <a href=\"https:\/\/nordic-chefs.com\/fr\/sinspirer\/lobster-tail-dessert-michelin-recipe-from-restaurant-mota\/\">RECETTE ICI !<\/a><\/p>\n<p>Fabriqu\u00e9 en silicone alimentaire 100%, le moule est durable et r\u00e9siste \u00e0 des temp\u00e9ratures allant de -50\u00b0C \u00e0 +250\u00b0C. Il convient aux fours, aux cong\u00e9lateurs et \u00e0 la cong\u00e9lation par choc, ce qui le rend id\u00e9al pour les recettes sucr\u00e9es et sal\u00e9es.<\/p>\n<p><strong><em>Con\u00e7u et fabriqu\u00e9 au Danemark, ce moule est un outil pratique et fiable pour les chefs et les cuisiniers \u00e0 domicile qui souhaitent cr\u00e9er des plats \u00e9tonnants, dignes d'un restaurant.<\/em><\/strong><\/p>","protected":false},"excerpt":{"rendered":"<p style=\"text-align: left;\">Notre moule en silicone permet de cr\u00e9er facilement cinq \u00e9l\u00e9gantes tartelettes \u00e0 la queue de homard en une seule fois. L'ensemble comprend un emporte-pi\u00e8ce qui permet de dimensionner parfaitement la p\u00e2te pour le moule, garantissant ainsi des r\u00e9sultats constants \u00e0 chaque fois. Utilisez-le pour pr\u00e9parer des tartelettes ou un dessert, comme le fait notre ami Claus au restaurant MOTA. <a href=\"https:\/\/nordic-chefs.com\/fr\/sinspirer\/lobster-tail-dessert-michelin-recipe-from-restaurant-mota\/\">RECETTE ICI !<\/a><\/p>\n<p class=\"p1\" style=\"text-align: left;\">Nombre de formes : 5 pc.<\/p>\n<p class=\"p1\" style=\"text-align: left;\">Dimensions par forme : 6,5 x 3,7 x 1,5 cm<\/p>","protected":false},"featured_media":14863,"template":"","meta":{"_acf_changed":false,"_seopress_robots_primary_cat":"none","_seopress_titles_title":"Lobster silicone mold - Create lobster tarts","_seopress_titles_desc":"Lobster tartelette mold design and made in Denmark. Create stunning snacks or desserts with this popular silicone mold","_seopress_robots_index":"","wprm-recipe-roundup-name":"","wprm-recipe-roundup-description":""},"product_brand":[],"product_cat":[91,136],"product_tag":[137,128,139,129,138],"class_list":{"0":"post-10779","1":"product","2":"type-product","3":"status-publish","4":"has-post-thumbnail","6":"product_cat-silicone-molds","7":"product_cat-tartelette-silicone-molds","8":"product_tag-lobster","9":"product_tag-molds","10":"product_tag-realistic","11":"product_tag-silicone","12":"product_tag-tail","13":"product-type-simple","14":"tm-no-options","16":"first","17":"instock","18":"taxable","19":"shipping-taxable","20":"purchasable"},"acf":[],"_links":{"self":[{"href":"https:\/\/nordic-chefs.com\/fr\/wp-json\/wp\/v2\/product\/10779","targetHints":{"allow":["GET"]}}],"collection":[{"href":"https:\/\/nordic-chefs.com\/fr\/wp-json\/wp\/v2\/product"}],"about":[{"href":"https:\/\/nordic-chefs.com\/fr\/wp-json\/wp\/v2\/types\/product"}],"version-history":[{"count":2,"href":"https:\/\/nordic-chefs.com\/fr\/wp-json\/wp\/v2\/product\/10779\/revisions"}],"predecessor-version":[{"id":20353,"href":"https:\/\/nordic-chefs.com\/fr\/wp-json\/wp\/v2\/product\/10779\/revisions\/20353"}],"wp:featuredmedia":[{"embeddable":true,"href":"https:\/\/nordic-chefs.com\/fr\/wp-json\/wp\/v2\/media\/14863"}],"wp:attachment":[{"href":"https:\/\/nordic-chefs.com\/fr\/wp-json\/wp\/v2\/media?parent=10779"}],"wp:term":[{"taxonomy":"product_brand","embeddable":true,"href":"https:\/\/nordic-chefs.com\/fr\/wp-json\/wp\/v2\/product_brand?post=10779"},{"taxonomy":"product_cat","embeddable":true,"href":"https:\/\/nordic-chefs.com\/fr\/wp-json\/wp\/v2\/product_cat?post=10779"},{"taxonomy":"product_tag","embeddable":true,"href":"https:\/\/nordic-chefs.com\/fr\/wp-json\/wp\/v2\/product_tag?post=10779"}],"curies":[{"name":"wp","href":"https:\/\/api.w.org\/{rel}","templated":true}]}}