{"id":11720,"date":"2025-02-14T12:17:15","date_gmt":"2025-02-14T10:17:15","guid":{"rendered":"https:\/\/nordic-chefs.com\/?post_type=product&#038;p=11720"},"modified":"2026-02-20T23:41:41","modified_gmt":"2026-02-20T21:41:41","slug":"tuile-de-marguerite","status":"publish","type":"product","link":"https:\/\/nordic-chefs.com\/fr\/shop\/daisy-tuile\/","title":{"rendered":"Daisy Tuile"},"content":{"rendered":"<p class=\"p1\">Notre tuile Daisy vous permet de cr\u00e9er six tuiles de fleurs \u00e0 la fois avec une taille de 6 cm de diam\u00e8tre. Son design \u00e9l\u00e9gant rend ce moule polyvalent et permet de cr\u00e9er de magnifiques moules \u00e0 fleurs pour un go\u00fbter ou pour garnir un dessert. Con\u00e7u et produit au Danemark, il est fabriqu\u00e9 en silicone alimentaire 100% dans notre couleur vert for\u00eat fonc\u00e9 caract\u00e9ristique, qui refl\u00e8te le paysage nordique. Ces moules en silicone durables pour la p\u00e2tisserie peuvent r\u00e9sister \u00e0 des temp\u00e9ratures allant de -50\u00b0C \u00e0 +250\u00b0C, ce qui les rend id\u00e9aux pour une utilisation au cong\u00e9lateur ou au four.<\/p>","protected":false},"excerpt":{"rendered":"<p>Our Daisy mold lets you bake six flower tuille at once. Perfectly suited for any tuile recipe. Made from 100% food-grade silicone, it&#8217;s durable and temperature-resistant from -50\u00b0C to +250\u00b0C, making it a must-have for any baking enthusiast seeking quality and durability in silicone baking molds.<\/p>","protected":false},"featured_media":14894,"template":"","meta":{"_acf_changed":false,"_seopress_robots_primary_cat":"none","_seopress_titles_title":"Daisy Tuile silicone molds \u2013 Made in Denmark for chefs","_seopress_titles_desc":"Create stunning flower tuiles with our Flower Silicone Mold. Perfect for all tuile recipes, snacks or just to put your final touch on a dessert!","_seopress_robots_index":""},"product_brand":[],"product_cat":[91,102],"product_tag":[],"class_list":{"0":"post-11720","1":"product","2":"type-product","3":"status-publish","4":"has-post-thumbnail","6":"product_cat-silicone-molds","7":"product_cat-silicone-molds-2d","8":"product-type-simple","9":"tm-no-options","11":"first","12":"instock","13":"taxable","14":"shipping-taxable","15":"purchasable"},"acf":[],"_links":{"self":[{"href":"https:\/\/nordic-chefs.com\/fr\/wp-json\/wp\/v2\/product\/11720","targetHints":{"allow":["GET"]}}],"collection":[{"href":"https:\/\/nordic-chefs.com\/fr\/wp-json\/wp\/v2\/product"}],"about":[{"href":"https:\/\/nordic-chefs.com\/fr\/wp-json\/wp\/v2\/types\/product"}],"version-history":[{"count":0,"href":"https:\/\/nordic-chefs.com\/fr\/wp-json\/wp\/v2\/product\/11720\/revisions"}],"wp:featuredmedia":[{"embeddable":true,"href":"https:\/\/nordic-chefs.com\/fr\/wp-json\/wp\/v2\/media\/14894"}],"wp:attachment":[{"href":"https:\/\/nordic-chefs.com\/fr\/wp-json\/wp\/v2\/media?parent=11720"}],"wp:term":[{"taxonomy":"product_brand","embeddable":true,"href":"https:\/\/nordic-chefs.com\/fr\/wp-json\/wp\/v2\/product_brand?post=11720"},{"taxonomy":"product_cat","embeddable":true,"href":"https:\/\/nordic-chefs.com\/fr\/wp-json\/wp\/v2\/product_cat?post=11720"},{"taxonomy":"product_tag","embeddable":true,"href":"https:\/\/nordic-chefs.com\/fr\/wp-json\/wp\/v2\/product_tag?post=11720"}],"curies":[{"name":"wp","href":"https:\/\/api.w.org\/{rel}","templated":true}]}}