{"id":12147,"date":"2025-02-24T12:28:45","date_gmt":"2025-02-24T10:28:45","guid":{"rendered":"https:\/\/nordic-chefs.com\/?post_type=product&#038;p=12147"},"modified":"2026-05-04T10:34:58","modified_gmt":"2026-05-04T08:34:58","slug":"tartellet-de-queue-de-homard-large","status":"publish","type":"product","link":"https:\/\/nordic-chefs.com\/fr\/shop\/lobster-tail-tartellet-large\/","title":{"rendered":"Tartellet de queue de homard - Grand"},"content":{"rendered":"<p class=\"p1\">Notre tartelette pour queue de homard vous permet de cr\u00e9er une seule queue de homard \u00e0 la fois. Sa conception rend ce moule polyvalent pour la r\u00e9alisation d'une tartelette en tant qu'en-cas \u00e0 base de fruits de mer ou en tant que moule \u00e0 dessert. Le produit contient 3 \u00e9l\u00e9ments pour une utilisation optimale. Un moule \u00e0 homard, une presse \u00e0 homard et un couteau \u00e0 homard. Nos moules sont con\u00e7us et produits au Danemark et fabriqu\u00e9s en silicone alimentaire 100% dans notre vert for\u00eat fonc\u00e9 caract\u00e9ristique, refl\u00e9tant le paysage nordique. Ces moules en silicone durables pour la cuisson peuvent r\u00e9sister \u00e0 des temp\u00e9ratures allant de -50\u00b0C \u00e0 +250\u00b0C, ce qui les rend id\u00e9aux pour une utilisation au cong\u00e9lateur ou au four.<\/p>","protected":false},"excerpt":{"rendered":"<p>Lobster Tail tartelette &#8211; versatile for making both a tartelette as a seafood snack or as a dessert mold. The product contains 3 things for optimal use. Lobster mold, Lobster presse and a Lobster cutter.<\/p>\n<p class=\"p1\">Nombre de formes : 1<\/p>\n<p class=\"p1\">Taille par moule : 10,3 x 5,6 x 1,9 cm<\/p>","protected":false},"featured_media":14866,"template":"","meta":{"_acf_changed":false,"_seopress_robots_primary_cat":"none","_seopress_titles_title":"Silicone Molds With Lobster Cutter For Unique Baking","_seopress_titles_desc":"Perfect your seafood or dessert presentation using our silicone molds, lobster cutter, and press. Creative baking starts with the right tools.","_seopress_robots_index":"","wprm-recipe-roundup-name":"","wprm-recipe-roundup-description":""},"product_brand":[],"product_cat":[91,104,136],"product_tag":[],"class_list":{"0":"post-12147","1":"product","2":"type-product","3":"status-publish","4":"has-post-thumbnail","6":"product_cat-silicone-molds","7":"product_cat-silicone-molds-3d","8":"product_cat-tartelette-silicone-molds","9":"product-type-simple","10":"tm-no-options","12":"first","13":"instock","14":"featured","15":"taxable","16":"shipping-taxable","17":"purchasable"},"acf":[],"_links":{"self":[{"href":"https:\/\/nordic-chefs.com\/fr\/wp-json\/wp\/v2\/product\/12147","targetHints":{"allow":["GET"]}}],"collection":[{"href":"https:\/\/nordic-chefs.com\/fr\/wp-json\/wp\/v2\/product"}],"about":[{"href":"https:\/\/nordic-chefs.com\/fr\/wp-json\/wp\/v2\/types\/product"}],"version-history":[{"count":1,"href":"https:\/\/nordic-chefs.com\/fr\/wp-json\/wp\/v2\/product\/12147\/revisions"}],"predecessor-version":[{"id":20354,"href":"https:\/\/nordic-chefs.com\/fr\/wp-json\/wp\/v2\/product\/12147\/revisions\/20354"}],"wp:featuredmedia":[{"embeddable":true,"href":"https:\/\/nordic-chefs.com\/fr\/wp-json\/wp\/v2\/media\/14866"}],"wp:attachment":[{"href":"https:\/\/nordic-chefs.com\/fr\/wp-json\/wp\/v2\/media?parent=12147"}],"wp:term":[{"taxonomy":"product_brand","embeddable":true,"href":"https:\/\/nordic-chefs.com\/fr\/wp-json\/wp\/v2\/product_brand?post=12147"},{"taxonomy":"product_cat","embeddable":true,"href":"https:\/\/nordic-chefs.com\/fr\/wp-json\/wp\/v2\/product_cat?post=12147"},{"taxonomy":"product_tag","embeddable":true,"href":"https:\/\/nordic-chefs.com\/fr\/wp-json\/wp\/v2\/product_tag?post=12147"}],"curies":[{"name":"wp","href":"https:\/\/api.w.org\/{rel}","templated":true}]}}