{"id":12268,"date":"2025-02-25T12:30:25","date_gmt":"2025-02-25T10:30:25","guid":{"rendered":"https:\/\/nordic-chefs.com\/?post_type=product&#038;p=12268"},"modified":"2026-03-03T16:46:04","modified_gmt":"2026-03-03T14:46:04","slug":"fivemount","status":"publish","type":"product","link":"https:\/\/nordic-chefs.com\/fr\/shop\/fivemount\/","title":{"rendered":"FiveMount"},"content":{"rendered":"<p>Voici l'accessoire FiveMount - l'outil ultime du chef pour cr\u00e9er des cro\u00fbtes de tartelettes frites. Ce support est fabriqu\u00e9 en acier inoxydable de haute qualit\u00e9, ce qui le rend durable, facile \u00e0 nettoyer et l\u00e9ger pour les chefs qui l'utilisent quotidiennement.<\/p>\n<p>Dot\u00e9 d'un syst\u00e8me \u00e0 cinq montures, il vous permet de produire simultan\u00e9ment cinq croustades, maximisant ainsi l'efficacit\u00e9. Avec des moules faciles \u00e0 changer, vous savez qu'avec Pie Tee et Kueh Pie Tee, les possibilit\u00e9s sont infinies.<\/p>\n<p>1 x Fivemount<\/p>\n<p><strong>Acheter la poign\u00e9e s\u00e9par\u00e9ment<\/strong><\/p>\n<p>&nbsp;<\/p>","protected":false},"excerpt":{"rendered":"<p style=\"text-align: left\">Voici l'accessoire FiveMount - l'outil ultime du chef pour cr\u00e9er des cro\u00fbtes de tartelettes frites. Ce support est fabriqu\u00e9 en acier inoxydable de haute qualit\u00e9, ce qui le rend durable, facile \u00e0 nettoyer et l\u00e9ger pour les chefs qui l'utilisent quotidiennement.<\/p>\n<p style=\"text-align: left\">Dot\u00e9 d'un syst\u00e8me \u00e0 cinq montures, il vous permet de produire simultan\u00e9ment cinq croustades, maximisant ainsi l'efficacit\u00e9. Avec des moules faciles \u00e0 changer, vous savez qu'avec Pie Tee et Kueh Pie Tee, les possibilit\u00e9s sont infinies.<\/p>\n<p style=\"text-align: left\">1 x Fivemount<\/p>\n<p style=\"text-align: left\"><strong>Acheter la poign\u00e9e s\u00e9par\u00e9ment<\/strong><\/p>\n<p style=\"text-align: left\">","protected":false},"featured_media":12099,"template":"","meta":{"_acf_changed":false,"_seopress_robots_primary_cat":"none","_seopress_titles_title":"FiveMount attachement for croustade making 5x times as fast","_seopress_titles_desc":"Create 5 crispy snacks in no time with our FiveMount attachement. Choose your handle and your molds and you can start creating fried tarts in no time!","_seopress_robots_index":"","wprm-recipe-roundup-name":"","wprm-recipe-roundup-description":""},"product_brand":[],"product_cat":[152,170,167],"product_tag":[],"class_list":{"0":"post-12268","1":"product","2":"type-product","3":"status-publish","4":"has-post-thumbnail","6":"product_cat-croustade-iron-and-rosette-iron","7":"product_cat-fivemount-croustade-iron","8":"product_cat-single-iron","9":"product-type-simple","10":"tm-no-options","12":"first","13":"instock","14":"taxable","15":"shipping-taxable","16":"purchasable"},"acf":[],"_links":{"self":[{"href":"https:\/\/nordic-chefs.com\/fr\/wp-json\/wp\/v2\/product\/12268","targetHints":{"allow":["GET"]}}],"collection":[{"href":"https:\/\/nordic-chefs.com\/fr\/wp-json\/wp\/v2\/product"}],"about":[{"href":"https:\/\/nordic-chefs.com\/fr\/wp-json\/wp\/v2\/types\/product"}],"version-history":[{"count":1,"href":"https:\/\/nordic-chefs.com\/fr\/wp-json\/wp\/v2\/product\/12268\/revisions"}],"predecessor-version":[{"id":19519,"href":"https:\/\/nordic-chefs.com\/fr\/wp-json\/wp\/v2\/product\/12268\/revisions\/19519"}],"wp:featuredmedia":[{"embeddable":true,"href":"https:\/\/nordic-chefs.com\/fr\/wp-json\/wp\/v2\/media\/12099"}],"wp:attachment":[{"href":"https:\/\/nordic-chefs.com\/fr\/wp-json\/wp\/v2\/media?parent=12268"}],"wp:term":[{"taxonomy":"product_brand","embeddable":true,"href":"https:\/\/nordic-chefs.com\/fr\/wp-json\/wp\/v2\/product_brand?post=12268"},{"taxonomy":"product_cat","embeddable":true,"href":"https:\/\/nordic-chefs.com\/fr\/wp-json\/wp\/v2\/product_cat?post=12268"},{"taxonomy":"product_tag","embeddable":true,"href":"https:\/\/nordic-chefs.com\/fr\/wp-json\/wp\/v2\/product_tag?post=12268"}],"curies":[{"name":"wp","href":"https:\/\/api.w.org\/{rel}","templated":true}]}}