{"id":1232,"date":"2023-06-15T17:38:48","date_gmt":"2023-06-15T15:38:48","guid":{"rendered":"https:\/\/nordic-chefs.gullevdesigns.studio\/?post_type=product&#038;p=1232"},"modified":"2026-05-10T15:05:59","modified_gmt":"2026-05-10T13:05:59","slug":"couteau-de-chef-nordique-21cm","status":"publish","type":"product","link":"https:\/\/nordic-chefs.com\/fr\/shop\/nordic-chefs-chefs-knife-21cm\/","title":{"rendered":"Nordic Chefs - Couteau de chef 20 cm"},"content":{"rendered":"<p><strong>Qualit\u00e9 et nettet\u00e9 sans compromis<\/strong><br \/>\nFabriqu\u00e9 en <strong>acier inoxydable allemand 1.4116<\/strong>, notre <strong>Couteau de chef 20cm<\/strong> est con\u00e7u pour vous permettre de r\u00e9aliser facilement toutes vos t\u00e2ches quotidiennes dans la cuisine. L'acier subit un traitement \u00e0 haute temp\u00e9rature, ce qui lui conf\u00e8re une duret\u00e9 de <strong>56-58 HRC<\/strong> qui conserve un bord tranchant comme une lame de rasoir. Ses <strong>Angle double biseaut\u00e9 de 15<\/strong> permet de trancher avec pr\u00e9cision et sans effort. <strong>manche ergonomique en \u00e9b\u00e8ne<\/strong> assure une bonne prise en main.<\/p>\n<p><strong>Caract\u00e9ristiques principales<\/strong><\/p>\n<ul>\n<li><strong>Acier allemand de premi\u00e8re qualit\u00e9<\/strong>: R\u00e9sistant \u00e0 la corrosion et facile \u00e0 entretenir.<\/li>\n<li><strong>R\u00e9tention exceptionnelle des ar\u00eates<\/strong>: Profitez de plusieurs mois de nettet\u00e9 avant un simple r\u00e9-aiguisage.<\/li>\n<li><strong>Poign\u00e9e ergonomique en \u00e9b\u00e8ne<\/strong>: Conception \u00e9quilibr\u00e9e pour les cuisiniers professionnels ou amateurs.<\/li>\n<li><strong>Une performance polyvalente<\/strong>: Id\u00e9al pour les l\u00e9gumes, les viandes, etc.<\/li>\n<\/ul>\n<blockquote><p>\"La qualit\u00e9 ne doit pas n\u00e9cessairement co\u00fbter une fortune. Ce sont de beaux couteaux de travail de qualit\u00e9 pour un usage quotidien.\"<\/p><\/blockquote>","protected":false},"excerpt":{"rendered":"<p style=\"text-align: center\">Le couteau de chef Nordic Chefs est un outil id\u00e9al pour les t\u00e2ches de cuisine plus importantes, telles que la pr\u00e9paration de r\u00f4tis et la d\u00e9coupe de gros l\u00e9gumes. Sa taille et son poids le rendent parfait pour ce type de travaux. Fabriqu\u00e9 en acier inoxydable allemand 1.4116, ce couteau offre une duret\u00e9 de 56-58 HRC, un design unique et un tranchant rasoir avec un angle de 15 degr\u00e9s de chaque c\u00f4t\u00e9. Il est \u00e9galement r\u00e9sistant \u00e0 la rouille et \u00e0 la corrosion, garantissant ainsi une long\u00e9vit\u00e9 et des performances fiables. Dans l'ensemble, le couteau de chef Nordic Chefs est un outil de cuisine fiable et polyvalent, id\u00e9al pour les t\u00e2ches de cuisine plus importantes.<\/p>","protected":false},"featured_media":11135,"template":"","meta":{"_acf_changed":false,"_seopress_robots_primary_cat":"none","_seopress_titles_title":"Professional & sharp Chef Knife in Premium German Steel","_seopress_titles_desc":"Elevate your cooking with our 20 cm Chef Knife. Our kitchen knife offers a perfectly balanced ebony handle for effortless slicing and dicing.","_seopress_robots_index":"","_seopress_analysis_target_kw":"","wprm-recipe-roundup-name":"","wprm-recipe-roundup-description":""},"product_brand":[],"product_cat":[15],"product_tag":[],"class_list":{"0":"post-1232","1":"product","2":"type-product","3":"status-publish","4":"has-post-thumbnail","6":"product_cat-ukategoriseret","7":"product-type-simple","8":"tm-no-options","10":"first","11":"instock","12":"taxable","13":"shipping-taxable","14":"purchasable"},"acf":[],"_links":{"self":[{"href":"https:\/\/nordic-chefs.com\/fr\/wp-json\/wp\/v2\/product\/1232","targetHints":{"allow":["GET"]}}],"collection":[{"href":"https:\/\/nordic-chefs.com\/fr\/wp-json\/wp\/v2\/product"}],"about":[{"href":"https:\/\/nordic-chefs.com\/fr\/wp-json\/wp\/v2\/types\/product"}],"version-history":[{"count":1,"href":"https:\/\/nordic-chefs.com\/fr\/wp-json\/wp\/v2\/product\/1232\/revisions"}],"predecessor-version":[{"id":19888,"href":"https:\/\/nordic-chefs.com\/fr\/wp-json\/wp\/v2\/product\/1232\/revisions\/19888"}],"wp:featuredmedia":[{"embeddable":true,"href":"https:\/\/nordic-chefs.com\/fr\/wp-json\/wp\/v2\/media\/11135"}],"wp:attachment":[{"href":"https:\/\/nordic-chefs.com\/fr\/wp-json\/wp\/v2\/media?parent=1232"}],"wp:term":[{"taxonomy":"product_brand","embeddable":true,"href":"https:\/\/nordic-chefs.com\/fr\/wp-json\/wp\/v2\/product_brand?post=1232"},{"taxonomy":"product_cat","embeddable":true,"href":"https:\/\/nordic-chefs.com\/fr\/wp-json\/wp\/v2\/product_cat?post=1232"},{"taxonomy":"product_tag","embeddable":true,"href":"https:\/\/nordic-chefs.com\/fr\/wp-json\/wp\/v2\/product_tag?post=1232"}],"curies":[{"name":"wp","href":"https:\/\/api.w.org\/{rel}","templated":true}]}}