{"id":1233,"date":"2023-06-15T15:38:49","date_gmt":"2023-06-15T15:38:49","guid":{"rendered":"https:\/\/nordic-chefs.gullevdesigns.studio\/?post_type=product&#038;p=1233"},"modified":"2026-04-04T22:36:04","modified_gmt":"2026-04-04T20:36:04","slug":"couteau-utilitaire-nordic-chefs","status":"publish","type":"product","link":"https:\/\/nordic-chefs.com\/fr\/shop\/nordic-chefs-utility-knife\/","title":{"rendered":"Nordic Chefs - Couteau utilitaire 14 cm"},"content":{"rendered":"<p><strong>Pratique et pr\u00e9cis<\/strong><br \/>\nId\u00e9al pour trancher les fruits, d\u00e9couper les viandes ou pr\u00e9parer rapidement la cuisine, le <strong>Couteau universel 14cm<\/strong> combine <strong>des performances \u00e9lev\u00e9es<\/strong> avec un design compact. Fabriqu\u00e9 en <strong>acier inoxydable allemand 1.4116<\/strong>Il conserve son tranchant pendant des mois. <strong>poign\u00e9e l\u00e9g\u00e8re en \u00e9b\u00e8ne<\/strong> vous donne un contr\u00f4le total. Que vous exploriez de nouvelles <strong>types de couteaux de chef<\/strong> ou simplement besoin d'un <strong>couteau de chef utilitaire<\/strong> pour un usage quotidien, celui-ci fait parfaitement l'affaire.<\/p>\n<p><strong>Caract\u00e9ristiques principales<\/strong><\/p>\n<ul>\n<li><strong>Polyvalence compacte<\/strong>: Taille pratique pour les travaux de pr\u00e9paration d\u00e9taill\u00e9s.<\/li>\n<li><strong>Acier haut de gamme<\/strong>: Durable et r\u00e9sistant \u00e0 la rouille.<\/li>\n<li><strong>Poign\u00e9e ergonomique en \u00e9b\u00e8ne<\/strong>: Prise en main s\u00fbre pour une coupe de pr\u00e9cision.<\/li>\n<li><strong>Facile \u00e0 entretenir<\/strong>: Un simple lavage \u00e0 la main lui permet de conserver son aspect et ses performances.<\/li>\n<\/ul>\n<blockquote><p>\"Que vous soyez un professionnel ou un cuisinier amateur, ces couteaux vous accompagneront parfaitement.<\/p><\/blockquote>","protected":false},"excerpt":{"rendered":"<p><strong>Pratique et pr\u00e9cis<\/strong><br \/>\nId\u00e9al pour trancher les fruits, d\u00e9couper les viandes ou pr\u00e9parer rapidement la cuisine, le <strong>Couteau universel 14cm<\/strong> combine <strong>des performances \u00e9lev\u00e9es<\/strong> avec un design compact. Fabriqu\u00e9 en <strong>acier inoxydable allemand 1.4116<\/strong>Il conserve son tranchant pendant des mois. <strong>poign\u00e9e l\u00e9g\u00e8re en \u00e9b\u00e8ne<\/strong> vous donne un contr\u00f4le total. Que vous exploriez de nouvelles <strong>types de couteaux de chef<\/strong> ou simplement besoin d'un <strong>couteau de chef utilitaire<\/strong> pour un usage quotidien, celui-ci fait parfaitement l'affaire.<\/p>\n<p><strong>Caract\u00e9ristiques principales<\/strong><\/p>\n<ul>\n<li><strong>Polyvalence compacte<\/strong>: Taille pratique pour les travaux de pr\u00e9paration d\u00e9taill\u00e9s.<\/li>\n<li><strong>Acier haut de gamme<\/strong>: Durable et r\u00e9sistant \u00e0 la rouille.<\/li>\n<li><strong>Poign\u00e9e ergonomique en \u00e9b\u00e8ne<\/strong>: Prise en main s\u00fbre pour une coupe de pr\u00e9cision.<\/li>\n<li><strong>Facile \u00e0 entretenir<\/strong>: Un simple lavage \u00e0 la main lui permet de conserver son aspect et ses performances.<\/li>\n<\/ul>\n<blockquote><p>\"Que vous soyez un professionnel ou un cuisinier amateur, ces couteaux vous accompagneront parfaitement.<\/p><\/blockquote>","protected":false},"featured_media":11136,"template":"","meta":{"_acf_changed":false,"_seopress_robots_primary_cat":"none","_seopress_titles_title":"Nordic Chefs 14cm Utility Knife a precise tool for all chefs","_seopress_titles_desc":"Handles mall kitchen tasks with ease using the 14 cm utility Knife. Made from German 1.4116 steel, its perfect in any kitchen, for chefs and home chefs","_seopress_robots_index":"","wprm-recipe-roundup-name":"","wprm-recipe-roundup-description":""},"product_brand":[],"product_cat":[15],"product_tag":[],"class_list":{"0":"post-1233","1":"product","2":"type-product","3":"status-publish","4":"has-post-thumbnail","6":"product_cat-ukategoriseret","7":"product-type-simple","8":"tm-no-options","10":"first","11":"instock","12":"taxable","13":"shipping-taxable","14":"purchasable"},"acf":[],"_links":{"self":[{"href":"https:\/\/nordic-chefs.com\/fr\/wp-json\/wp\/v2\/product\/1233","targetHints":{"allow":["GET"]}}],"collection":[{"href":"https:\/\/nordic-chefs.com\/fr\/wp-json\/wp\/v2\/product"}],"about":[{"href":"https:\/\/nordic-chefs.com\/fr\/wp-json\/wp\/v2\/types\/product"}],"version-history":[{"count":0,"href":"https:\/\/nordic-chefs.com\/fr\/wp-json\/wp\/v2\/product\/1233\/revisions"}],"wp:featuredmedia":[{"embeddable":true,"href":"https:\/\/nordic-chefs.com\/fr\/wp-json\/wp\/v2\/media\/11136"}],"wp:attachment":[{"href":"https:\/\/nordic-chefs.com\/fr\/wp-json\/wp\/v2\/media?parent=1233"}],"wp:term":[{"taxonomy":"product_brand","embeddable":true,"href":"https:\/\/nordic-chefs.com\/fr\/wp-json\/wp\/v2\/product_brand?post=1233"},{"taxonomy":"product_cat","embeddable":true,"href":"https:\/\/nordic-chefs.com\/fr\/wp-json\/wp\/v2\/product_cat?post=1233"},{"taxonomy":"product_tag","embeddable":true,"href":"https:\/\/nordic-chefs.com\/fr\/wp-json\/wp\/v2\/product_tag?post=1233"}],"curies":[{"name":"wp","href":"https:\/\/api.w.org\/{rel}","templated":true}]}}