{"id":1242,"date":"2023-06-15T15:38:49","date_gmt":"2023-06-15T15:38:49","guid":{"rendered":"https:\/\/nordic-chefs.gullevdesigns.studio\/?post_type=product&#038;p=1242"},"modified":"2025-08-18T15:47:14","modified_gmt":"2025-08-18T13:47:14","slug":"quenelle-cuillere-curvey-l","status":"publish","type":"product","link":"https:\/\/nordic-chefs.com\/fr\/shop\/quenelle-spoon-curvey-l\/","title":{"rendered":"Cuill\u00e8re Quenelle Curvey L - Noir de jais"},"content":{"rendered":"<p>Plongez dans la sophistication et la fonctionnalit\u00e9 avec la cuill\u00e8re \u00e0 quenelle Curvey Handle Rocher, mesurant 20 cm de long. Cette cuill\u00e8re \u00e0 quenelle est fabriqu\u00e9e en acier inoxydable de haute qualit\u00e9 et rev\u00eatue de notre couleur Jet Black.<\/p>\n<p>La cuill\u00e8re \u00e0 rocher n'est pas seulement un ajout visuellement \u00e9blouissant \u00e0 votre cuisine, mais sa forme unique est sp\u00e9cialement con\u00e7ue pour \u00e9lever vos cr\u00e9ations culinaires, vous permettant de produire de belles cuill\u00e8res \u00e0 rocher form\u00e9es qui impressionneront tout le monde \u00e0 table.<\/p>\n<p>Cette cuill\u00e8re est appr\u00e9ci\u00e9e par de nombreux chefs de l'industrie du dessert et constitue un outil indispensable pour toute cuisine visant \u00e0 atteindre l'excellence dans la pr\u00e9paration des desserts.<\/p>","protected":false},"excerpt":{"rendered":"<p>Immerse yourself in sophistication and functionality with the Curvey Handle Rocher spoon, measuring 20cm in length. This quenelle spoon is crafted from high a quality stainless steel and coated with our Jet Black color. Not only is the Rocher Spoon a visually stunning addition to your kitchen, but its unique shape is specifically designed to [&hellip;]<\/p>\n","protected":false},"featured_media":10062,"template":"","meta":{"_acf_changed":false,"_seopress_robots_primary_cat":"none","_seopress_titles_title":"Quenelle Spoon curvey - for perfect quenelle scoops","_seopress_titles_desc":"Improve your chef skills with our 20cm quenelle spoon made from top-grade stainless steel. Its jet black finish adds elegance to every scoop.","_seopress_robots_index":"","wprm-recipe-roundup-name":"","wprm-recipe-roundup-description":""},"product_brand":[],"product_cat":[22],"product_tag":[],"class_list":{"0":"post-1242","1":"product","2":"type-product","3":"status-publish","4":"has-post-thumbnail","6":"product_cat-quenelle-spoon","7":"product-type-simple","8":"tm-no-options","10":"first","11":"instock","12":"taxable","13":"shipping-taxable","14":"purchasable"},"acf":[],"_links":{"self":[{"href":"https:\/\/nordic-chefs.com\/fr\/wp-json\/wp\/v2\/product\/1242","targetHints":{"allow":["GET"]}}],"collection":[{"href":"https:\/\/nordic-chefs.com\/fr\/wp-json\/wp\/v2\/product"}],"about":[{"href":"https:\/\/nordic-chefs.com\/fr\/wp-json\/wp\/v2\/types\/product"}],"version-history":[{"count":0,"href":"https:\/\/nordic-chefs.com\/fr\/wp-json\/wp\/v2\/product\/1242\/revisions"}],"wp:featuredmedia":[{"embeddable":true,"href":"https:\/\/nordic-chefs.com\/fr\/wp-json\/wp\/v2\/media\/10062"}],"wp:attachment":[{"href":"https:\/\/nordic-chefs.com\/fr\/wp-json\/wp\/v2\/media?parent=1242"}],"wp:term":[{"taxonomy":"product_brand","embeddable":true,"href":"https:\/\/nordic-chefs.com\/fr\/wp-json\/wp\/v2\/product_brand?post=1242"},{"taxonomy":"product_cat","embeddable":true,"href":"https:\/\/nordic-chefs.com\/fr\/wp-json\/wp\/v2\/product_cat?post=1242"},{"taxonomy":"product_tag","embeddable":true,"href":"https:\/\/nordic-chefs.com\/fr\/wp-json\/wp\/v2\/product_tag?post=1242"}],"curies":[{"name":"wp","href":"https:\/\/api.w.org\/{rel}","templated":true}]}}