{"id":1259,"date":"2023-06-15T15:38:50","date_gmt":"2023-06-15T15:38:50","guid":{"rendered":"https:\/\/nordic-chefs.gullevdesigns.studio\/?post_type=product&#038;p=1259"},"modified":"2025-12-08T08:11:02","modified_gmt":"2025-12-08T06:11:02","slug":"quenelle-spoon-tecture-l","status":"publish","type":"product","link":"https:\/\/nordic-chefs.com\/fr\/shop\/quenelle-spoon-tecture-l\/","title":{"rendered":"Cuill\u00e8re Quenelle Texture L - Noir de jais"},"content":{"rendered":"<p>Notre cuill\u00e8re \u00e0 quenelle populaire est fabriqu\u00e9e en acier inoxydable de haute qualit\u00e9 et recouverte d'un rev\u00eatement noir.<\/p>\n<p>La cuill\u00e8re \u00e0 quenelle\/rocher se distingue par sa forme unique, con\u00e7ue pour vous aider \u00e0 cr\u00e9er la cuill\u00e8re \u00e0 rocher ou \u00e0 quenelle parfaite \u00e0 chaque fois. Que vous soyez un chef professionnel ou un cuisinier amateur, cette cuill\u00e8re vous permettra de passer \u00e0 la vitesse sup\u00e9rieure en mati\u00e8re de desserts !<\/p>\n<p>Mais ne vous contentez pas de nous croire sur parole : essayez-la vous-m\u00eame et constatez la diff\u00e9rence. Vous serez surpris par la forme et la texture parfaites de vos roches, rendues possibles par la conception sp\u00e9ciale de la cuill\u00e8re.<\/p>\n<p>Am\u00e9liorez vos outils de cuisine avec notre cuill\u00e8re \u00e0 dessert et commencez \u00e0 cr\u00e9er des desserts aussi beaux que d\u00e9licieux.<\/p>\n<p>Avez-vous vu notre <a href=\"https:\/\/nordic-chefs.com\/fr\/boutique\/ustensiles-de-cuisine\/cuillere-a-quenelle\/quenellespoonkit\/\">kit quenelle ?<\/a><\/p>","protected":false},"excerpt":{"rendered":"<p>Our popular quenelle Spoon is made from high quality stainless steel with our jet black coating. What sets the Quenelle\/ Rocher Spoon apart is its unique shape, which has been made to help you create the perfect rocher or quenelle scoop every time. Whether you&#8217;re a professional chef or a home cook, this spoon will [&hellip;]<\/p>\n","protected":false},"featured_media":10050,"template":"","meta":{"_acf_changed":false,"_seopress_robots_primary_cat":"none","_seopress_titles_title":"Quenelle spoon 20cm texture handle by Nordic Chefs","_seopress_titles_desc":"Create stunning desserts with our Rocher Spoon used by professionals world wide! \r\nMade for Chefs","_seopress_robots_index":"","wprm-recipe-roundup-name":"","wprm-recipe-roundup-description":""},"product_brand":[],"product_cat":[22],"product_tag":[],"class_list":{"0":"post-1259","1":"product","2":"type-product","3":"status-publish","4":"has-post-thumbnail","6":"product_cat-quenelle-spoon","7":"product-type-simple","8":"tm-no-options","10":"first","11":"onbackorder","12":"taxable","13":"shipping-taxable","14":"purchasable"},"acf":[],"_links":{"self":[{"href":"https:\/\/nordic-chefs.com\/fr\/wp-json\/wp\/v2\/product\/1259","targetHints":{"allow":["GET"]}}],"collection":[{"href":"https:\/\/nordic-chefs.com\/fr\/wp-json\/wp\/v2\/product"}],"about":[{"href":"https:\/\/nordic-chefs.com\/fr\/wp-json\/wp\/v2\/types\/product"}],"version-history":[{"count":0,"href":"https:\/\/nordic-chefs.com\/fr\/wp-json\/wp\/v2\/product\/1259\/revisions"}],"wp:featuredmedia":[{"embeddable":true,"href":"https:\/\/nordic-chefs.com\/fr\/wp-json\/wp\/v2\/media\/10050"}],"wp:attachment":[{"href":"https:\/\/nordic-chefs.com\/fr\/wp-json\/wp\/v2\/media?parent=1259"}],"wp:term":[{"taxonomy":"product_brand","embeddable":true,"href":"https:\/\/nordic-chefs.com\/fr\/wp-json\/wp\/v2\/product_brand?post=1259"},{"taxonomy":"product_cat","embeddable":true,"href":"https:\/\/nordic-chefs.com\/fr\/wp-json\/wp\/v2\/product_cat?post=1259"},{"taxonomy":"product_tag","embeddable":true,"href":"https:\/\/nordic-chefs.com\/fr\/wp-json\/wp\/v2\/product_tag?post=1259"}],"curies":[{"name":"wp","href":"https:\/\/api.w.org\/{rel}","templated":true}]}}