{"id":1260,"date":"2023-06-15T17:38:50","date_gmt":"2023-06-15T15:38:50","guid":{"rendered":"https:\/\/nordic-chefs.gullevdesigns.studio\/?post_type=product&#038;p=1260"},"modified":"2026-04-17T20:42:41","modified_gmt":"2026-04-17T18:42:41","slug":"kit-cuillere-a-quenelle","status":"publish","type":"product","link":"https:\/\/nordic-chefs.com\/fr\/shop\/quenelle-spoon-kit\/","title":{"rendered":"Kit cuill\u00e8re Quenelle - Manche Curvey, Noir de jais"},"content":{"rendered":"<p>Notre cuill\u00e8re \u00e0 quenelle ou \u00e0 rocher \u00e0 manche incurv\u00e9 est fabriqu\u00e9e en acier inoxydable de la plus haute qualit\u00e9 et d'une couleur noire de jais.<\/p>\n<p>La quenelle Spoons n'est pas seulement belle, sa forme sp\u00e9ciale vous aidera \u00e0 produire quelques-unes des meilleures cuill\u00e8res \u00e0 rocher pour votre assiette.<\/p>\n<p>Cet ensemble comprend<br \/>\nCurvey quenelle Cuill\u00e8re 20cm - Noir de jais<br \/>\nCurvey quenelle Cuill\u00e8re 14cm - Noir de jais<\/p>\n<p>&nbsp;<\/p>\n<p>Se marie bien avec notre <a href=\"https:\/\/nordic-chefs.com\/fr\/tweezers\/?srsltid=AfmBOoqL59WoUoZagqbLJ43CKfQ_nq6KYH_ZZ0qYIAEKytG25OpjFxKy\">Pince de cuisine<\/a> pour une utilisation optimale !<\/p>","protected":false},"excerpt":{"rendered":"<p>Our Curvey Handle Quenelle or rocher spoon is made of the finest stainless steel with a jet black color The quenelle Spoons is not only beautiful, its special shape will help you produce some of the best rocher scoops for your plate This set includes Curvey quenelle Spoon 20cm \u2013 Jet Black Curvey quenelle Spoon [&hellip;]<\/p>\n","protected":false},"featured_media":10227,"template":"","meta":{"_acf_changed":false,"_seopress_robots_primary_cat":"none","_seopress_titles_title":"Quenelle spoon Kit - Curvey Handle a great pastry tool","_seopress_titles_desc":"Create quenelle-shapes or rocher with our chef spoons made for professional kitchens and fits as a perfect pastry chefs tool. Made for professionals","_seopress_robots_index":"","wprm-recipe-roundup-name":"","wprm-recipe-roundup-description":""},"product_brand":[],"product_cat":[105,22],"product_tag":[],"class_list":{"0":"post-1260","1":"product","2":"type-product","3":"status-publish","4":"has-post-thumbnail","6":"product_cat-kitchen-utensils","7":"product_cat-quenelle-spoon","8":"product-type-simple","9":"tm-no-options","11":"first","12":"onbackorder","13":"taxable","14":"shipping-taxable","15":"purchasable"},"acf":[],"_links":{"self":[{"href":"https:\/\/nordic-chefs.com\/fr\/wp-json\/wp\/v2\/product\/1260","targetHints":{"allow":["GET"]}}],"collection":[{"href":"https:\/\/nordic-chefs.com\/fr\/wp-json\/wp\/v2\/product"}],"about":[{"href":"https:\/\/nordic-chefs.com\/fr\/wp-json\/wp\/v2\/types\/product"}],"version-history":[{"count":0,"href":"https:\/\/nordic-chefs.com\/fr\/wp-json\/wp\/v2\/product\/1260\/revisions"}],"wp:featuredmedia":[{"embeddable":true,"href":"https:\/\/nordic-chefs.com\/fr\/wp-json\/wp\/v2\/media\/10227"}],"wp:attachment":[{"href":"https:\/\/nordic-chefs.com\/fr\/wp-json\/wp\/v2\/media?parent=1260"}],"wp:term":[{"taxonomy":"product_brand","embeddable":true,"href":"https:\/\/nordic-chefs.com\/fr\/wp-json\/wp\/v2\/product_brand?post=1260"},{"taxonomy":"product_cat","embeddable":true,"href":"https:\/\/nordic-chefs.com\/fr\/wp-json\/wp\/v2\/product_cat?post=1260"},{"taxonomy":"product_tag","embeddable":true,"href":"https:\/\/nordic-chefs.com\/fr\/wp-json\/wp\/v2\/product_tag?post=1260"}],"curies":[{"name":"wp","href":"https:\/\/api.w.org\/{rel}","templated":true}]}}