{"id":1283,"date":"2023-06-15T17:39:04","date_gmt":"2023-06-15T15:39:04","guid":{"rendered":"https:\/\/nordic-chefs.gullevdesigns.studio\/?post_type=product&#038;p=1283"},"modified":"2026-04-20T09:34:05","modified_gmt":"2026-04-20T07:34:05","slug":"cuillere-de-spherification","status":"publish","type":"product","link":"https:\/\/nordic-chefs.com\/fr\/shop\/spherification-spoon\/","title":{"rendered":"Cuill\u00e8re \u00e0 sph\u00e9rification - Noir de jais"},"content":{"rendered":"<p>Notre cuill\u00e8re en acier inoxydable a \u00e9t\u00e9 con\u00e7ue pour manipuler le d\u00e9licat \"caviar\" sph\u00e9rifi\u00e9 ou tout autre type d'aliment qui doit \u00eatre tamis\u00e9, tout en \u00e9tant capable de se d\u00e9placer rapidement. Elle est fabriqu\u00e9e en acier inoxydable de haute qualit\u00e9 et rev\u00eatue de notre couleur noir de jais. Cette cuill\u00e8re permet de transf\u00e9rer en douceur les liquides sph\u00e9rifi\u00e9s, sans nuire \u00e0 leur structure d\u00e9licate.<\/p>\n<p>Avec la cuill\u00e8re de chef, vous pouvez manipuler en toute confiance des liquides sph\u00e9rifi\u00e9s sans craindre de les endommager, ce qui en fait un outil essentiel pour toute cuisine visant \u00e0 atteindre l'excellence dans le domaine de la gastronomie mol\u00e9culaire.<\/p>\n<p>Il s'associe parfaitement \u00e0 notre <a href=\"https:\/\/nordic-chefs.com\/fr\/boutique\/tweezers\/kits-de-pincettes\/nordic-chefs-full-chefs-utensils-kit-w-teeth\/\">Pince de cuisine<\/a><\/p>","protected":false},"excerpt":{"rendered":"<p>Notre cuill\u00e8re en acier inoxydable a \u00e9t\u00e9 con\u00e7ue pour manipuler le d\u00e9licat \"caviar\" sph\u00e9rifi\u00e9 ou tout autre type d'aliment qui doit \u00eatre tamis\u00e9, tout en \u00e9tant capable de se d\u00e9placer rapidement. Elle est fabriqu\u00e9e en acier inoxydable de haute qualit\u00e9 et rev\u00eatue de notre couleur noir de jais. Cette cuill\u00e8re permet de transf\u00e9rer en douceur les liquides sph\u00e9rifi\u00e9s, sans nuire \u00e0 leur structure d\u00e9licate.<\/p>","protected":false},"featured_media":10058,"template":"","meta":{"_acf_changed":false,"_seopress_robots_primary_cat":"none","_seopress_titles_title":"Spherification Spoon for molecular gastronomy for Chefs","_seopress_titles_desc":"Handle delicate spherified liquids perfectly with our Stainless Steel Spoon. Ideal for molecular gastronomy and a great chef tool for any kitchens","_seopress_robots_index":""},"product_brand":[],"product_cat":[22],"product_tag":[],"class_list":{"0":"post-1283","1":"product","2":"type-product","3":"status-publish","4":"has-post-thumbnail","6":"product_cat-quenelle-spoon","7":"product-type-simple","8":"tm-no-options","10":"first","11":"onbackorder","12":"taxable","13":"shipping-taxable","14":"purchasable"},"acf":[],"_links":{"self":[{"href":"https:\/\/nordic-chefs.com\/fr\/wp-json\/wp\/v2\/product\/1283","targetHints":{"allow":["GET"]}}],"collection":[{"href":"https:\/\/nordic-chefs.com\/fr\/wp-json\/wp\/v2\/product"}],"about":[{"href":"https:\/\/nordic-chefs.com\/fr\/wp-json\/wp\/v2\/types\/product"}],"version-history":[{"count":0,"href":"https:\/\/nordic-chefs.com\/fr\/wp-json\/wp\/v2\/product\/1283\/revisions"}],"wp:featuredmedia":[{"embeddable":true,"href":"https:\/\/nordic-chefs.com\/fr\/wp-json\/wp\/v2\/media\/10058"}],"wp:attachment":[{"href":"https:\/\/nordic-chefs.com\/fr\/wp-json\/wp\/v2\/media?parent=1283"}],"wp:term":[{"taxonomy":"product_brand","embeddable":true,"href":"https:\/\/nordic-chefs.com\/fr\/wp-json\/wp\/v2\/product_brand?post=1283"},{"taxonomy":"product_cat","embeddable":true,"href":"https:\/\/nordic-chefs.com\/fr\/wp-json\/wp\/v2\/product_cat?post=1283"},{"taxonomy":"product_tag","embeddable":true,"href":"https:\/\/nordic-chefs.com\/fr\/wp-json\/wp\/v2\/product_tag?post=1283"}],"curies":[{"name":"wp","href":"https:\/\/api.w.org\/{rel}","templated":true}]}}