{"id":1295,"date":"2023-06-15T17:39:05","date_gmt":"2023-06-15T15:39:05","guid":{"rendered":"https:\/\/nordic-chefs.gullevdesigns.studio\/?post_type=product&#038;p=1295"},"modified":"2026-01-12T23:23:38","modified_gmt":"2026-01-12T21:23:38","slug":"croustade-poignee-unique-en-fer","status":"publish","type":"product","link":"https:\/\/nordic-chefs.com\/fr\/shop\/croustade-iron-single-handle\/","title":{"rendered":"Croustade Iron - Poign\u00e9e unique"},"content":{"rendered":"<p class=\"p1\">Cr\u00e9ez de d\u00e9licieux snacks croustillants avec notre moule \u00e0 tarte d'inspiration asiatique. Notre moule \u00e0 croustade chauffe uniform\u00e9ment, garantissant des r\u00e9sultats constants \u00e0 chaque fois. Que vous soyez inspir\u00e9 par les snacks asiatiques remplis d'umami, les mini-tartes traditionnelles ou les snacks sucr\u00e9s en g\u00e9n\u00e9ral, cette croustade polyvalente est faite pour vous. Cr\u00e9\u00e9e pour les chefs, elle est facile \u00e0 nettoyer et con\u00e7ue pour durer, ce qui en fait l'outil de cuisine id\u00e9al pour les chefs professionnels et les cuisiniers amateurs.<\/p>","protected":false},"excerpt":{"rendered":"<p class=\"p1\">Nordic Chefs croustade iron is known professional kitchen tool for creating mini tart shells. It is used worldwide and is created with the chefs in mind \u2013 It is easy to clean, lightweight &amp; has an ergonomic design with changeable molds for creating versatile gourmet snacks!<\/p>","protected":false},"featured_media":13866,"template":"","meta":{"_acf_changed":false,"_seopress_robots_primary_cat":"none","_seopress_titles_title":"krustade jern - single perfekt til hjemmelavet krustader","_seopress_titles_desc":"Skab l\u00e6kre snacks med vores forskellige croustadeforme - skabt til at lave snacks i professionelle k\u00f8kkener eller i hjemmet.","_seopress_robots_index":""},"product_brand":[],"product_cat":[152,167],"product_tag":[],"class_list":{"0":"post-1295","1":"product","2":"type-product","3":"status-publish","4":"has-post-thumbnail","6":"product_cat-croustade-iron-and-rosette-iron","7":"product_cat-single-iron","8":"product-type-variable","9":"tm-no-options","11":"first","12":"instock","13":"taxable","14":"shipping-taxable","15":"purchasable","17":"has-default-attributes"},"acf":[],"_links":{"self":[{"href":"https:\/\/nordic-chefs.com\/fr\/wp-json\/wp\/v2\/product\/1295","targetHints":{"allow":["GET"]}}],"collection":[{"href":"https:\/\/nordic-chefs.com\/fr\/wp-json\/wp\/v2\/product"}],"about":[{"href":"https:\/\/nordic-chefs.com\/fr\/wp-json\/wp\/v2\/types\/product"}],"version-history":[{"count":0,"href":"https:\/\/nordic-chefs.com\/fr\/wp-json\/wp\/v2\/product\/1295\/revisions"}],"wp:featuredmedia":[{"embeddable":true,"href":"https:\/\/nordic-chefs.com\/fr\/wp-json\/wp\/v2\/media\/13866"}],"wp:attachment":[{"href":"https:\/\/nordic-chefs.com\/fr\/wp-json\/wp\/v2\/media?parent=1295"}],"wp:term":[{"taxonomy":"product_brand","embeddable":true,"href":"https:\/\/nordic-chefs.com\/fr\/wp-json\/wp\/v2\/product_brand?post=1295"},{"taxonomy":"product_cat","embeddable":true,"href":"https:\/\/nordic-chefs.com\/fr\/wp-json\/wp\/v2\/product_cat?post=1295"},{"taxonomy":"product_tag","embeddable":true,"href":"https:\/\/nordic-chefs.com\/fr\/wp-json\/wp\/v2\/product_tag?post=1295"}],"curies":[{"name":"wp","href":"https:\/\/api.w.org\/{rel}","templated":true}]}}